{"id":228,"date":"2025-05-07T15:27:22","date_gmt":"2025-05-07T15:27:22","guid":{"rendered":"https:\/\/greenlebanon.store\/?page_id=228"},"modified":"2025-05-29T09:42:28","modified_gmt":"2025-05-29T09:42:28","slug":"about-us","status":"publish","type":"page","link":"https:\/\/greenlebanon.store\/en\/about-us\/","title":{"rendered":"About us"},"content":{"rendered":"<p>[et_pb_section fb_built=\u00bb1&#8243; _builder_version=\u00bb4.27.4&#8243; _module_preset=\u00bbdefault\u00bb global_colors_info=\u00bb{}\u00bb][et_pb_row _builder_version=\u00bb4.27.4&#8243; _module_preset=\u00bbdefault\u00bb column_structure=\u00bb1_2,1_2&#8243; make_equal=\u00bbon\u00bb hover_enabled=\u00bb0&#8243; sticky_enabled=\u00bb0&#8243;][et_pb_column _builder_version=\u00bb4.27.4&#8243; _module_preset=\u00bbdefault\u00bb type=\u00bb1_2&#8243;][et_pb_heading title=\u00bbSobre nosotros\u00bb _builder_version=\u00bb4.27.4&#8243; _module_preset=\u00bbc33f07d9-41e0-421a-8799-5799df695cce\u00bb title_level=\u00bbh2&#8243; title_font=\u00bbCormorant Garamond|Cormorant Garamond_weight|||||||\u00bb title_text_align=\u00bbleft\u00bb title_text_color=\u00bb#000000&#8243; title_font_size=\u00bb50px\u00bb title_line_height=\u00bb1.2em\u00bb custom_margin=\u00bb||10px||false|false\u00bb hover_enabled=\u00bb0&#8243; title_font_size_tablet=\u00bb28px\u00bb title_font_size_phone=\u00bb20px\u00bb title_font_size_last_edited=\u00bbon|phone\u00bb locked=\u00bboff\u00bb global_colors_info=\u00bb{}\u00bb sticky_enabled=\u00bb0&#8243;][\/et_pb_heading][et_pb_text _builder_version=\u00bb4.27.4&#8243; _module_preset=\u00bbdefault\u00bb hover_enabled=\u00bb0&#8243; sticky_enabled=\u00bb0&#8243;]En Green Lebanon.store, nos enorgullece ser tu tienda online de confianza para productos aut\u00e9nticos del L\u00edbano y del Medio Oriente. Con sede en Barcelona desde 1997, nos especializamos en la importaci\u00f3n y distribuci\u00f3n de m\u00e1s de 200 productos de alta calidad, procedentes directamente del L\u00edbano y de otros pa\u00edses de la regi\u00f3n, incluyendo marcas exclusivas dif\u00edciles de encontrar en otros lugares.<\/p>\n<p>Our carefully curated selection celebrates the rich culinary heritage of the Levant. As exclusive distributors of several renowned Lebanese brands, we guarantee authenticity, quality, and consistency in each of our products.<\/p>\n<p>Thanks to a solid logistics network, we offer fast and reliable deliveries while keeping highly competitive shipping rates. Prefer to handle the pickup yourself? We adapt to your needs \u2014 flexibility is part of our commitment.<\/p>\n<p>Whether you are a chef, a retailer, or simply a Middle Eastern food lover, Green Lebanon.store is your trusted source for exceptional flavor, tradition, and professional service.<br \/>\n[\/et_pb_text][\/et_pb_column][et_pb_column _builder_version=\u00bb4.27.4&#8243; _module_preset=\u00bbdefault\u00bb type=\u00bb1_2&#8243; title_text=\u00bbGreen-Lebanon-hummus\u00bb background_image=\u00bbhttps:\/\/greenlebanon.store\/wp-content\/uploads\/2025\/05\/Green-Lebanon-hummus-1.jpg\u00bb hover_enabled=\u00bb0&#8243; sticky_enabled=\u00bb0&#8243; disabled_on=\u00bbon|on|off\u00bb][\/et_pb_column][\/et_pb_row][\/et_pb_section]<\/p>","protected":false},"excerpt":{"rendered":"<p>En Green Lebanon.store, nos enorgullece ser tu tienda online de confianza para productos aut\u00e9nticos del L\u00edbano y del Medio Oriente. Con sede en Barcelona desde 1997, nos especializamos en la importaci\u00f3n y distribuci\u00f3n de m\u00e1s de 200 productos de alta calidad, procedentes directamente del L\u00edbano y de otros pa\u00edses de la regi\u00f3n, incluyendo marcas exclusivas [&hellip;]<\/p>","protected":false},"author":1,"featured_media":0,"parent":0,"menu_order":0,"comment_status":"closed","ping_status":"closed","template":"","meta":{"_et_pb_use_builder":"on","_et_pb_old_content":"<!-- wp:divi\/placeholder \/-->","_et_gb_content_width":"","footnotes":""},"class_list":["post-228","page","type-page","status-publish","hentry"],"_links":{"self":[{"href":"https:\/\/greenlebanon.store\/en\/wp-json\/wp\/v2\/pages\/228","targetHints":{"allow":["GET"]}}],"collection":[{"href":"https:\/\/greenlebanon.store\/en\/wp-json\/wp\/v2\/pages"}],"about":[{"href":"https:\/\/greenlebanon.store\/en\/wp-json\/wp\/v2\/types\/page"}],"author":[{"embeddable":true,"href":"https:\/\/greenlebanon.store\/en\/wp-json\/wp\/v2\/users\/1"}],"replies":[{"embeddable":true,"href":"https:\/\/greenlebanon.store\/en\/wp-json\/wp\/v2\/comments?post=228"}],"version-history":[{"count":4,"href":"https:\/\/greenlebanon.store\/en\/wp-json\/wp\/v2\/pages\/228\/revisions"}],"predecessor-version":[{"id":754,"href":"https:\/\/greenlebanon.store\/en\/wp-json\/wp\/v2\/pages\/228\/revisions\/754"}],"wp:attachment":[{"href":"https:\/\/greenlebanon.store\/en\/wp-json\/wp\/v2\/media?parent=228"}],"curies":[{"name":"wp","href":"https:\/\/api.w.org\/{rel}","templated":true}]}}