{"id":1031,"date":"2025-12-03T17:40:20","date_gmt":"2025-12-03T17:40:20","guid":{"rendered":"https:\/\/greenlebanon.store\/?post_type=product&#038;p=1031"},"modified":"2025-12-03T17:40:20","modified_gmt":"2025-12-03T17:40:20","slug":"especias-makanek500g","status":"publish","type":"product","link":"https:\/\/greenlebanon.store\/en\/product\/especias-makanek500g\/","title":{"rendered":"Especias Makanek,500g"},"content":{"rendered":"<p data-start=\"102\" data-end=\"415\">Las especias Makanek son una mezcla tradicional de la cocina libanesa, elaborada para dar sabor a la popular salchicha Makanek. Combinan notas c\u00e1lidas y arom\u00e1ticas como pimienta negra, canela, jengibre, clavo, nuez moscada y mahlab, creando un perfil intenso y equilibrado caracter\u00edstico de Oriente Medio.Se utilizan principalmente para sazonar salchichas elaboradas con carne de cordero, realzando su sabor y aroma. En la gastronom\u00eda libanesa, la Makanek se suele cocinar frita en aceite de oliva y servir acompa\u00f1ada de patatas y un toque de jugo de granada.Un ingrediente esencial para recrear el aut\u00e9ntico sabor liban\u00e9s en casa<\/p>","protected":false},"excerpt":{"rendered":"<p>Las especias Makanek son una mezcla tradicional de la cocina libanesa, elaborada para dar sabor a la popular salchicha Makanek. Combinan notas c\u00e1lidas y arom\u00e1ticas como pimienta negra, canela, jengibre, clavo, nuez moscada y mahlab, creando un perfil intenso y equilibrado caracter\u00edstico de Oriente Medio.Se utilizan principalmente para sazonar salchichas elaboradas con carne de cordero, realzando su sabor y aroma. En la gastronom\u00eda libanesa, la Makanek se suele cocinar frita en aceite de oliva y servir acompa\u00f1ada de patatas y un toque de jugo de granada.Un ingrediente esencial para recrear el aut\u00e9ntico sabor liban\u00e9s en casa<\/p>","protected":false},"featured_media":1032,"comment_status":"open","ping_status":"closed","template":"","meta":{"_et_pb_use_builder":"","_et_pb_old_content":"","_et_gb_content_width":""},"product_brand":[49],"product_cat":[30],"product_tag":[163],"class_list":{"0":"post-1031","1":"product","2":"type-product","3":"status-publish","4":"has-post-thumbnail","6":"product_brand-abido","7":"product_cat-especias-y-hierbas","8":"product_tag-makanek-spices","10":"first","11":"instock","12":"shipping-taxable","13":"purchasable","14":"product-type-simple"},"_links":{"self":[{"href":"https:\/\/greenlebanon.store\/en\/wp-json\/wp\/v2\/product\/1031","targetHints":{"allow":["GET"]}}],"collection":[{"href":"https:\/\/greenlebanon.store\/en\/wp-json\/wp\/v2\/product"}],"about":[{"href":"https:\/\/greenlebanon.store\/en\/wp-json\/wp\/v2\/types\/product"}],"replies":[{"embeddable":true,"href":"https:\/\/greenlebanon.store\/en\/wp-json\/wp\/v2\/comments?post=1031"}],"wp:featuredmedia":[{"embeddable":true,"href":"https:\/\/greenlebanon.store\/en\/wp-json\/wp\/v2\/media\/1032"}],"wp:attachment":[{"href":"https:\/\/greenlebanon.store\/en\/wp-json\/wp\/v2\/media?parent=1031"}],"wp:term":[{"taxonomy":"product_brand","embeddable":true,"href":"https:\/\/greenlebanon.store\/en\/wp-json\/wp\/v2\/product_brand?post=1031"},{"taxonomy":"product_cat","embeddable":true,"href":"https:\/\/greenlebanon.store\/en\/wp-json\/wp\/v2\/product_cat?post=1031"},{"taxonomy":"product_tag","embeddable":true,"href":"https:\/\/greenlebanon.store\/en\/wp-json\/wp\/v2\/product_tag?post=1031"}],"curies":[{"name":"wp","href":"https:\/\/api.w.org\/{rel}","templated":true}]}}