{"id":1033,"date":"2025-12-04T11:57:59","date_gmt":"2025-12-04T11:57:59","guid":{"rendered":"https:\/\/greenlebanon.store\/?post_type=product&#038;p=1033"},"modified":"2025-12-04T11:57:59","modified_gmt":"2025-12-04T11:57:59","slug":"cilantro-semillas30g","status":"publish","type":"product","link":"https:\/\/greenlebanon.store\/en\/product\/cilantro-semillas30g\/","title":{"rendered":"Cilantro Semillas,30g"},"content":{"rendered":"<p>Semillas de cilantro\u00a0 en formato pr\u00e1ctico de 30g para uso en casa. Aportan un aroma c\u00edtrico y \u00fanico, esencial para aut\u00e9nticos platos libaneses como el falafel, el shawarma . Un ingrediente clave tambi\u00e9n en otras cocinas mediterr\u00e1neas para adobar carnes, aromatizar legumbres y enriquecer salsas. Da un toque de sabor genuino a tus recetas.<\/p>","protected":false},"excerpt":{"rendered":"<p>Semillas de cilantro\u00a0 en formato pr\u00e1ctico de 30g para uso en casa. Aportan un aroma c\u00edtrico y \u00fanico, esencial para aut\u00e9nticos platos libaneses como el falafel, el shawarma . Un ingrediente clave tambi\u00e9n en otras cocinas mediterr\u00e1neas para adobar carnes, aromatizar legumbres y enriquecer salsas. Da un toque de sabor genuino a tus recetas.<\/p>","protected":false},"featured_media":1034,"comment_status":"open","ping_status":"closed","template":"","meta":{"_et_pb_use_builder":"","_et_pb_old_content":"","_et_gb_content_width":""},"product_brand":[49],"product_cat":[30],"product_tag":[164],"class_list":{"0":"post-1033","1":"product","2":"type-product","3":"status-publish","4":"has-post-thumbnail","6":"product_brand-abido","7":"product_cat-especias-y-hierbas","8":"product_tag-coriander-seeds","10":"first","11":"instock","12":"shipping-taxable","13":"purchasable","14":"product-type-simple"},"_links":{"self":[{"href":"https:\/\/greenlebanon.store\/en\/wp-json\/wp\/v2\/product\/1033","targetHints":{"allow":["GET"]}}],"collection":[{"href":"https:\/\/greenlebanon.store\/en\/wp-json\/wp\/v2\/product"}],"about":[{"href":"https:\/\/greenlebanon.store\/en\/wp-json\/wp\/v2\/types\/product"}],"replies":[{"embeddable":true,"href":"https:\/\/greenlebanon.store\/en\/wp-json\/wp\/v2\/comments?post=1033"}],"wp:featuredmedia":[{"embeddable":true,"href":"https:\/\/greenlebanon.store\/en\/wp-json\/wp\/v2\/media\/1034"}],"wp:attachment":[{"href":"https:\/\/greenlebanon.store\/en\/wp-json\/wp\/v2\/media?parent=1033"}],"wp:term":[{"taxonomy":"product_brand","embeddable":true,"href":"https:\/\/greenlebanon.store\/en\/wp-json\/wp\/v2\/product_brand?post=1033"},{"taxonomy":"product_cat","embeddable":true,"href":"https:\/\/greenlebanon.store\/en\/wp-json\/wp\/v2\/product_cat?post=1033"},{"taxonomy":"product_tag","embeddable":true,"href":"https:\/\/greenlebanon.store\/en\/wp-json\/wp\/v2\/product_tag?post=1033"}],"curies":[{"name":"wp","href":"https:\/\/api.w.org\/{rel}","templated":true}]}}