{"id":1037,"date":"2025-12-04T14:33:42","date_gmt":"2025-12-04T14:33:42","guid":{"rendered":"https:\/\/greenlebanon.store\/?post_type=product&#038;p=1037"},"modified":"2026-01-09T16:47:24","modified_gmt":"2026-01-09T16:47:24","slug":"mahlab-molido50g","status":"publish","type":"product","link":"https:\/\/greenlebanon.store\/en\/product\/mahlab-molido50g\/","title":{"rendered":"Mahlab Molido,50g"},"content":{"rendered":"<p data-start=\"116\" data-end=\"413\">El mahlab es una especia tradicional muy apreciada en la cocina y reposter\u00eda del L\u00edbano y de Oriente Medio. Se obtiene de las semillas de una especie de cereza y se caracteriza por su aroma delicado, intenso y ligeramente floral, con notas que recuerdan a la almendra y a la cereza amarga.Es un ingrediente esencial en panader\u00eda y reposter\u00eda, especialmente en recetas tradicionales como panes, galletas y dulces, a los que aporta un sabor \u00fanico, elegante y envolvente. Utilizado en peque\u00f1as cantidades, realza las preparaciones durante la cocci\u00f3n y el horneado, llenando la cocina de un perfume delicioso y aportando profundidad y car\u00e1cter a cada receta.Un b\u00e1sico imprescindible para quienes buscan recrear los aut\u00e9nticos sabores libaneses en cocina y reposter\u00eda.<\/p>","protected":false},"excerpt":{"rendered":"<p>El mahlab es una especia tradicional muy apreciada en la cocina y reposter\u00eda del L\u00edbano y de Oriente Medio. Se obtiene de las semillas de una especie de cereza y se caracteriza por su aroma delicado, intenso y ligeramente floral, con notas que recuerdan a la almendra y a la cereza amarga.Es un ingrediente esencial en panader\u00eda y reposter\u00eda, especialmente en recetas tradicionales como panes, galletas y dulces, a los que aporta un sabor \u00fanico, elegante y envolvente. Utilizado en peque\u00f1as cantidades, realza las preparaciones durante la cocci\u00f3n y el horneado, llenando la cocina de un perfume delicioso y aportando profundidad y car\u00e1cter a cada receta.Un b\u00e1sico imprescindible para quienes buscan recrear los aut\u00e9nticos sabores libaneses en cocina y reposter\u00eda.<\/p>","protected":false},"featured_media":1038,"comment_status":"open","ping_status":"closed","template":"","meta":{"_et_pb_use_builder":"","_et_pb_old_content":"","_et_gb_content_width":""},"product_brand":[49],"product_cat":[30],"product_tag":[166],"class_list":{"0":"post-1037","1":"product","2":"type-product","3":"status-publish","4":"has-post-thumbnail","6":"product_brand-abido","7":"product_cat-especias-y-hierbas","8":"product_tag-mahlab","10":"first","11":"instock","12":"shipping-taxable","13":"purchasable","14":"product-type-simple"},"_links":{"self":[{"href":"https:\/\/greenlebanon.store\/en\/wp-json\/wp\/v2\/product\/1037","targetHints":{"allow":["GET"]}}],"collection":[{"href":"https:\/\/greenlebanon.store\/en\/wp-json\/wp\/v2\/product"}],"about":[{"href":"https:\/\/greenlebanon.store\/en\/wp-json\/wp\/v2\/types\/product"}],"replies":[{"embeddable":true,"href":"https:\/\/greenlebanon.store\/en\/wp-json\/wp\/v2\/comments?post=1037"}],"wp:featuredmedia":[{"embeddable":true,"href":"https:\/\/greenlebanon.store\/en\/wp-json\/wp\/v2\/media\/1038"}],"wp:attachment":[{"href":"https:\/\/greenlebanon.store\/en\/wp-json\/wp\/v2\/media?parent=1037"}],"wp:term":[{"taxonomy":"product_brand","embeddable":true,"href":"https:\/\/greenlebanon.store\/en\/wp-json\/wp\/v2\/product_brand?post=1037"},{"taxonomy":"product_cat","embeddable":true,"href":"https:\/\/greenlebanon.store\/en\/wp-json\/wp\/v2\/product_cat?post=1037"},{"taxonomy":"product_tag","embeddable":true,"href":"https:\/\/greenlebanon.store\/en\/wp-json\/wp\/v2\/product_tag?post=1037"}],"curies":[{"name":"wp","href":"https:\/\/api.w.org\/{rel}","templated":true}]}}