{"id":1049,"date":"2025-12-10T17:46:19","date_gmt":"2025-12-10T17:46:19","guid":{"rendered":"https:\/\/greenlebanon.store\/?post_type=product&#038;p=1049"},"modified":"2025-12-10T17:50:49","modified_gmt":"2025-12-10T17:50:49","slug":"queso-halloumi-chipre-dopapx-1kg","status":"publish","type":"product","link":"https:\/\/greenlebanon.store\/en\/product\/queso-halloumi-chipre-dopapx-1kg\/","title":{"rendered":"Queso Halloumi Chipre DOP,apx 1kg"},"content":{"rendered":"<p data-start=\"133\" data-end=\"448\">El Halloumi Hadjipieris D.O.P. se elabora con una mezcla de leche fresca pasteurizada de vaca, cabra y oveja, utilizando m\u00e9todos tradicionales y materias primas de alta calidad. Mientras a\u00fan est\u00e1 caliente, se pliega a mano para darle su forma caracter\u00edstica y se deja reposar en sus jugos naturales.Se espolvorea con sal y menta seca, lo que le aporta un sabor \u00fanico, arom\u00e1tico y una textura firme inconfundible. No se derrite al cocinarse, siendo ideal para asar, fre\u00edr o hacer a la plancha.Formato 200 g, perfecto para disfrutar en ensaladas, bocadillos y platos calientes.<\/p>\n<p data-start=\"751\" data-end=\"857\">","protected":false},"excerpt":{"rendered":"<p>El Halloumi Hadjipieris D.O.P. se elabora con una mezcla de leche fresca pasteurizada de vaca, cabra y oveja, utilizando m\u00e9todos tradicionales y materias primas de alta calidad. Mientras a\u00fan est\u00e1 caliente, se pliega a mano para darle su forma caracter\u00edstica y se deja reposar en sus jugos naturales.Se espolvorea con sal y menta seca, lo que le aporta un sabor \u00fanico, arom\u00e1tico y una textura firme inconfundible. No se derrite al cocinarse, siendo ideal para asar, fre\u00edr o hacer a la plancha.Formato 200 g, perfecto para disfrutar en ensaladas, bocadillos y platos calientes.<\/p>","protected":false},"featured_media":1050,"comment_status":"open","ping_status":"closed","template":"","meta":{"_et_pb_use_builder":"","_et_pb_old_content":"","_et_gb_content_width":""},"product_brand":[175],"product_cat":[162],"product_tag":[176],"class_list":{"0":"post-1049","1":"product","2":"type-product","3":"status-publish","4":"has-post-thumbnail","6":"product_brand-hadjipieris","7":"product_cat-refregirado-y-congelados","8":"product_tag-queso-halloumi","9":"product_shipping_class-producto-refrigerado","11":"first","12":"instock","13":"shipping-taxable","14":"purchasable","15":"product-type-simple"},"_links":{"self":[{"href":"https:\/\/greenlebanon.store\/en\/wp-json\/wp\/v2\/product\/1049","targetHints":{"allow":["GET"]}}],"collection":[{"href":"https:\/\/greenlebanon.store\/en\/wp-json\/wp\/v2\/product"}],"about":[{"href":"https:\/\/greenlebanon.store\/en\/wp-json\/wp\/v2\/types\/product"}],"replies":[{"embeddable":true,"href":"https:\/\/greenlebanon.store\/en\/wp-json\/wp\/v2\/comments?post=1049"}],"wp:featuredmedia":[{"embeddable":true,"href":"https:\/\/greenlebanon.store\/en\/wp-json\/wp\/v2\/media\/1050"}],"wp:attachment":[{"href":"https:\/\/greenlebanon.store\/en\/wp-json\/wp\/v2\/media?parent=1049"}],"wp:term":[{"taxonomy":"product_brand","embeddable":true,"href":"https:\/\/greenlebanon.store\/en\/wp-json\/wp\/v2\/product_brand?post=1049"},{"taxonomy":"product_cat","embeddable":true,"href":"https:\/\/greenlebanon.store\/en\/wp-json\/wp\/v2\/product_cat?post=1049"},{"taxonomy":"product_tag","embeddable":true,"href":"https:\/\/greenlebanon.store\/en\/wp-json\/wp\/v2\/product_tag?post=1049"}],"curies":[{"name":"wp","href":"https:\/\/api.w.org\/{rel}","templated":true}]}}