{"id":1077,"date":"2025-12-24T11:43:59","date_gmt":"2025-12-24T11:43:59","guid":{"rendered":"https:\/\/greenlebanon.store\/?post_type=product&#038;p=1077"},"modified":"2025-12-24T11:43:59","modified_gmt":"2025-12-24T11:43:59","slug":"aceitunas-verdes500g","status":"publish","type":"product","link":"https:\/\/greenlebanon.store\/en\/product\/aceitunas-verdes500g\/","title":{"rendered":"Aceitunas Verdes,500g"},"content":{"rendered":"<p data-start=\"141\" data-end=\"390\">Disfruta del aut\u00e9ntico sabor del L\u00edbano con las Aceitunas Libanesas de Chtoura Fields. Elaboradas con aceitunas cuidadosamente seleccionadas y preparadas seg\u00fan recetas tradicionales, ofrecen un sabor intenso y una textura perfecta.Ideales para ensaladas, aperitivos o platos mediterr\u00e1neos, estas aceitunas aportan un toque ex\u00f3tico y natural a tu mesa. Chtoura Garden te invita a descubrir el placer de un producto aut\u00e9ntico, lleno de tradici\u00f3n y calidad.<\/p>","protected":false},"excerpt":{"rendered":"<p>Disfruta del aut\u00e9ntico sabor del L\u00edbano con las Aceitunas Libanesas de Chtoura Fields. Elaboradas con aceitunas cuidadosamente seleccionadas y preparadas seg\u00fan recetas tradicionales, ofrecen un sabor intenso y una textura perfecta.Ideales para ensaladas, aperitivos o platos mediterr\u00e1neos, estas aceitunas aportan un toque ex\u00f3tico y natural a tu mesa. Chtoura Garden te invita a descubrir el placer de un producto aut\u00e9ntico, lleno de tradici\u00f3n y calidad.<\/p>","protected":false},"featured_media":1078,"comment_status":"open","ping_status":"closed","template":"","meta":{"_et_pb_use_builder":"","_et_pb_old_content":"","_et_gb_content_width":""},"product_brand":[206],"product_cat":[35],"product_tag":[207],"class_list":{"0":"post-1077","1":"product","2":"type-product","3":"status-publish","4":"has-post-thumbnail","6":"product_brand-chtoura-fields","7":"product_cat-conservas-y-condimentos","8":"product_tag-green-olives","9":"product_shipping_class-envios","11":"first","12":"instock","13":"shipping-taxable","14":"purchasable","15":"product-type-simple"},"_links":{"self":[{"href":"https:\/\/greenlebanon.store\/en\/wp-json\/wp\/v2\/product\/1077","targetHints":{"allow":["GET"]}}],"collection":[{"href":"https:\/\/greenlebanon.store\/en\/wp-json\/wp\/v2\/product"}],"about":[{"href":"https:\/\/greenlebanon.store\/en\/wp-json\/wp\/v2\/types\/product"}],"replies":[{"embeddable":true,"href":"https:\/\/greenlebanon.store\/en\/wp-json\/wp\/v2\/comments?post=1077"}],"wp:featuredmedia":[{"embeddable":true,"href":"https:\/\/greenlebanon.store\/en\/wp-json\/wp\/v2\/media\/1078"}],"wp:attachment":[{"href":"https:\/\/greenlebanon.store\/en\/wp-json\/wp\/v2\/media?parent=1077"}],"wp:term":[{"taxonomy":"product_brand","embeddable":true,"href":"https:\/\/greenlebanon.store\/en\/wp-json\/wp\/v2\/product_brand?post=1077"},{"taxonomy":"product_cat","embeddable":true,"href":"https:\/\/greenlebanon.store\/en\/wp-json\/wp\/v2\/product_cat?post=1077"},{"taxonomy":"product_tag","embeddable":true,"href":"https:\/\/greenlebanon.store\/en\/wp-json\/wp\/v2\/product_tag?post=1077"}],"curies":[{"name":"wp","href":"https:\/\/api.w.org\/{rel}","templated":true}]}}