{"id":1079,"date":"2025-12-24T11:57:45","date_gmt":"2025-12-24T11:57:45","guid":{"rendered":"https:\/\/greenlebanon.store\/?post_type=product&#038;p=1079"},"modified":"2025-12-24T11:57:45","modified_gmt":"2025-12-24T11:57:45","slug":"maamoul-mini-mixto450g","status":"publish","type":"product","link":"https:\/\/greenlebanon.store\/en\/product\/maamoul-mini-mixto450g\/","title":{"rendered":"Maamoul Mini Mixto,450g"},"content":{"rendered":"<h3 data-start=\"144\" data-end=\"192\"><strong>Maamoul Liban\u00e9s Al Hallab \u2013 Desde 1881<\/strong><\/h3>\n<p data-start=\"194\" data-end=\"514\">Descubre la excelencia del Maamoul liban\u00e9s de Al Hallab, la pasteler\u00eda m\u00e1s reconocida del L\u00edbano, fundada en 1881 y s\u00edmbolo de tradici\u00f3n y exquisitez. Cada pieza de maamoul se elabora siguiendo recetas artesanales transmitidas por generaciones, ofreciendo una experiencia \u00fanica de sabor y autenticidad.Esta elegante caja contiene una selecci\u00f3n mixta de maamoul rellenos de d\u00e1tiles, nueces y pistachos, combinando la dulzura natural con la textura suave y el aroma inconfundible de la reposter\u00eda libanesa.Perfecta para regalar o compartir en ocasiones especiales, esta delicadeza ha sido transportada por avi\u00f3n directamente desde el L\u00edbano, garantizando m\u00e1xima frescura y calidad.Vive el aut\u00e9ntico sabor del L\u00edbano con Al Hallab, una casa con m\u00e1s de 140 a\u00f1os de historia endulzando momentos inolvidables.<\/p>","protected":false},"excerpt":{"rendered":"<h3 data-start=\"144\" data-end=\"192\"><strong>Maamoul Liban\u00e9s Al Hallab \u2013 Desde 1881<\/strong><\/h3>\n<p data-start=\"194\" data-end=\"514\">Descubre la excelencia del Maamoul liban\u00e9s de Al Hallab, la pasteler\u00eda m\u00e1s reconocida del L\u00edbano, fundada en 1881 y s\u00edmbolo de tradici\u00f3n y exquisitez. Cada pieza de maamoul se elabora siguiendo recetas artesanales transmitidas por generaciones, ofreciendo una experiencia \u00fanica de sabor y autenticidad.Esta elegante caja contiene una selecci\u00f3n mixta de maamoul rellenos de d\u00e1tiles, nueces y pistachos, combinando la dulzura natural con la textura suave y el aroma inconfundible de la reposter\u00eda libanesa.Perfecta para regalar o compartir en ocasiones especiales, esta delicadeza ha sido transportada por avi\u00f3n directamente desde el L\u00edbano, garantizando m\u00e1xima frescura y calidad.Vive el aut\u00e9ntico sabor del L\u00edbano con Al Hallab, una casa con m\u00e1s de 140 a\u00f1os de historia endulzando momentos inolvidables.<\/p>","protected":false},"featured_media":1080,"comment_status":"open","ping_status":"closed","template":"","meta":{"_et_pb_use_builder":"","_et_pb_old_content":"","_et_gb_content_width":""},"product_brand":[208],"product_cat":[37],"product_tag":[209],"class_list":{"0":"post-1079","1":"product","2":"type-product","3":"status-publish","4":"has-post-thumbnail","6":"product_brand-al-hallab","7":"product_cat-dulces","8":"product_tag-maamoul","9":"product_shipping_class-envios","11":"first","12":"instock","13":"shipping-taxable","14":"purchasable","15":"product-type-simple"},"_links":{"self":[{"href":"https:\/\/greenlebanon.store\/en\/wp-json\/wp\/v2\/product\/1079","targetHints":{"allow":["GET"]}}],"collection":[{"href":"https:\/\/greenlebanon.store\/en\/wp-json\/wp\/v2\/product"}],"about":[{"href":"https:\/\/greenlebanon.store\/en\/wp-json\/wp\/v2\/types\/product"}],"replies":[{"embeddable":true,"href":"https:\/\/greenlebanon.store\/en\/wp-json\/wp\/v2\/comments?post=1079"}],"wp:featuredmedia":[{"embeddable":true,"href":"https:\/\/greenlebanon.store\/en\/wp-json\/wp\/v2\/media\/1080"}],"wp:attachment":[{"href":"https:\/\/greenlebanon.store\/en\/wp-json\/wp\/v2\/media?parent=1079"}],"wp:term":[{"taxonomy":"product_brand","embeddable":true,"href":"https:\/\/greenlebanon.store\/en\/wp-json\/wp\/v2\/product_brand?post=1079"},{"taxonomy":"product_cat","embeddable":true,"href":"https:\/\/greenlebanon.store\/en\/wp-json\/wp\/v2\/product_cat?post=1079"},{"taxonomy":"product_tag","embeddable":true,"href":"https:\/\/greenlebanon.store\/en\/wp-json\/wp\/v2\/product_tag?post=1079"}],"curies":[{"name":"wp","href":"https:\/\/api.w.org\/{rel}","templated":true}]}}