{"id":1081,"date":"2025-12-24T12:10:21","date_gmt":"2025-12-24T12:10:21","guid":{"rendered":"https:\/\/greenlebanon.store\/?post_type=product&#038;p=1081"},"modified":"2026-05-04T18:19:09","modified_gmt":"2026-05-04T18:19:09","slug":"super-extra-mixed-nuts450g","status":"publish","type":"product","link":"https:\/\/greenlebanon.store\/en\/product\/super-extra-mixed-nuts450g\/","title":{"rendered":"Super Extra Mixed Nuts,450g"},"content":{"rendered":"<p data-start=\"162\" data-end=\"346\">Disfruta del aut\u00e9ntico sabor del L\u00edbano con la Mezcla de Frutos Secos Castania, elaborada por la tostadur\u00eda m\u00e1s reconocida del pa\u00eds, con tradici\u00f3n y excelencia en cada grano.Esta selecci\u00f3n premium combina pistachos, almendras, nueces, Kri Kri y otros frutos secos tostados a la perfecci\u00f3n para ofrecer un sabor intenso y equilibrado.Transportada por avi\u00f3n directamente desde el L\u00edbano, esta mezcla conserva toda su frescura y aroma original. Ideal para compartir o disfrutar como snack saludable en cualquier momento del d\u00eda.Castania, el sabor aut\u00e9ntico del L\u00edbano en cada bocado.<\/p>","protected":false},"excerpt":{"rendered":"<p>Disfruta del aut\u00e9ntico sabor del L\u00edbano con la Mezcla de Frutos Secos Castania, elaborada por la tostadur\u00eda m\u00e1s reconocida del pa\u00eds, con tradici\u00f3n y excelencia en cada grano.Esta selecci\u00f3n premium combina pistachos, almendras, nueces, Kri Kri y otros frutos secos tostados a la perfecci\u00f3n para ofrecer un sabor intenso y equilibrado.Transportada por avi\u00f3n directamente desde el L\u00edbano, esta mezcla conserva toda su frescura y aroma original. Ideal para compartir o disfrutar como snack saludable en cualquier momento del d\u00eda.Castania, el sabor aut\u00e9ntico del L\u00edbano en cada bocado.<\/p>","protected":false},"featured_media":1082,"comment_status":"open","ping_status":"closed","template":"","meta":{"_et_pb_use_builder":"","_et_pb_old_content":"","_et_gb_content_width":""},"product_brand":[211],"product_cat":[114],"product_tag":[210],"class_list":{"0":"post-1081","1":"product","2":"type-product","3":"status-publish","4":"has-post-thumbnail","6":"product_brand-castania","7":"product_cat-snacks","8":"product_tag-super-extra-nuts","9":"product_shipping_class-envios","11":"first","12":"instock","13":"shipping-taxable","14":"purchasable","15":"product-type-simple"},"_links":{"self":[{"href":"https:\/\/greenlebanon.store\/en\/wp-json\/wp\/v2\/product\/1081","targetHints":{"allow":["GET"]}}],"collection":[{"href":"https:\/\/greenlebanon.store\/en\/wp-json\/wp\/v2\/product"}],"about":[{"href":"https:\/\/greenlebanon.store\/en\/wp-json\/wp\/v2\/types\/product"}],"replies":[{"embeddable":true,"href":"https:\/\/greenlebanon.store\/en\/wp-json\/wp\/v2\/comments?post=1081"}],"wp:featuredmedia":[{"embeddable":true,"href":"https:\/\/greenlebanon.store\/en\/wp-json\/wp\/v2\/media\/1082"}],"wp:attachment":[{"href":"https:\/\/greenlebanon.store\/en\/wp-json\/wp\/v2\/media?parent=1081"}],"wp:term":[{"taxonomy":"product_brand","embeddable":true,"href":"https:\/\/greenlebanon.store\/en\/wp-json\/wp\/v2\/product_brand?post=1081"},{"taxonomy":"product_cat","embeddable":true,"href":"https:\/\/greenlebanon.store\/en\/wp-json\/wp\/v2\/product_cat?post=1081"},{"taxonomy":"product_tag","embeddable":true,"href":"https:\/\/greenlebanon.store\/en\/wp-json\/wp\/v2\/product_tag?post=1081"}],"curies":[{"name":"wp","href":"https:\/\/api.w.org\/{rel}","templated":true}]}}