{"id":385,"date":"2025-05-07T18:33:10","date_gmt":"2025-05-07T18:33:10","guid":{"rendered":"https:\/\/greenlebanon.store\/product\/acido-citrico\/"},"modified":"2025-11-05T18:03:49","modified_gmt":"2025-11-05T18:03:49","slug":"acido-citrico","status":"publish","type":"product","link":"https:\/\/greenlebanon.store\/en\/product\/acido-citrico\/","title":{"rendered":"Citric Acid-Lemon Salt,1kg"},"content":{"rendered":"","protected":false},"excerpt":{"rendered":"<p>Un ingrediente que brinda un frescor intenso y la combinaci\u00f3n perfecta de notas \u00e1cidas y saladas.Perfecto para realzar hummus,ensaladas, pescados,adobos o postres,aporta a cada preparaci\u00f3n un matiz ligero y lleno de vitalidad.Es un buen conservante y antioxidante natural y Dar un toque de acidez al plato con un agradable sabor a c\u00edtrico.<\/p>","protected":false},"featured_media":674,"comment_status":"open","ping_status":"closed","template":"","meta":{"_et_pb_use_builder":"off","_et_pb_old_content":"","_et_gb_content_width":""},"product_brand":[106],"product_cat":[30],"product_tag":[48],"class_list":{"0":"post-385","1":"product","2":"type-product","3":"status-publish","4":"has-post-thumbnail","6":"product_brand-green-lebanon","7":"product_cat-especias-y-hierbas","8":"product_tag-acido-citrico","9":"product_shipping_class-envios","11":"first","12":"instock","13":"shipping-taxable","14":"purchasable","15":"product-type-simple"},"_links":{"self":[{"href":"https:\/\/greenlebanon.store\/en\/wp-json\/wp\/v2\/product\/385","targetHints":{"allow":["GET"]}}],"collection":[{"href":"https:\/\/greenlebanon.store\/en\/wp-json\/wp\/v2\/product"}],"about":[{"href":"https:\/\/greenlebanon.store\/en\/wp-json\/wp\/v2\/types\/product"}],"replies":[{"embeddable":true,"href":"https:\/\/greenlebanon.store\/en\/wp-json\/wp\/v2\/comments?post=385"}],"wp:featuredmedia":[{"embeddable":true,"href":"https:\/\/greenlebanon.store\/en\/wp-json\/wp\/v2\/media\/674"}],"wp:attachment":[{"href":"https:\/\/greenlebanon.store\/en\/wp-json\/wp\/v2\/media?parent=385"}],"wp:term":[{"taxonomy":"product_brand","embeddable":true,"href":"https:\/\/greenlebanon.store\/en\/wp-json\/wp\/v2\/product_brand?post=385"},{"taxonomy":"product_cat","embeddable":true,"href":"https:\/\/greenlebanon.store\/en\/wp-json\/wp\/v2\/product_cat?post=385"},{"taxonomy":"product_tag","embeddable":true,"href":"https:\/\/greenlebanon.store\/en\/wp-json\/wp\/v2\/product_tag?post=385"}],"curies":[{"name":"wp","href":"https:\/\/api.w.org\/{rel}","templated":true}]}}