{"id":386,"date":"2025-05-07T18:33:10","date_gmt":"2025-05-07T18:33:10","guid":{"rendered":"https:\/\/greenlebanon.store\/product\/agua-de-azahar\/"},"modified":"2025-11-18T14:43:50","modified_gmt":"2025-11-18T14:43:50","slug":"agua-de-azahar","status":"publish","type":"product","link":"https:\/\/greenlebanon.store\/en\/product\/agua-de-azahar\/","title":{"rendered":"Agua De Flores(Azahar),250ml"},"content":{"rendered":"<p class=\"ds-markdown-paragraph\">Descubre el toque secreto que eleva la reposter\u00eda y la gastronom\u00eda tradicional a un nivel de excelencia. Nuestra\u00a0Agua de Flores, extra\u00edda principalmente de la flor de naranjo (Azahar), es un ingrediente esencial e insustituible en la cocina libanesa y mediterr\u00e1nea.<\/p>\n<p class=\"ds-markdown-paragraph\">Usos Principales:<\/p>\n<ul>\n<li>\n<p class=\"ds-markdown-paragraph\">Aromatizar y humedecer masas para pasteles, galletas y panes dulces.<\/p>\n<\/li>\n<li>\n<p class=\"ds-markdown-paragraph\">Preparar siropes arom\u00e1ticos para postres.<\/p>\n<\/li>\n<li>\n<p class=\"ds-markdown-paragraph\">Dar un toque \u00fanico a cremas, natillas y mousses.<\/p>\n<\/li>\n<li>\n<p class=\"ds-markdown-paragraph\">A\u00f1adir un toque floral a marinados y platos salados.<\/p>\n<\/li>\n<li>\n<p class=\"ds-markdown-paragraph\">Preparar t\u00e9s e infusiones relajantes.<\/p>\n<\/li>\n<\/ul>\n<p class=\"ds-markdown-paragraph\">Instrucciones de Uso:\u00a0Agitar suavemente antes de usar. A\u00f1adir progresivamente a tus preparaciones, probando hasta alcanzar la intensidad deseada. \u00a1Un poco hace una gran diferencia!<\/p>\n<p class=\"ds-markdown-paragraph\">Lleva la magia y la tradici\u00f3n de las cocinas m\u00e1s arom\u00e1ticas del mundo directamente a tu hogar.<\/p>","protected":false},"excerpt":{"rendered":"<p class=\"ds-markdown-paragraph\">Descubre el toque secreto que eleva la reposter\u00eda y la gastronom\u00eda tradicional a un nivel de excelencia. Nuestra\u00a0Agua de Flores, extra\u00edda principalmente de la flor de naranjo (Azahar), es un ingrediente esencial e insustituible en la cocina libanesa y mediterr\u00e1nea.<\/p>\n<p class=\"ds-markdown-paragraph\">Usos Principales:<\/p>\n<ul>\n<li>\n<p class=\"ds-markdown-paragraph\">Aromatizar y humedecer masas para pasteles, galletas y panes dulces.<\/p>\n<\/li>\n<li>\n<p class=\"ds-markdown-paragraph\">Preparar siropes arom\u00e1ticos para postres.<\/p>\n<\/li>\n<li>\n<p class=\"ds-markdown-paragraph\">Dar un toque \u00fanico a cremas, natillas y mousses.<\/p>\n<\/li>\n<li>\n<p class=\"ds-markdown-paragraph\">A\u00f1adir un toque floral a marinados y platos salados.<\/p>\n<\/li>\n<li>\n<p class=\"ds-markdown-paragraph\">Preparar t\u00e9s e infusiones relajantes.<\/p>\n<\/li>\n<\/ul>\n<p class=\"ds-markdown-paragraph\">Instrucciones de Uso:\u00a0Agitar suavemente antes de usar. A\u00f1adir progresivamente a tus preparaciones, probando hasta alcanzar la intensidad deseada. \u00a1Un poco hace una gran diferencia!<\/p>\n<p class=\"ds-markdown-paragraph\">Lleva la magia y la tradici\u00f3n de las cocinas m\u00e1s arom\u00e1ticas del mundo directamente a tu hogar.<\/p>","protected":false},"featured_media":742,"comment_status":"open","ping_status":"closed","template":"","meta":{"_et_pb_use_builder":"","_et_pb_old_content":"","_et_gb_content_width":""},"product_brand":[106],"product_cat":[31],"product_tag":[155],"class_list":{"0":"post-386","1":"product","2":"type-product","3":"status-publish","4":"has-post-thumbnail","6":"product_brand-green-lebanon","7":"product_cat-siropes-y-liquidos","8":"product_tag-agua-de-flores","9":"product_shipping_class-envios","11":"first","12":"instock","13":"shipping-taxable","14":"purchasable","15":"product-type-simple"},"_links":{"self":[{"href":"https:\/\/greenlebanon.store\/en\/wp-json\/wp\/v2\/product\/386","targetHints":{"allow":["GET"]}}],"collection":[{"href":"https:\/\/greenlebanon.store\/en\/wp-json\/wp\/v2\/product"}],"about":[{"href":"https:\/\/greenlebanon.store\/en\/wp-json\/wp\/v2\/types\/product"}],"replies":[{"embeddable":true,"href":"https:\/\/greenlebanon.store\/en\/wp-json\/wp\/v2\/comments?post=386"}],"wp:featuredmedia":[{"embeddable":true,"href":"https:\/\/greenlebanon.store\/en\/wp-json\/wp\/v2\/media\/742"}],"wp:attachment":[{"href":"https:\/\/greenlebanon.store\/en\/wp-json\/wp\/v2\/media?parent=386"}],"wp:term":[{"taxonomy":"product_brand","embeddable":true,"href":"https:\/\/greenlebanon.store\/en\/wp-json\/wp\/v2\/product_brand?post=386"},{"taxonomy":"product_cat","embeddable":true,"href":"https:\/\/greenlebanon.store\/en\/wp-json\/wp\/v2\/product_cat?post=386"},{"taxonomy":"product_tag","embeddable":true,"href":"https:\/\/greenlebanon.store\/en\/wp-json\/wp\/v2\/product_tag?post=386"}],"curies":[{"name":"wp","href":"https:\/\/api.w.org\/{rel}","templated":true}]}}