{"id":389,"date":"2025-05-07T18:33:11","date_gmt":"2025-05-07T18:33:11","guid":{"rendered":"https:\/\/greenlebanon.store\/product\/arak-ksara-ksarak-%c2%bd\/"},"modified":"2026-05-04T18:19:45","modified_gmt":"2026-05-04T18:19:45","slug":"arak-ksara-ksarak-350ml","status":"publish","type":"product","link":"https:\/\/greenlebanon.store\/en\/product\/arak-ksara-ksarak-350ml\/","title":{"rendered":"Arak KSARAK,350 ml"},"content":{"rendered":"<p data-start=\"97\" data-end=\"398\">Considerado el licor nacional del L\u00edbano, el Arak es una bebida artesanal destilada a partir de uvas seleccionadas y semillas de an\u00eds. Su car\u00e1cter \u00fanico se revela al mezclarse con agua y transformarse en un tono blanco lechoso, s\u00edmbolo de tradici\u00f3n y celebraci\u00f3n.<\/p>\n<p data-start=\"400\" data-end=\"742\">Con un aroma fresco y anisado, y un sabor intenso pero elegante, el Arak es el acompa\u00f1ante perfecto para el mezze liban\u00e9s y las largas comidas en familia. M\u00e1s que una bebida, es un ritual que evoca hospitalidad, cultura y la esencia misma del Mediterr\u00e1neo oriental. Presentaci\u00f3n en botella de 350 ml, pr\u00e1ctica y perfecta para compartir.<\/p>","protected":false},"excerpt":{"rendered":"<p data-start=\"97\" data-end=\"398\">Considerado el licor nacional del L\u00edbano, el Arak es una bebida artesanal destilada a partir de uvas seleccionadas y semillas de an\u00eds. Su car\u00e1cter \u00fanico se revela al mezclarse con agua y transformarse en un tono blanco lechoso, s\u00edmbolo de tradici\u00f3n y celebraci\u00f3n.<\/p>\n<p data-start=\"400\" data-end=\"742\">Con un aroma fresco y anisado, y un sabor intenso pero elegante, el Arak es el acompa\u00f1ante perfecto para el mezze liban\u00e9s y las largas comidas en familia. M\u00e1s que una bebida, es un ritual que evoca hospitalidad, cultura y la esencia misma del Mediterr\u00e1neo oriental. Presentaci\u00f3n en botella de 350 ml, pr\u00e1ctica y perfecta para compartir.<\/p>","protected":false},"featured_media":644,"comment_status":"open","ping_status":"closed","template":"","meta":{"_et_pb_use_builder":"","_et_pb_old_content":"","_et_gb_content_width":""},"product_brand":[74],"product_cat":[33],"product_tag":[76],"class_list":{"0":"post-389","1":"product","2":"type-product","3":"status-publish","4":"has-post-thumbnail","6":"product_brand-ksara","7":"product_cat-cervezas-vinos-y-licores","8":"product_tag-ksarak","9":"product_shipping_class-envios","11":"first","12":"instock","13":"sold-individually","14":"shipping-taxable","15":"purchasable","16":"product-type-simple"},"_links":{"self":[{"href":"https:\/\/greenlebanon.store\/en\/wp-json\/wp\/v2\/product\/389","targetHints":{"allow":["GET"]}}],"collection":[{"href":"https:\/\/greenlebanon.store\/en\/wp-json\/wp\/v2\/product"}],"about":[{"href":"https:\/\/greenlebanon.store\/en\/wp-json\/wp\/v2\/types\/product"}],"replies":[{"embeddable":true,"href":"https:\/\/greenlebanon.store\/en\/wp-json\/wp\/v2\/comments?post=389"}],"wp:featuredmedia":[{"embeddable":true,"href":"https:\/\/greenlebanon.store\/en\/wp-json\/wp\/v2\/media\/644"}],"wp:attachment":[{"href":"https:\/\/greenlebanon.store\/en\/wp-json\/wp\/v2\/media?parent=389"}],"wp:term":[{"taxonomy":"product_brand","embeddable":true,"href":"https:\/\/greenlebanon.store\/en\/wp-json\/wp\/v2\/product_brand?post=389"},{"taxonomy":"product_cat","embeddable":true,"href":"https:\/\/greenlebanon.store\/en\/wp-json\/wp\/v2\/product_cat?post=389"},{"taxonomy":"product_tag","embeddable":true,"href":"https:\/\/greenlebanon.store\/en\/wp-json\/wp\/v2\/product_tag?post=389"}],"curies":[{"name":"wp","href":"https:\/\/api.w.org\/{rel}","templated":true}]}}