{"id":390,"date":"2025-05-07T18:33:12","date_gmt":"2025-05-07T18:33:12","guid":{"rendered":"https:\/\/greenlebanon.store\/product\/arroz-basmati-heer\/"},"modified":"2025-12-11T13:11:42","modified_gmt":"2025-12-11T13:11:42","slug":"arroz-basmati-heer","status":"publish","type":"product","link":"https:\/\/greenlebanon.store\/en\/product\/arroz-basmati-heer\/","title":{"rendered":"Arroz Basmati Heer Superior Extra Long,5kg"},"content":{"rendered":"<p data-start=\"122\" data-end=\"165\">Descubre la excelencia del arroz basmati de calidad superior, reconocido por su grano largo, aroma delicado y textura perfecta. Cada grano refleja la pureza y el cuidado con que ha sido cultivado en las mejores tierras, ofreciendo una experiencia gastron\u00f3mica \u00fanica.Su versatilidad lo convierte en el acompa\u00f1amiento ideal para una amplia variedad de cocinas del mundo: desde los ex\u00f3ticos platos de la India y el Medio Oriente, hasta las sofisticadas recetas de la gastronom\u00eda mediterr\u00e1nea o las preparaciones m\u00e1s contempor\u00e1neas.Con su sabor inconfundible y su ligereza al cocinarse, el arroz basmati eleva cada plato a un nuevo nivel de calidad y distinci\u00f3n. Perfecto para quienes buscan excelencia, autenticidad y diversidad culinaria en su mesa.<\/p>","protected":false},"excerpt":{"rendered":"<p>Descubre la excelencia del arroz basmati de calidad superior, reconocido por su grano largo, aroma delicado y textura perfecta. Cada grano refleja la pureza y el cuidado con que ha sido cultivado en las mejores tierras, ofreciendo una experiencia gastron\u00f3mica \u00fanica.Su versatilidad lo convierte en el acompa\u00f1amiento ideal para una amplia variedad de cocinas del mundo: desde los ex\u00f3ticos platos de la India y el Medio Oriente, hasta las sofisticadas recetas de la gastronom\u00eda mediterr\u00e1nea o las preparaciones m\u00e1s contempor\u00e1neas.Con su sabor inconfundible y su ligereza al cocinarse, el arroz basmati eleva cada plato a un nuevo nivel de calidad y distinci\u00f3n. Perfecto para quienes buscan excelencia, autenticidad y diversidad culinaria en su mesa.<\/p>","protected":false},"featured_media":1053,"comment_status":"open","ping_status":"closed","template":"","meta":{"_et_pb_use_builder":"","_et_pb_old_content":"","_et_gb_content_width":""},"product_brand":[178],"product_cat":[34],"product_tag":[179],"class_list":{"0":"post-390","1":"product","2":"type-product","3":"status-publish","4":"has-post-thumbnail","6":"product_brand-heer","7":"product_cat-legumbres-y-cereales","8":"product_tag-arroz-basmati","9":"product_shipping_class-envios","11":"first","12":"instock","13":"shipping-taxable","14":"purchasable","15":"product-type-simple"},"_links":{"self":[{"href":"https:\/\/greenlebanon.store\/en\/wp-json\/wp\/v2\/product\/390","targetHints":{"allow":["GET"]}}],"collection":[{"href":"https:\/\/greenlebanon.store\/en\/wp-json\/wp\/v2\/product"}],"about":[{"href":"https:\/\/greenlebanon.store\/en\/wp-json\/wp\/v2\/types\/product"}],"replies":[{"embeddable":true,"href":"https:\/\/greenlebanon.store\/en\/wp-json\/wp\/v2\/comments?post=390"}],"wp:featuredmedia":[{"embeddable":true,"href":"https:\/\/greenlebanon.store\/en\/wp-json\/wp\/v2\/media\/1053"}],"wp:attachment":[{"href":"https:\/\/greenlebanon.store\/en\/wp-json\/wp\/v2\/media?parent=390"}],"wp:term":[{"taxonomy":"product_brand","embeddable":true,"href":"https:\/\/greenlebanon.store\/en\/wp-json\/wp\/v2\/product_brand?post=390"},{"taxonomy":"product_cat","embeddable":true,"href":"https:\/\/greenlebanon.store\/en\/wp-json\/wp\/v2\/product_cat?post=390"},{"taxonomy":"product_tag","embeddable":true,"href":"https:\/\/greenlebanon.store\/en\/wp-json\/wp\/v2\/product_tag?post=390"}],"curies":[{"name":"wp","href":"https:\/\/api.w.org\/{rel}","templated":true}]}}