{"id":391,"date":"2025-05-07T18:33:12","date_gmt":"2025-05-07T18:33:12","guid":{"rendered":"https:\/\/greenlebanon.store\/product\/baraka-semillas\/"},"modified":"2025-11-05T18:12:10","modified_gmt":"2025-11-05T18:12:10","slug":"baraka-semillas","status":"publish","type":"product","link":"https:\/\/greenlebanon.store\/en\/product\/baraka-semillas\/","title":{"rendered":"Baraka Semillas,50g"},"content":{"rendered":"<p data-start=\"234\" data-end=\"500\">Las semillas de nigella,tambi\u00e9n conocidas como comino negro, son un ingrediente muy apreciado en la cocina mediterr\u00e1nea y del Medio Oriente por su sabor distintivo y aroma ligeramente picante y terroso.Se utilizan tradicionalmente en la elaboraci\u00f3n de panes, reposter\u00eda, ensaladas y platos salados, aportando un toque \u00fanico que realza los sabores naturales de los alimentos. Son ideales para decorar panes y bollos antes de hornear, o para espolvorear sobre hummus, verduras asadas y quesos frescos.Presentadas en un formato de 50 g, las Semillas de Nigella son un imprescindible en toda cocina que valore la autenticidad y los sabores tradicionales del Mediterr\u00e1neo<\/p>","protected":false},"excerpt":{"rendered":"<p>Las semillas de nigella,tambi\u00e9n conocidas como comino negro, son un ingrediente muy apreciado en la cocina mediterr\u00e1nea y del Medio Oriente por su sabor distintivo y aroma ligeramente picante y terroso.Se utilizan tradicionalmente en la elaboraci\u00f3n de panes, reposter\u00eda, ensaladas y platos salados, aportando un toque \u00fanico que realza los sabores naturales de los alimentos. Son ideales para decorar panes y bollos antes de hornear, o para espolvorear sobre hummus, verduras asadas y quesos frescos.Presentadas en un formato de 50 g, las Semillas de Nigella son un imprescindible en toda cocina que valore la autenticidad y los sabores tradicionales del Mediterr\u00e1neo<\/p>","protected":false},"featured_media":675,"comment_status":"open","ping_status":"closed","template":"","meta":{"_et_pb_use_builder":"","_et_pb_old_content":"","_et_gb_content_width":""},"product_brand":[53],"product_cat":[30],"product_tag":[135],"class_list":{"0":"post-391","1":"product","2":"type-product","3":"status-publish","4":"has-post-thumbnail","6":"product_brand-adonis","7":"product_cat-especias-y-hierbas","8":"product_tag-nigella","9":"product_shipping_class-envios","11":"first","12":"instock","13":"shipping-taxable","14":"purchasable","15":"product-type-simple"},"_links":{"self":[{"href":"https:\/\/greenlebanon.store\/en\/wp-json\/wp\/v2\/product\/391","targetHints":{"allow":["GET"]}}],"collection":[{"href":"https:\/\/greenlebanon.store\/en\/wp-json\/wp\/v2\/product"}],"about":[{"href":"https:\/\/greenlebanon.store\/en\/wp-json\/wp\/v2\/types\/product"}],"replies":[{"embeddable":true,"href":"https:\/\/greenlebanon.store\/en\/wp-json\/wp\/v2\/comments?post=391"}],"wp:featuredmedia":[{"embeddable":true,"href":"https:\/\/greenlebanon.store\/en\/wp-json\/wp\/v2\/media\/675"}],"wp:attachment":[{"href":"https:\/\/greenlebanon.store\/en\/wp-json\/wp\/v2\/media?parent=391"}],"wp:term":[{"taxonomy":"product_brand","embeddable":true,"href":"https:\/\/greenlebanon.store\/en\/wp-json\/wp\/v2\/product_brand?post=391"},{"taxonomy":"product_cat","embeddable":true,"href":"https:\/\/greenlebanon.store\/en\/wp-json\/wp\/v2\/product_cat?post=391"},{"taxonomy":"product_tag","embeddable":true,"href":"https:\/\/greenlebanon.store\/en\/wp-json\/wp\/v2\/product_tag?post=391"}],"curies":[{"name":"wp","href":"https:\/\/api.w.org\/{rel}","templated":true}]}}