{"id":392,"date":"2025-05-07T18:33:12","date_gmt":"2025-05-07T18:33:12","guid":{"rendered":"https:\/\/greenlebanon.store\/product\/berenjenas-asadas\/"},"modified":"2025-09-19T17:54:00","modified_gmt":"2025-09-19T17:54:00","slug":"berenjenas-asadas","status":"publish","type":"product","link":"https:\/\/greenlebanon.store\/en\/product\/berenjenas-asadas\/","title":{"rendered":"Berenjenas Asadas,2800g"},"content":{"rendered":"<p>Saborea el gusto genuino de las Berenjenas Asadas<strong>.<\/strong>Con su aroma ahumado y su textura suave,son ideales para preparar baba ganoush,ensaladas frescas o guarniciones tradicionales.Una opci\u00f3n vers\u00e1til y c\u00f3moda para disfrutar de recetas aut\u00e9nticas en casa o en cocina profesional.<\/p>","protected":false},"excerpt":{"rendered":"<p>Saborea el gusto genuino de las Berenjenas Asadas con su aroma ahumado y su textura suave.Son ideales para preparar baba ganoush,ensaladas frescas o guarniciones tradicionales.Una opci\u00f3n vers\u00e1til y c\u00f3moda para disfrutar de recetas aut\u00e9nticas en casa o en cocina profesional.<\/p>","protected":false},"featured_media":646,"comment_status":"open","ping_status":"closed","template":"","meta":{"_et_pb_use_builder":"","_et_pb_old_content":"","_et_gb_content_width":""},"product_brand":[70],"product_cat":[35],"product_tag":[71],"class_list":{"0":"post-392","1":"product","2":"type-product","3":"status-publish","4":"has-post-thumbnail","6":"product_brand-chtoura-garden","7":"product_cat-conservas-y-condimentos","8":"product_tag-berenjenas-asadas","9":"product_shipping_class-envios","11":"first","12":"instock","13":"shipping-taxable","14":"purchasable","15":"product-type-simple"},"_links":{"self":[{"href":"https:\/\/greenlebanon.store\/en\/wp-json\/wp\/v2\/product\/392","targetHints":{"allow":["GET"]}}],"collection":[{"href":"https:\/\/greenlebanon.store\/en\/wp-json\/wp\/v2\/product"}],"about":[{"href":"https:\/\/greenlebanon.store\/en\/wp-json\/wp\/v2\/types\/product"}],"replies":[{"embeddable":true,"href":"https:\/\/greenlebanon.store\/en\/wp-json\/wp\/v2\/comments?post=392"}],"wp:featuredmedia":[{"embeddable":true,"href":"https:\/\/greenlebanon.store\/en\/wp-json\/wp\/v2\/media\/646"}],"wp:attachment":[{"href":"https:\/\/greenlebanon.store\/en\/wp-json\/wp\/v2\/media?parent=392"}],"wp:term":[{"taxonomy":"product_brand","embeddable":true,"href":"https:\/\/greenlebanon.store\/en\/wp-json\/wp\/v2\/product_brand?post=392"},{"taxonomy":"product_cat","embeddable":true,"href":"https:\/\/greenlebanon.store\/en\/wp-json\/wp\/v2\/product_cat?post=392"},{"taxonomy":"product_tag","embeddable":true,"href":"https:\/\/greenlebanon.store\/en\/wp-json\/wp\/v2\/product_tag?post=392"}],"curies":[{"name":"wp","href":"https:\/\/api.w.org\/{rel}","templated":true}]}}