{"id":394,"date":"2025-05-07T18:33:13","date_gmt":"2025-05-07T18:33:13","guid":{"rendered":"https:\/\/greenlebanon.store\/product\/burghul-blanco-fino-premium\/"},"modified":"2025-12-11T13:16:15","modified_gmt":"2025-12-11T13:16:15","slug":"burghul-blanco-fino-premium","status":"publish","type":"product","link":"https:\/\/greenlebanon.store\/en\/product\/burghul-blanco-fino-premium\/","title":{"rendered":"Burghul Blanco Fino Premium,900g"},"content":{"rendered":"<p data-start=\"115\" data-end=\"449\">El burgol blanco es trigo precocido, secado y triturado, de color claro y textura suave con un toque a nuez. F\u00e1cil y r\u00e1pido de preparar, conserva su fibra y nutrientes naturales. Ideal para tabul\u00e9, ensaladas, sopas, guisos o como sustituto del arroz y cusc\u00fas. Una opci\u00f3n saludable, energ\u00e9tica y vers\u00e1til para tu cocina.<\/p>","protected":false},"excerpt":{"rendered":"<p>El burgol blanco es trigo precocido, secado y triturado, de color claro y textura suave con un toque a nuez. F\u00e1cil y r\u00e1pido de preparar, conserva su fibra y nutrientes naturales. Ideal para tabul\u00e9, ensaladas, sopas, guisos o como sustituto del arroz y cusc\u00fas. Una opci\u00f3n saludable, energ\u00e9tica y vers\u00e1til para tu cocina.<\/p>","protected":false},"featured_media":720,"comment_status":"open","ping_status":"closed","template":"","meta":{"_et_pb_use_builder":"","_et_pb_old_content":"","_et_gb_content_width":""},"product_brand":[106],"product_cat":[34],"product_tag":[180],"class_list":{"0":"post-394","1":"product","2":"type-product","3":"status-publish","4":"has-post-thumbnail","6":"product_brand-green-lebanon","7":"product_cat-legumbres-y-cereales","8":"product_tag-bulgur-blanco-fino","9":"product_shipping_class-envios","11":"first","12":"instock","13":"shipping-taxable","14":"purchasable","15":"product-type-simple"},"_links":{"self":[{"href":"https:\/\/greenlebanon.store\/en\/wp-json\/wp\/v2\/product\/394","targetHints":{"allow":["GET"]}}],"collection":[{"href":"https:\/\/greenlebanon.store\/en\/wp-json\/wp\/v2\/product"}],"about":[{"href":"https:\/\/greenlebanon.store\/en\/wp-json\/wp\/v2\/types\/product"}],"replies":[{"embeddable":true,"href":"https:\/\/greenlebanon.store\/en\/wp-json\/wp\/v2\/comments?post=394"}],"wp:featuredmedia":[{"embeddable":true,"href":"https:\/\/greenlebanon.store\/en\/wp-json\/wp\/v2\/media\/720"}],"wp:attachment":[{"href":"https:\/\/greenlebanon.store\/en\/wp-json\/wp\/v2\/media?parent=394"}],"wp:term":[{"taxonomy":"product_brand","embeddable":true,"href":"https:\/\/greenlebanon.store\/en\/wp-json\/wp\/v2\/product_brand?post=394"},{"taxonomy":"product_cat","embeddable":true,"href":"https:\/\/greenlebanon.store\/en\/wp-json\/wp\/v2\/product_cat?post=394"},{"taxonomy":"product_tag","embeddable":true,"href":"https:\/\/greenlebanon.store\/en\/wp-json\/wp\/v2\/product_tag?post=394"}],"curies":[{"name":"wp","href":"https:\/\/api.w.org\/{rel}","templated":true}]}}