{"id":395,"date":"2025-05-07T18:33:13","date_gmt":"2025-05-07T18:33:13","guid":{"rendered":"https:\/\/greenlebanon.store\/product\/burghul-blanco-grueso\/"},"modified":"2025-12-11T13:20:41","modified_gmt":"2025-12-11T13:20:41","slug":"burghul-blanco-grueso","status":"publish","type":"product","link":"https:\/\/greenlebanon.store\/en\/product\/burghul-blanco-grueso\/","title":{"rendered":"Burghul Blanco Grueso,1kg"},"content":{"rendered":"<p data-start=\"183\" data-end=\"639\">El burgol blanco grueso es trigo duro precocido, secado y triturado en granos de mayor tama\u00f1o, de color claro y textura firme con un ligero sabor a nuez. Conserva su fibra y nutrientes, siendo una excelente fuente de energ\u00eda vegetal. Su preparaci\u00f3n es sencilla y r\u00e1pida. Ideal para guisos, pilafs, rellenos, alb\u00f3ndigas, falafel o como base para platos calientes y saludables. Una opci\u00f3n nutritiva y vers\u00e1til para dar cuerpo y sabor a tus recetas.<\/p>","protected":false},"excerpt":{"rendered":"<p>El burgol blanco grueso es trigo duro precocido, secado y triturado en granos de mayor tama\u00f1o, de color claro y textura firme con un ligero sabor a nuez. Conserva su fibra y nutrientes, siendo una excelente fuente de energ\u00eda vegetal. Su preparaci\u00f3n es sencilla y r\u00e1pida. Ideal para guisos, pilafs, rellenos, alb\u00f3ndigas, falafel o como base para platos calientes y saludables. Una opci\u00f3n nutritiva y vers\u00e1til para dar cuerpo y sabor a tus recetas.<\/p>","protected":false},"featured_media":721,"comment_status":"open","ping_status":"closed","template":"","meta":{"_et_pb_use_builder":"","_et_pb_old_content":"","_et_gb_content_width":""},"product_brand":[181],"product_cat":[34],"product_tag":[182],"class_list":{"0":"post-395","1":"product","2":"type-product","3":"status-publish","4":"has-post-thumbnail","6":"product_brand-miras","7":"product_cat-legumbres-y-cereales","8":"product_tag-burghul-blanco-grueso","9":"product_shipping_class-envios","11":"first","12":"instock","13":"shipping-taxable","14":"purchasable","15":"product-type-simple"},"_links":{"self":[{"href":"https:\/\/greenlebanon.store\/en\/wp-json\/wp\/v2\/product\/395","targetHints":{"allow":["GET"]}}],"collection":[{"href":"https:\/\/greenlebanon.store\/en\/wp-json\/wp\/v2\/product"}],"about":[{"href":"https:\/\/greenlebanon.store\/en\/wp-json\/wp\/v2\/types\/product"}],"replies":[{"embeddable":true,"href":"https:\/\/greenlebanon.store\/en\/wp-json\/wp\/v2\/comments?post=395"}],"wp:featuredmedia":[{"embeddable":true,"href":"https:\/\/greenlebanon.store\/en\/wp-json\/wp\/v2\/media\/721"}],"wp:attachment":[{"href":"https:\/\/greenlebanon.store\/en\/wp-json\/wp\/v2\/media?parent=395"}],"wp:term":[{"taxonomy":"product_brand","embeddable":true,"href":"https:\/\/greenlebanon.store\/en\/wp-json\/wp\/v2\/product_brand?post=395"},{"taxonomy":"product_cat","embeddable":true,"href":"https:\/\/greenlebanon.store\/en\/wp-json\/wp\/v2\/product_cat?post=395"},{"taxonomy":"product_tag","embeddable":true,"href":"https:\/\/greenlebanon.store\/en\/wp-json\/wp\/v2\/product_tag?post=395"}],"curies":[{"name":"wp","href":"https:\/\/api.w.org\/{rel}","templated":true}]}}