{"id":396,"date":"2025-05-07T18:33:14","date_gmt":"2025-05-07T18:33:14","guid":{"rendered":"https:\/\/greenlebanon.store\/product\/burghul-moreno-fino-premium\/"},"modified":"2025-12-11T13:24:25","modified_gmt":"2025-12-11T13:24:25","slug":"burghul-moreno-fino-premium","status":"publish","type":"product","link":"https:\/\/greenlebanon.store\/en\/product\/burghul-moreno-fino-premium\/","title":{"rendered":"Burghul Moreno Fino Premium,900g"},"content":{"rendered":"<p data-start=\"240\" data-end=\"628\">El burgol moreno fino es\u00a0 de calidad premium, precocido, secado y triturado en granos peque\u00f1os que conservan todo su salvado y valor nutritivo. De color dorado oscuro y aroma intenso, ofrece una textura ligera y un sabor naturalmente a nuez. Rico en fibra, prote\u00ednas vegetales y minerales esenciales, es una excelente opci\u00f3n para una alimentaci\u00f3n saludable.Su preparaci\u00f3n es r\u00e1pida y vers\u00e1til, ideal para tabul\u00e9, ensaladas, rellenos, hamburguesas vegetales, croquetas, falafel o como base nutritiva para bowls y platos fr\u00edos o calientes. Una elecci\u00f3n gourmet que combina nutrici\u00f3n, sabor y calidad superior en cada receta.<\/p>","protected":false},"excerpt":{"rendered":"<p>El burgol moreno fino es\u00a0 de calidad premium, precocido, secado y triturado en granos peque\u00f1os que conservan todo su salvado y valor nutritivo. De color dorado oscuro y aroma intenso, ofrece una textura ligera y un sabor naturalmente a nuez. Rico en fibra, prote\u00ednas vegetales y minerales esenciales, es una excelente opci\u00f3n para una alimentaci\u00f3n saludable.Su preparaci\u00f3n es r\u00e1pida y vers\u00e1til, ideal para tabul\u00e9, ensaladas, rellenos, hamburguesas vegetales, croquetas, falafel o como base nutritiva para bowls y platos fr\u00edos o calientes. Una elecci\u00f3n gourmet que combina nutrici\u00f3n, sabor y calidad superior en cada receta.<\/p>","protected":false},"featured_media":722,"comment_status":"open","ping_status":"closed","template":"","meta":{"_et_pb_use_builder":"","_et_pb_old_content":"","_et_gb_content_width":""},"product_brand":[106],"product_cat":[34],"product_tag":[183],"class_list":{"0":"post-396","1":"product","2":"type-product","3":"status-publish","4":"has-post-thumbnail","6":"product_brand-green-lebanon","7":"product_cat-legumbres-y-cereales","8":"product_tag-burghul-moreno-fino","9":"product_shipping_class-envios","11":"first","12":"instock","13":"shipping-taxable","14":"purchasable","15":"product-type-simple"},"_links":{"self":[{"href":"https:\/\/greenlebanon.store\/en\/wp-json\/wp\/v2\/product\/396","targetHints":{"allow":["GET"]}}],"collection":[{"href":"https:\/\/greenlebanon.store\/en\/wp-json\/wp\/v2\/product"}],"about":[{"href":"https:\/\/greenlebanon.store\/en\/wp-json\/wp\/v2\/types\/product"}],"replies":[{"embeddable":true,"href":"https:\/\/greenlebanon.store\/en\/wp-json\/wp\/v2\/comments?post=396"}],"wp:featuredmedia":[{"embeddable":true,"href":"https:\/\/greenlebanon.store\/en\/wp-json\/wp\/v2\/media\/722"}],"wp:attachment":[{"href":"https:\/\/greenlebanon.store\/en\/wp-json\/wp\/v2\/media?parent=396"}],"wp:term":[{"taxonomy":"product_brand","embeddable":true,"href":"https:\/\/greenlebanon.store\/en\/wp-json\/wp\/v2\/product_brand?post=396"},{"taxonomy":"product_cat","embeddable":true,"href":"https:\/\/greenlebanon.store\/en\/wp-json\/wp\/v2\/product_cat?post=396"},{"taxonomy":"product_tag","embeddable":true,"href":"https:\/\/greenlebanon.store\/en\/wp-json\/wp\/v2\/product_tag?post=396"}],"curies":[{"name":"wp","href":"https:\/\/api.w.org\/{rel}","templated":true}]}}