{"id":397,"date":"2025-05-07T18:33:14","date_gmt":"2025-05-07T18:33:14","guid":{"rendered":"https:\/\/greenlebanon.store\/product\/burghul-moreno-grueso\/"},"modified":"2025-12-11T13:28:14","modified_gmt":"2025-12-11T13:28:14","slug":"burghul-moreno-grueso","status":"publish","type":"product","link":"https:\/\/greenlebanon.store\/en\/product\/burghul-moreno-grueso\/","title":{"rendered":"Burghul Moreno Grueso,900g"},"content":{"rendered":"<p data-start=\"234\" data-end=\"563\">El burgol integral grueso es trigo duro precocido, secado y triturado en granos de mayor tama\u00f1o que conservan su salvado natural y alto valor nutritivo. De color dorado oscuro y sabor intenso a nuez, ofrece una textura firme y sustanciosa ideal para platos consistentes y llenos de energ\u00eda.Rico en fibra, prote\u00ednas vegetales y minerales esenciales, es perfecto para una dieta equilibrada y saludable. Su preparaci\u00f3n es sencilla y r\u00e1pida, ideal para guisos, pilafs, rellenos, alb\u00f3ndigas, falafel o como base para platos calientes y nutritivos. Una opci\u00f3n gourmet y vers\u00e1til que aporta cuerpo, sabor y calidad superior a cada receta.<\/p>","protected":false},"excerpt":{"rendered":"<p>El burgol integral grueso es trigo duro precocido, secado y triturado en granos de mayor tama\u00f1o que conservan su salvado natural y alto valor nutritivo. De color dorado oscuro y sabor intenso a nuez, ofrece una textura firme y sustanciosa ideal para platos consistentes y llenos de energ\u00eda.Rico en fibra, prote\u00ednas vegetales y minerales esenciales, es perfecto para una dieta equilibrada y saludable. Su preparaci\u00f3n es sencilla y r\u00e1pida, ideal para guisos, pilafs, rellenos, alb\u00f3ndigas, falafel o como base para platos calientes y nutritivos. Una opci\u00f3n gourmet y vers\u00e1til que aporta cuerpo, sabor y calidad superior a cada receta.<\/p>","protected":false},"featured_media":723,"comment_status":"open","ping_status":"closed","template":"","meta":{"_et_pb_use_builder":"","_et_pb_old_content":"","_et_gb_content_width":""},"product_brand":[70],"product_cat":[34],"product_tag":[184],"class_list":{"0":"post-397","1":"product","2":"type-product","3":"status-publish","4":"has-post-thumbnail","6":"product_brand-chtoura-garden","7":"product_cat-legumbres-y-cereales","8":"product_tag-burghul-moreno-grueso","9":"product_shipping_class-envios","11":"first","12":"instock","13":"shipping-taxable","14":"purchasable","15":"product-type-simple"},"_links":{"self":[{"href":"https:\/\/greenlebanon.store\/en\/wp-json\/wp\/v2\/product\/397","targetHints":{"allow":["GET"]}}],"collection":[{"href":"https:\/\/greenlebanon.store\/en\/wp-json\/wp\/v2\/product"}],"about":[{"href":"https:\/\/greenlebanon.store\/en\/wp-json\/wp\/v2\/types\/product"}],"replies":[{"embeddable":true,"href":"https:\/\/greenlebanon.store\/en\/wp-json\/wp\/v2\/comments?post=397"}],"wp:featuredmedia":[{"embeddable":true,"href":"https:\/\/greenlebanon.store\/en\/wp-json\/wp\/v2\/media\/723"}],"wp:attachment":[{"href":"https:\/\/greenlebanon.store\/en\/wp-json\/wp\/v2\/media?parent=397"}],"wp:term":[{"taxonomy":"product_brand","embeddable":true,"href":"https:\/\/greenlebanon.store\/en\/wp-json\/wp\/v2\/product_brand?post=397"},{"taxonomy":"product_cat","embeddable":true,"href":"https:\/\/greenlebanon.store\/en\/wp-json\/wp\/v2\/product_cat?post=397"},{"taxonomy":"product_tag","embeddable":true,"href":"https:\/\/greenlebanon.store\/en\/wp-json\/wp\/v2\/product_tag?post=397"}],"curies":[{"name":"wp","href":"https:\/\/api.w.org\/{rel}","templated":true}]}}