{"id":400,"date":"2025-05-07T18:33:15","date_gmt":"2025-05-07T18:33:15","guid":{"rendered":"https:\/\/greenlebanon.store\/product\/cafe-libanes-con-cardamomo\/"},"modified":"2025-09-18T14:18:29","modified_gmt":"2025-09-18T14:18:29","slug":"cafe-libanes-con-cardamomo","status":"publish","type":"product","link":"https:\/\/greenlebanon.store\/en\/product\/cafe-libanes-con-cardamomo\/","title":{"rendered":"Caf\u00e9 Liban\u00e9s Con Cardamomo,200g"},"content":{"rendered":"<p>Una cuidada mezcla de granos de caf\u00e9 ar\u00e1bica finamente molidos y tostados lentamente para realzar su cuerpo y suavidad.El cardamomo,a\u00f1adido en semillas enteras y molidas aporta un aroma intenso fresco y especiado que envuelve cada sorbo.El resultado es una bebida con car\u00e1cter,fragante y elegante,que combina la riqueza del caf\u00e9 oriental con la calidez de las especias tradicionales del L\u00edbano<\/p>","protected":false},"excerpt":{"rendered":"<p>Una cuidada mezcla de granos de caf\u00e9 ar\u00e1bica finamente molidos y tostados lentamente para realzar su cuerpo y suavidad.El cardamomo,a\u00f1adido en semillas enteras y molidas aporta un aroma intenso fresco y especiado que envuelve cada sorbo.El resultado es una bebida con car\u00e1cter,fragante y elegante,que combina la riqueza del caf\u00e9 oriental con la calidez de las especias tradicionales del L\u00edbano<\/p>","protected":false},"featured_media":579,"comment_status":"open","ping_status":"closed","template":"","meta":{"_et_pb_use_builder":"","_et_pb_old_content":"","_et_gb_content_width":""},"product_brand":[62],"product_cat":[36],"product_tag":[63],"class_list":{"0":"post-400","1":"product","2":"type-product","3":"status-publish","4":"has-post-thumbnail","6":"product_brand-najjar","7":"product_cat-cafe-y-te","8":"product_tag-cafe-najjar","9":"product_shipping_class-envios","11":"first","12":"instock","13":"shipping-taxable","14":"purchasable","15":"product-type-simple"},"_links":{"self":[{"href":"https:\/\/greenlebanon.store\/en\/wp-json\/wp\/v2\/product\/400","targetHints":{"allow":["GET"]}}],"collection":[{"href":"https:\/\/greenlebanon.store\/en\/wp-json\/wp\/v2\/product"}],"about":[{"href":"https:\/\/greenlebanon.store\/en\/wp-json\/wp\/v2\/types\/product"}],"replies":[{"embeddable":true,"href":"https:\/\/greenlebanon.store\/en\/wp-json\/wp\/v2\/comments?post=400"}],"wp:featuredmedia":[{"embeddable":true,"href":"https:\/\/greenlebanon.store\/en\/wp-json\/wp\/v2\/media\/579"}],"wp:attachment":[{"href":"https:\/\/greenlebanon.store\/en\/wp-json\/wp\/v2\/media?parent=400"}],"wp:term":[{"taxonomy":"product_brand","embeddable":true,"href":"https:\/\/greenlebanon.store\/en\/wp-json\/wp\/v2\/product_brand?post=400"},{"taxonomy":"product_cat","embeddable":true,"href":"https:\/\/greenlebanon.store\/en\/wp-json\/wp\/v2\/product_cat?post=400"},{"taxonomy":"product_tag","embeddable":true,"href":"https:\/\/greenlebanon.store\/en\/wp-json\/wp\/v2\/product_tag?post=400"}],"curies":[{"name":"wp","href":"https:\/\/api.w.org\/{rel}","templated":true}]}}