{"id":402,"date":"2025-05-07T18:33:16","date_gmt":"2025-05-07T18:33:16","guid":{"rendered":"https:\/\/greenlebanon.store\/product\/canela-molida\/"},"modified":"2025-11-10T18:12:54","modified_gmt":"2025-11-10T18:12:54","slug":"canela-molida","status":"publish","type":"product","link":"https:\/\/greenlebanon.store\/en\/product\/canela-molida\/","title":{"rendered":"Canela Molida,1kg"},"content":{"rendered":"<p data-start=\"261\" data-end=\"637\">La canela molida de Green Lebanon aporta un aroma c\u00e1lido, dulce y ligeramente picante que transforma cualquier receta en una experiencia llena de sabor y tradici\u00f3n. Proveniente de la corteza del canelo, esta especia milenaria es muy apreciada tanto por su uso culinario como por sus propiedades beneficiosas para la salud.Rica en antioxidantes y con reconocidos efectos digestivos y antiinflamatorios, la canela es un ingrediente natural que contribuye al bienestar general mientras da un toque arom\u00e1tico \u00fanico a tus platos.Perfecta para reposter\u00eda, caf\u00e9s, infusiones, guisos, carnes y postres orientales o mediterr\u00e1neos, su sabor envolvente realza lo mejor de cada preparaci\u00f3n.Un b\u00e1sico imprescindible en toda cocina que combina placer y salud en cada pizca.<\/p>","protected":false},"excerpt":{"rendered":"<p>La canela molida de Green Lebanon aporta un aroma c\u00e1lido, dulce y ligeramente picante que transforma cualquier receta en una experiencia llena de sabor y tradici\u00f3n. Proveniente de la corteza del canelo, esta especia milenaria es muy apreciada tanto por su uso culinario como por sus propiedades beneficiosas para la salud.Rica en antioxidantes y con reconocidos efectos digestivos y antiinflamatorios, la canela es un ingrediente natural que contribuye al bienestar general mientras da un toque arom\u00e1tico \u00fanico a tus platos.Perfecta para reposter\u00eda, caf\u00e9s, infusiones, guisos, carnes y postres orientales o mediterr\u00e1neos, su sabor envolvente realza lo mejor de cada preparaci\u00f3n.Un b\u00e1sico imprescindible en toda cocina que combina placer y salud en cada pizca.<\/p>","protected":false},"featured_media":677,"comment_status":"open","ping_status":"closed","template":"","meta":{"_et_pb_use_builder":"","_et_pb_old_content":"","_et_gb_content_width":""},"product_brand":[106],"product_cat":[30],"product_tag":[137],"class_list":{"0":"post-402","1":"product","2":"type-product","3":"status-publish","4":"has-post-thumbnail","6":"product_brand-green-lebanon","7":"product_cat-especias-y-hierbas","8":"product_tag-canela-molida","9":"product_shipping_class-envios","11":"first","12":"instock","13":"shipping-taxable","14":"purchasable","15":"product-type-simple"},"_links":{"self":[{"href":"https:\/\/greenlebanon.store\/en\/wp-json\/wp\/v2\/product\/402","targetHints":{"allow":["GET"]}}],"collection":[{"href":"https:\/\/greenlebanon.store\/en\/wp-json\/wp\/v2\/product"}],"about":[{"href":"https:\/\/greenlebanon.store\/en\/wp-json\/wp\/v2\/types\/product"}],"replies":[{"embeddable":true,"href":"https:\/\/greenlebanon.store\/en\/wp-json\/wp\/v2\/comments?post=402"}],"wp:featuredmedia":[{"embeddable":true,"href":"https:\/\/greenlebanon.store\/en\/wp-json\/wp\/v2\/media\/677"}],"wp:attachment":[{"href":"https:\/\/greenlebanon.store\/en\/wp-json\/wp\/v2\/media?parent=402"}],"wp:term":[{"taxonomy":"product_brand","embeddable":true,"href":"https:\/\/greenlebanon.store\/en\/wp-json\/wp\/v2\/product_brand?post=402"},{"taxonomy":"product_cat","embeddable":true,"href":"https:\/\/greenlebanon.store\/en\/wp-json\/wp\/v2\/product_cat?post=402"},{"taxonomy":"product_tag","embeddable":true,"href":"https:\/\/greenlebanon.store\/en\/wp-json\/wp\/v2\/product_tag?post=402"}],"curies":[{"name":"wp","href":"https:\/\/api.w.org\/{rel}","templated":true}]}}