{"id":404,"date":"2025-05-07T18:33:16","date_gmt":"2025-05-07T18:33:16","guid":{"rendered":"https:\/\/greenlebanon.store\/product\/cardamomo-molido\/"},"modified":"2025-11-10T18:18:42","modified_gmt":"2025-11-10T18:18:42","slug":"cardamomo-molido","status":"publish","type":"product","link":"https:\/\/greenlebanon.store\/en\/product\/cardamomo-molido\/","title":{"rendered":"Cardamomo Molido,500g"},"content":{"rendered":"<p>El Cardamomo es una especie arom\u00e1tica de intenso perfume y sabor ligeramente dulce conocida por sus beneficios digestivos y antioxidantes.Es esencial en la cocina libanesa y mediterr\u00e1nea,donde realza platos dulces y salados A\u00f1adido al t\u00e9 libera un aroma c\u00e1lido y un delicioso sabor que convierte cada sorbo en una experiencia \u00fanica.<\/p>","protected":false},"excerpt":{"rendered":"<p>El Cardamomo es una especie arom\u00e1tica de intenso perfume y sabor ligeramente dulce conocida por sus beneficios digestivos y antioxidantes.Es esencial en la cocina libanesa y mediterr\u00e1nea,donde realza platos dulces y salados A\u00f1adido al t\u00e9 libera un aroma c\u00e1lido y un delicioso sabor que convierte cada sorbo en una experiencia \u00fanica.<\/p>","protected":false},"featured_media":994,"comment_status":"open","ping_status":"closed","template":"","meta":{"_et_pb_use_builder":"","_et_pb_old_content":"","_et_gb_content_width":""},"product_brand":[53],"product_cat":[30],"product_tag":[65],"class_list":{"0":"post-404","1":"product","2":"type-product","3":"status-publish","4":"has-post-thumbnail","6":"product_brand-adonis","7":"product_cat-especias-y-hierbas","8":"product_tag-cardamomo-molido","9":"product_shipping_class-envios","11":"first","12":"instock","13":"shipping-taxable","14":"purchasable","15":"product-type-simple"},"_links":{"self":[{"href":"https:\/\/greenlebanon.store\/en\/wp-json\/wp\/v2\/product\/404","targetHints":{"allow":["GET"]}}],"collection":[{"href":"https:\/\/greenlebanon.store\/en\/wp-json\/wp\/v2\/product"}],"about":[{"href":"https:\/\/greenlebanon.store\/en\/wp-json\/wp\/v2\/types\/product"}],"replies":[{"embeddable":true,"href":"https:\/\/greenlebanon.store\/en\/wp-json\/wp\/v2\/comments?post=404"}],"wp:featuredmedia":[{"embeddable":true,"href":"https:\/\/greenlebanon.store\/en\/wp-json\/wp\/v2\/media\/994"}],"wp:attachment":[{"href":"https:\/\/greenlebanon.store\/en\/wp-json\/wp\/v2\/media?parent=404"}],"wp:term":[{"taxonomy":"product_brand","embeddable":true,"href":"https:\/\/greenlebanon.store\/en\/wp-json\/wp\/v2\/product_brand?post=404"},{"taxonomy":"product_cat","embeddable":true,"href":"https:\/\/greenlebanon.store\/en\/wp-json\/wp\/v2\/product_cat?post=404"},{"taxonomy":"product_tag","embeddable":true,"href":"https:\/\/greenlebanon.store\/en\/wp-json\/wp\/v2\/product_tag?post=404"}],"curies":[{"name":"wp","href":"https:\/\/api.w.org\/{rel}","templated":true}]}}