{"id":405,"date":"2025-05-07T18:33:17","date_gmt":"2025-05-07T18:33:17","guid":{"rendered":"https:\/\/greenlebanon.store\/product\/cerveza-beirut-beer\/"},"modified":"2025-09-29T13:42:55","modified_gmt":"2025-09-29T13:42:55","slug":"cerveza-beirut-beer","status":"publish","type":"product","link":"https:\/\/greenlebanon.store\/en\/product\/cerveza-beirut-beer\/","title":{"rendered":"Cerveza BEIRUT BEER,       330 ml \/ Pack de 6 Botellas"},"content":{"rendered":"<p data-start=\"90\" data-end=\"506\"><strong data-start=\"90\" data-end=\"137\">Beirut Beer \u2013 Pilsner Premium 100% libanesa<\/strong><br data-start=\"137\" data-end=\"140\" \/>\u00abBeirut\u00bb es una cerveza Pilsner Premium suave, fresca y equilibrada que r\u00e1pidamente ha conquistado la atenci\u00f3n all\u00e1 donde llega. Creada tras 10 a\u00f1os de planificaci\u00f3n por <strong data-start=\"310\" data-end=\"330\">Kassatly Chtaura<\/strong> en una cervecer\u00eda de \u00faltima generaci\u00f3n en Chtaura (L\u00edbano), es una cerveza que nace con orgullo y lleva el nombre de la capital como s\u00edmbolo de amor, identidad y modernidad.<\/p>\n<p data-start=\"508\" data-end=\"796\">Elaborada por y para el pueblo liban\u00e9s, <strong data-start=\"548\" data-end=\"563\">Beirut Beer<\/strong> refleja el esp\u00edritu optimista, cosmopolita y vibrante de su gente. Su sabor ligero pero con car\u00e1cter, y su equilibrio perfecto entre frescura y cuerpo, la convierten en la elecci\u00f3n ideal para quienes buscan calidad y autenticidad.<\/p>\n<p data-start=\"798\" data-end=\"1090\">Su botella, cuidadosamente dise\u00f1ada, incorpora en el fondo un motivo de antiguos azulejos libaneses, evocando las casas tradicionales de Beirut. El logo destaca la palabra \u00abBeirut\u00bb en negrita, con una \u00abT\u00bb estilizada inspirada en la caligraf\u00eda \u00e1rabe, reforzando su fuerte identidad cultural.<\/p>\n<p data-start=\"1092\" data-end=\"1207\">M\u00e1s que una cerveza, <strong data-start=\"1113\" data-end=\"1128\">Beirut Beer<\/strong> es un homenaje a la tradici\u00f3n, la modernidad y el car\u00e1cter \u00fanico del L\u00edbano.<\/p>","protected":false},"excerpt":{"rendered":"<p data-start=\"90\" data-end=\"506\"><strong data-start=\"90\" data-end=\"137\">Beirut Beer \u2013 Pilsner Premium 100% libanesa<\/strong><br data-start=\"137\" data-end=\"140\" \/>\u00abBeirut\u00bb es una cerveza Pilsner Premium suave, fresca y equilibrada que r\u00e1pidamente ha conquistado la atenci\u00f3n all\u00e1 donde llega. Creada tras 10 a\u00f1os de planificaci\u00f3n por <strong data-start=\"310\" data-end=\"330\">Kassatly Chtaura<\/strong> en una cervecer\u00eda de \u00faltima generaci\u00f3n en Chtaura (L\u00edbano), es una cerveza que nace con orgullo y lleva el nombre de la capital como s\u00edmbolo de amor, identidad y modernidad.<\/p>\n<p data-start=\"508\" data-end=\"796\">Elaborada por y para el pueblo liban\u00e9s, <strong data-start=\"548\" data-end=\"563\">Beirut Beer<\/strong> refleja el esp\u00edritu optimista, cosmopolita y vibrante de su gente. Su sabor ligero pero con car\u00e1cter, y su equilibrio perfecto entre frescura y cuerpo, la convierten en la elecci\u00f3n ideal para quienes buscan calidad y autenticidad.<\/p>\n<p data-start=\"798\" data-end=\"1090\">Su botella, cuidadosamente dise\u00f1ada, incorpora en el fondo un motivo de antiguos azulejos libaneses, evocando las casas tradicionales de Beirut. El logo destaca la palabra \u00abBeirut\u00bb en negrita, con una \u00abT\u00bb estilizada inspirada en la caligraf\u00eda \u00e1rabe, reforzando su fuerte identidad cultural.<\/p>\n<p data-start=\"1092\" data-end=\"1207\">M\u00e1s que una cerveza, <strong data-start=\"1113\" data-end=\"1128\">Beirut Beer<\/strong> es un homenaje a la tradici\u00f3n, la modernidad y el car\u00e1cter \u00fanico del L\u00edbano.<\/p>","protected":false},"featured_media":645,"comment_status":"open","ping_status":"closed","template":"","meta":{"_et_pb_use_builder":"","_et_pb_old_content":"","_et_gb_content_width":""},"product_brand":[77],"product_cat":[33],"product_tag":[78],"class_list":{"0":"post-405","1":"product","2":"type-product","3":"status-publish","4":"has-post-thumbnail","6":"product_brand-beirut-beer","7":"product_cat-cervezas-vinos-y-licores","8":"product_tag-beirut-beer","9":"product_shipping_class-envios","11":"first","12":"instock","13":"shipping-taxable","14":"purchasable","15":"product-type-simple"},"_links":{"self":[{"href":"https:\/\/greenlebanon.store\/en\/wp-json\/wp\/v2\/product\/405","targetHints":{"allow":["GET"]}}],"collection":[{"href":"https:\/\/greenlebanon.store\/en\/wp-json\/wp\/v2\/product"}],"about":[{"href":"https:\/\/greenlebanon.store\/en\/wp-json\/wp\/v2\/types\/product"}],"replies":[{"embeddable":true,"href":"https:\/\/greenlebanon.store\/en\/wp-json\/wp\/v2\/comments?post=405"}],"wp:featuredmedia":[{"embeddable":true,"href":"https:\/\/greenlebanon.store\/en\/wp-json\/wp\/v2\/media\/645"}],"wp:attachment":[{"href":"https:\/\/greenlebanon.store\/en\/wp-json\/wp\/v2\/media?parent=405"}],"wp:term":[{"taxonomy":"product_brand","embeddable":true,"href":"https:\/\/greenlebanon.store\/en\/wp-json\/wp\/v2\/product_brand?post=405"},{"taxonomy":"product_cat","embeddable":true,"href":"https:\/\/greenlebanon.store\/en\/wp-json\/wp\/v2\/product_cat?post=405"},{"taxonomy":"product_tag","embeddable":true,"href":"https:\/\/greenlebanon.store\/en\/wp-json\/wp\/v2\/product_tag?post=405"}],"curies":[{"name":"wp","href":"https:\/\/api.w.org\/{rel}","templated":true}]}}