{"id":411,"date":"2025-05-07T18:33:19","date_gmt":"2025-05-07T18:33:19","guid":{"rendered":"https:\/\/greenlebanon.store\/product\/curry\/"},"modified":"2025-11-13T11:47:51","modified_gmt":"2025-11-13T11:47:51","slug":"curry","status":"publish","type":"product","link":"https:\/\/greenlebanon.store\/en\/product\/curry\/","title":{"rendered":"Curry,1kg"},"content":{"rendered":"<p data-start=\"259\" data-end=\"646\">El curry en polvo es una mezcla arom\u00e1tica de especias seleccionadas que aporta un sabor ex\u00f3tico, c\u00e1lido y ligeramente picante a todo tipo de platos. Su equilibrio entre c\u00farcuma, comino, coriandro, jengibre y otras especias lo convierte en un ingrediente esencial tanto en la cocina mediterr\u00e1nea como en la oriental.Adem\u00e1s de su inconfundible aroma, el curry es conocido por sus propiedades digestivas, antioxidantes y antiinflamatorias, ayudando al bienestar general del organismo.Ideal para arroces, carnes, pescados, verduras, sopas y salsas, transforma tus recetas con un toque lleno de color, aroma y sabor.El Curry en Polvo Green Lebanon combina salud y sabor en cada cucharada, haciendo de cada plato una experiencia \u00fanica y deliciosa.<\/p>","protected":false},"excerpt":{"rendered":"<p>El curry en polvo es una mezcla arom\u00e1tica de especias seleccionadas que aporta un sabor ex\u00f3tico, c\u00e1lido y ligeramente picante a todo tipo de platos. Su equilibrio entre c\u00farcuma, comino, coriandro, jengibre y otras especias lo convierte en un ingrediente esencial tanto en la cocina mediterr\u00e1nea como en la oriental.Adem\u00e1s de su inconfundible aroma, el curry es conocido por sus propiedades digestivas, antioxidantes y antiinflamatorias, ayudando al bienestar general del organismo.Ideal para arroces, carnes, pescados, verduras, sopas y salsas, transforma tus recetas con un toque lleno de color, aroma y sabor.El Curry en Polvo Green Lebanon combina salud y sabor en cada cucharada, haciendo de cada plato una experiencia \u00fanica y deliciosa.<\/p>","protected":false},"featured_media":685,"comment_status":"open","ping_status":"closed","template":"","meta":{"_et_pb_use_builder":"","_et_pb_old_content":"","_et_gb_content_width":""},"product_brand":[106],"product_cat":[30],"product_tag":[143],"class_list":{"0":"post-411","1":"product","2":"type-product","3":"status-publish","4":"has-post-thumbnail","6":"product_brand-green-lebanon","7":"product_cat-especias-y-hierbas","8":"product_tag-curry","9":"product_shipping_class-envios","11":"first","12":"instock","13":"shipping-taxable","14":"purchasable","15":"product-type-simple"},"_links":{"self":[{"href":"https:\/\/greenlebanon.store\/en\/wp-json\/wp\/v2\/product\/411","targetHints":{"allow":["GET"]}}],"collection":[{"href":"https:\/\/greenlebanon.store\/en\/wp-json\/wp\/v2\/product"}],"about":[{"href":"https:\/\/greenlebanon.store\/en\/wp-json\/wp\/v2\/types\/product"}],"replies":[{"embeddable":true,"href":"https:\/\/greenlebanon.store\/en\/wp-json\/wp\/v2\/comments?post=411"}],"wp:featuredmedia":[{"embeddable":true,"href":"https:\/\/greenlebanon.store\/en\/wp-json\/wp\/v2\/media\/685"}],"wp:attachment":[{"href":"https:\/\/greenlebanon.store\/en\/wp-json\/wp\/v2\/media?parent=411"}],"wp:term":[{"taxonomy":"product_brand","embeddable":true,"href":"https:\/\/greenlebanon.store\/en\/wp-json\/wp\/v2\/product_brand?post=411"},{"taxonomy":"product_cat","embeddable":true,"href":"https:\/\/greenlebanon.store\/en\/wp-json\/wp\/v2\/product_cat?post=411"},{"taxonomy":"product_tag","embeddable":true,"href":"https:\/\/greenlebanon.store\/en\/wp-json\/wp\/v2\/product_tag?post=411"}],"curies":[{"name":"wp","href":"https:\/\/api.w.org\/{rel}","templated":true}]}}