{"id":412,"date":"2025-05-07T18:33:20","date_gmt":"2025-05-07T18:33:20","guid":{"rendered":"https:\/\/greenlebanon.store\/product\/cuscus\/"},"modified":"2025-12-11T13:34:30","modified_gmt":"2025-12-11T13:34:30","slug":"cuscus","status":"publish","type":"product","link":"https:\/\/greenlebanon.store\/en\/product\/cuscus\/","title":{"rendered":"Cusc\u00fas,1kg"},"content":{"rendered":"<p data-start=\"151\" data-end=\"475\">El cusc\u00fas es un alimento tradicional elaborado a partir de s\u00e9mola de trigo duro, que se hidrata, cuece al vapor y se seca hasta obtener peque\u00f1os granos dorados y ligeros. Su textura suave y esponjosa, junto con su sabor delicado, lo convierten en un ingrediente muy vers\u00e1til y apreciado en la cocina internacional.De preparaci\u00f3n r\u00e1pida y sencilla, el cusc\u00fas puede servirse como guarnici\u00f3n, base para ensaladas, acompa\u00f1amiento de carnes, pescados o verduras, e incluso en versiones dulces con frutos secos y especias. Es una fuente natural de energ\u00eda y carbohidratos complejos, ideal para una alimentaci\u00f3n equilibrada.Un producto pr\u00e1ctico, nutritivo y delicioso que aporta autenticidad y sabor mediterr\u00e1neo a cualquier plato.<\/p>","protected":false},"excerpt":{"rendered":"<p>El cusc\u00fas es un alimento tradicional elaborado a partir de s\u00e9mola de trigo duro, que se hidrata, cuece al vapor y se seca hasta obtener peque\u00f1os granos dorados y ligeros. Su textura suave y esponjosa, junto con su sabor delicado, lo convierten en un ingrediente muy vers\u00e1til y apreciado en la cocina internacional.De preparaci\u00f3n r\u00e1pida y sencilla, el cusc\u00fas puede servirse como guarnici\u00f3n, base para ensaladas, acompa\u00f1amiento de carnes, pescados o verduras, e incluso en versiones dulces con frutos secos y especias. Es una fuente natural de energ\u00eda y carbohidratos complejos, ideal para una alimentaci\u00f3n equilibrada.Un producto pr\u00e1ctico, nutritivo y delicioso que aporta autenticidad y sabor mediterr\u00e1neo a cualquier plato.<\/p>","protected":false},"featured_media":724,"comment_status":"open","ping_status":"closed","template":"","meta":{"_et_pb_use_builder":"","_et_pb_old_content":"","_et_gb_content_width":""},"product_brand":[185],"product_cat":[34],"product_tag":[186],"class_list":{"0":"post-412","1":"product","2":"type-product","3":"status-publish","4":"has-post-thumbnail","6":"product_brand-tria","7":"product_cat-legumbres-y-cereales","8":"product_tag-cuscus","9":"product_shipping_class-envios","11":"first","12":"instock","13":"shipping-taxable","14":"purchasable","15":"product-type-simple"},"_links":{"self":[{"href":"https:\/\/greenlebanon.store\/en\/wp-json\/wp\/v2\/product\/412","targetHints":{"allow":["GET"]}}],"collection":[{"href":"https:\/\/greenlebanon.store\/en\/wp-json\/wp\/v2\/product"}],"about":[{"href":"https:\/\/greenlebanon.store\/en\/wp-json\/wp\/v2\/types\/product"}],"replies":[{"embeddable":true,"href":"https:\/\/greenlebanon.store\/en\/wp-json\/wp\/v2\/comments?post=412"}],"wp:featuredmedia":[{"embeddable":true,"href":"https:\/\/greenlebanon.store\/en\/wp-json\/wp\/v2\/media\/724"}],"wp:attachment":[{"href":"https:\/\/greenlebanon.store\/en\/wp-json\/wp\/v2\/media?parent=412"}],"wp:term":[{"taxonomy":"product_brand","embeddable":true,"href":"https:\/\/greenlebanon.store\/en\/wp-json\/wp\/v2\/product_brand?post=412"},{"taxonomy":"product_cat","embeddable":true,"href":"https:\/\/greenlebanon.store\/en\/wp-json\/wp\/v2\/product_cat?post=412"},{"taxonomy":"product_tag","embeddable":true,"href":"https:\/\/greenlebanon.store\/en\/wp-json\/wp\/v2\/product_tag?post=412"}],"curies":[{"name":"wp","href":"https:\/\/api.w.org\/{rel}","templated":true}]}}