{"id":413,"date":"2025-05-07T18:33:20","date_gmt":"2025-05-07T18:33:20","guid":{"rendered":"https:\/\/greenlebanon.store\/product\/dolma-2kg\/"},"modified":"2025-10-17T12:13:43","modified_gmt":"2025-10-17T12:13:43","slug":"dolma-2kg","status":"publish","type":"product","link":"https:\/\/greenlebanon.store\/en\/product\/dolma-2kg\/","title":{"rendered":"Dolma,2kg"},"content":{"rendered":"<p><strong data-start=\"0\" data-end=\"9\" data-is-only-node=\"\">Dolma<\/strong> es el nombre que recibe el tradicional plato de <strong data-start=\"58\" data-end=\"85\">hojas de parra rellenas<\/strong> con una mezcla de <strong data-start=\"104\" data-end=\"144\">arroz, cebolla y especias arom\u00e1ticas<\/strong>. Este delicioso manjar combina sabores aut\u00e9nticos del Mediterr\u00e1neo y Oriente Medio, ofreciendo una experiencia gastron\u00f3mica \u00fanica. Ideal como <strong data-start=\"287\" data-end=\"324\">entrante o plato principal ligero<\/strong>, el Dolma es perfecto para disfrutar en cualquier ocasi\u00f3n.<\/p>","protected":false},"excerpt":{"rendered":"<p><strong data-start=\"0\" data-end=\"9\" data-is-only-node=\"\">Dolma<\/strong> es el nombre que recibe el tradicional plato de <strong data-start=\"58\" data-end=\"85\">hojas de parra rellenas<\/strong> con una mezcla de <strong data-start=\"104\" data-end=\"144\">arroz, cebolla y especias arom\u00e1ticas<\/strong>. Este delicioso manjar combina sabores aut\u00e9nticos del Mediterr\u00e1neo y Oriente Medio, ofreciendo una experiencia gastron\u00f3mica \u00fanica. Ideal como <strong data-start=\"287\" data-end=\"324\">entrante o plato principal ligero<\/strong>, el Dolma es perfecto para disfrutar en cualquier ocasi\u00f3n.<\/p>","protected":false},"featured_media":649,"comment_status":"open","ping_status":"closed","template":"","meta":{"_et_pb_use_builder":"","_et_pb_old_content":"","_et_gb_content_width":""},"product_brand":[101],"product_cat":[35],"product_tag":[102],"class_list":{"0":"post-413","1":"product","2":"type-product","3":"status-publish","4":"has-post-thumbnail","6":"product_brand-elifce","7":"product_cat-conservas-y-condimentos","8":"product_tag-elifce-yaprak","9":"product_shipping_class-envios","11":"first","12":"instock","13":"shipping-taxable","14":"purchasable","15":"product-type-simple"},"_links":{"self":[{"href":"https:\/\/greenlebanon.store\/en\/wp-json\/wp\/v2\/product\/413","targetHints":{"allow":["GET"]}}],"collection":[{"href":"https:\/\/greenlebanon.store\/en\/wp-json\/wp\/v2\/product"}],"about":[{"href":"https:\/\/greenlebanon.store\/en\/wp-json\/wp\/v2\/types\/product"}],"replies":[{"embeddable":true,"href":"https:\/\/greenlebanon.store\/en\/wp-json\/wp\/v2\/comments?post=413"}],"wp:featuredmedia":[{"embeddable":true,"href":"https:\/\/greenlebanon.store\/en\/wp-json\/wp\/v2\/media\/649"}],"wp:attachment":[{"href":"https:\/\/greenlebanon.store\/en\/wp-json\/wp\/v2\/media?parent=413"}],"wp:term":[{"taxonomy":"product_brand","embeddable":true,"href":"https:\/\/greenlebanon.store\/en\/wp-json\/wp\/v2\/product_brand?post=413"},{"taxonomy":"product_cat","embeddable":true,"href":"https:\/\/greenlebanon.store\/en\/wp-json\/wp\/v2\/product_cat?post=413"},{"taxonomy":"product_tag","embeddable":true,"href":"https:\/\/greenlebanon.store\/en\/wp-json\/wp\/v2\/product_tag?post=413"}],"curies":[{"name":"wp","href":"https:\/\/api.w.org\/{rel}","templated":true}]}}