{"id":414,"date":"2025-05-07T18:33:21","date_gmt":"2025-05-07T18:33:21","guid":{"rendered":"https:\/\/greenlebanon.store\/product\/especias-y-hierbas-carawya\/"},"modified":"2025-11-13T11:52:37","modified_gmt":"2025-11-13T11:52:37","slug":"especias-carawya","status":"publish","type":"product","link":"https:\/\/greenlebanon.store\/en\/product\/especias-carawya\/","title":{"rendered":"Alcaravea Molida(Carawya),500g"},"content":{"rendered":"<p data-start=\"256\" data-end=\"532\">La alcaravea (Carawya) de Green Lebanon es una especia tradicional de la cocina mediterr\u00e1nea y oriental, apreciada por su aroma intenso, ligeramente dulce y anisado, que aporta un toque c\u00e1lido y distintivo a una gran variedad de platos.Muy utilizada en panes, quesos, guisos, carnes, legumbres y encurtidos, la alcaravea realza el sabor natural de los alimentos y da un toque aut\u00e9ntico a las recetas caseras.Adem\u00e1s, es conocida por sus propiedades digestivas, antioxidantes y calmantes, ayudando a mejorar la digesti\u00f3n y el bienestar general.Un ingrediente esencial que combina sabor, tradici\u00f3n y salud, perfecto para quienes buscan una cocina natural y equilibrada con el aut\u00e9ntico esp\u00edritu mediterr\u00e1neo.<\/p>","protected":false},"excerpt":{"rendered":"<p>La alcaravea (Carawya) de Green Lebanon es una especia tradicional de la cocina mediterr\u00e1nea y oriental, apreciada por su aroma intenso, ligeramente dulce y anisado, que aporta un toque c\u00e1lido y distintivo a una gran variedad de platos.Muy utilizada en panes, quesos, guisos, carnes, legumbres y encurtidos, la alcaravea realza el sabor natural de los alimentos y da un toque aut\u00e9ntico a las recetas caseras.Adem\u00e1s, es conocida por sus propiedades digestivas, antioxidantes y calmantes, ayudando a mejorar la digesti\u00f3n y el bienestar general.Un ingrediente esencial que combina sabor, tradici\u00f3n y salud, perfecto para quienes buscan una cocina natural y equilibrada con el aut\u00e9ntico esp\u00edritu mediterr\u00e1neo.<\/p>","protected":false},"featured_media":686,"comment_status":"open","ping_status":"closed","template":"","meta":{"_et_pb_use_builder":"","_et_pb_old_content":"","_et_gb_content_width":""},"product_brand":[53],"product_cat":[30],"product_tag":[144],"class_list":{"0":"post-414","1":"product","2":"type-product","3":"status-publish","4":"has-post-thumbnail","6":"product_brand-adonis","7":"product_cat-especias-y-hierbas","8":"product_tag-caraway-ground","9":"product_shipping_class-envios","11":"first","12":"instock","13":"shipping-taxable","14":"purchasable","15":"product-type-simple"},"_links":{"self":[{"href":"https:\/\/greenlebanon.store\/en\/wp-json\/wp\/v2\/product\/414","targetHints":{"allow":["GET"]}}],"collection":[{"href":"https:\/\/greenlebanon.store\/en\/wp-json\/wp\/v2\/product"}],"about":[{"href":"https:\/\/greenlebanon.store\/en\/wp-json\/wp\/v2\/types\/product"}],"replies":[{"embeddable":true,"href":"https:\/\/greenlebanon.store\/en\/wp-json\/wp\/v2\/comments?post=414"}],"wp:featuredmedia":[{"embeddable":true,"href":"https:\/\/greenlebanon.store\/en\/wp-json\/wp\/v2\/media\/686"}],"wp:attachment":[{"href":"https:\/\/greenlebanon.store\/en\/wp-json\/wp\/v2\/media?parent=414"}],"wp:term":[{"taxonomy":"product_brand","embeddable":true,"href":"https:\/\/greenlebanon.store\/en\/wp-json\/wp\/v2\/product_brand?post=414"},{"taxonomy":"product_cat","embeddable":true,"href":"https:\/\/greenlebanon.store\/en\/wp-json\/wp\/v2\/product_cat?post=414"},{"taxonomy":"product_tag","embeddable":true,"href":"https:\/\/greenlebanon.store\/en\/wp-json\/wp\/v2\/product_tag?post=414"}],"curies":[{"name":"wp","href":"https:\/\/api.w.org\/{rel}","templated":true}]}}