{"id":415,"date":"2025-05-07T18:33:22","date_gmt":"2025-05-07T18:33:22","guid":{"rendered":"https:\/\/greenlebanon.store\/product\/especias-y-hierbas-falafel-1kg\/"},"modified":"2025-11-13T12:02:30","modified_gmt":"2025-11-13T12:02:30","slug":"especias-falafel-1kg","status":"publish","type":"product","link":"https:\/\/greenlebanon.store\/en\/product\/especias-falafel-1kg\/","title":{"rendered":"Especias Falafel,1kg"},"content":{"rendered":"<p data-start=\"295\" data-end=\"630\">Descubre el aut\u00e9ntico sabor del falafel liban\u00e9s con la mezcla de especias para falafel ,una combinaci\u00f3n perfectamente equilibrada de hierbas y especias arom\u00e1ticas que dan a esta receta tradicional su inconfundible sabor intenso, fresco y lleno de car\u00e1cter.Utilizada en todo el mundo, esta mezcla captura la esencia de la cocina libanesa, permiti\u00e9ndole preparar falafels crujientes por fuera, suaves por dentro y deliciosamente arom\u00e1ticos.Ideal para mezclar con garbanzos o habas molidas, nuestras especias aportan el toque aut\u00e9ntico y equilibrado que convierte un plato sencillo en una experiencia gastron\u00f3mica \u00fanica.Una mezcla deliciosa, vers\u00e1til y 100 % aut\u00e9ntica, perfecta para disfrutar del verdadero sabor del L\u00edbano en tu cocina.<\/p>","protected":false},"excerpt":{"rendered":"<p>Descubre el aut\u00e9ntico sabor del falafel liban\u00e9s con la mezcla de especias para falafel ,una combinaci\u00f3n perfectamente equilibrada de hierbas y especias arom\u00e1ticas que dan a esta receta tradicional su inconfundible sabor intenso, fresco y lleno de car\u00e1cter.Utilizada en todo el mundo, esta mezcla captura la esencia de la cocina libanesa, permiti\u00e9ndole preparar falafels crujientes por fuera, suaves por dentro y deliciosamente arom\u00e1ticos.Ideal para mezclar con garbanzos o habas molidas, nuestras especias aportan el toque aut\u00e9ntico y equilibrado que convierte un plato sencillo en una experiencia gastron\u00f3mica \u00fanica.Una mezcla deliciosa, vers\u00e1til y 100 % aut\u00e9ntica, perfecta para disfrutar del verdadero sabor del L\u00edbano en tu cocina.<\/p>","protected":false},"featured_media":1003,"comment_status":"open","ping_status":"closed","template":"","meta":{"_et_pb_use_builder":"","_et_pb_old_content":"","_et_gb_content_width":""},"product_brand":[53],"product_cat":[30],"product_tag":[145],"class_list":{"0":"post-415","1":"product","2":"type-product","3":"status-publish","4":"has-post-thumbnail","6":"product_brand-adonis","7":"product_cat-especias-y-hierbas","8":"product_tag-especias-falafel","9":"product_shipping_class-envios","11":"first","12":"instock","13":"shipping-taxable","14":"purchasable","15":"product-type-simple"},"_links":{"self":[{"href":"https:\/\/greenlebanon.store\/en\/wp-json\/wp\/v2\/product\/415","targetHints":{"allow":["GET"]}}],"collection":[{"href":"https:\/\/greenlebanon.store\/en\/wp-json\/wp\/v2\/product"}],"about":[{"href":"https:\/\/greenlebanon.store\/en\/wp-json\/wp\/v2\/types\/product"}],"replies":[{"embeddable":true,"href":"https:\/\/greenlebanon.store\/en\/wp-json\/wp\/v2\/comments?post=415"}],"wp:featuredmedia":[{"embeddable":true,"href":"https:\/\/greenlebanon.store\/en\/wp-json\/wp\/v2\/media\/1003"}],"wp:attachment":[{"href":"https:\/\/greenlebanon.store\/en\/wp-json\/wp\/v2\/media?parent=415"}],"wp:term":[{"taxonomy":"product_brand","embeddable":true,"href":"https:\/\/greenlebanon.store\/en\/wp-json\/wp\/v2\/product_brand?post=415"},{"taxonomy":"product_cat","embeddable":true,"href":"https:\/\/greenlebanon.store\/en\/wp-json\/wp\/v2\/product_cat?post=415"},{"taxonomy":"product_tag","embeddable":true,"href":"https:\/\/greenlebanon.store\/en\/wp-json\/wp\/v2\/product_tag?post=415"}],"curies":[{"name":"wp","href":"https:\/\/api.w.org\/{rel}","templated":true}]}}