{"id":421,"date":"2025-05-07T18:33:24","date_gmt":"2025-05-07T18:33:24","guid":{"rendered":"https:\/\/greenlebanon.store\/product\/especias-y-hierbas-sujuk\/"},"modified":"2026-01-09T16:53:01","modified_gmt":"2026-01-09T16:53:01","slug":"especias-sujuk","status":"publish","type":"product","link":"https:\/\/greenlebanon.store\/en\/product\/especias-sujuk\/","title":{"rendered":"Especias Sujuk,500g"},"content":{"rendered":"<p data-start=\"280\" data-end=\"599\">Descubre el aut\u00e9ntico sabor del Sujuk tradicional con la mezcla de especias para Sujuk, una combinaci\u00f3n equilibrada de piment\u00f3n, comino, ajo, pimienta y otras especias naturales que aportan un sabor intenso, picante y profundamente arom\u00e1tico.El Sujuk es un embutido t\u00edpico de la gastronom\u00eda libanesa y de todo el Medio Oriente, famoso por su car\u00e1cter especiado y su aroma irresistible. Con esta mezcla, podr\u00e1s preparar Sujuk casero con el aut\u00e9ntico sabor artesanal, lleno de matices y perfectamente equilibrado.Adem\u00e1s de su delicioso sabor, las especias para Sujuk son ricas en antioxidantes y propiedades digestivas, contribuyendo a una cocina sabrosa y saludable.Una mezcla deliciosa, tradicional y 100 % aut\u00e9ntica, perfecta para disfrutar en casa del verdadero sabor del L\u00edbano.<\/p>","protected":false},"excerpt":{"rendered":"<p>Descubre el aut\u00e9ntico sabor del Sujuk tradicional con la mezcla de especias para Sujuk, una combinaci\u00f3n equilibrada de piment\u00f3n, comino, ajo, pimienta y otras especias naturales que aportan un sabor intenso, picante y profundamente arom\u00e1tico.El Sujuk es un embutido t\u00edpico de la gastronom\u00eda libanesa y de todo el Medio Oriente, famoso por su car\u00e1cter especiado y su aroma irresistible. Con esta mezcla, podr\u00e1s preparar Sujuk casero con el aut\u00e9ntico sabor artesanal, lleno de matices y perfectamente equilibrado.Adem\u00e1s de su delicioso sabor, las especias para Sujuk son ricas en antioxidantes y propiedades digestivas, contribuyendo a una cocina sabrosa y saludable.Una mezcla deliciosa, tradicional y 100 % aut\u00e9ntica, perfecta para disfrutar en casa del verdadero sabor del L\u00edbano.<\/p>","protected":false},"featured_media":783,"comment_status":"open","ping_status":"closed","template":"","meta":{"_et_pb_use_builder":"","_et_pb_old_content":"","_et_gb_content_width":""},"product_brand":[49],"product_cat":[30],"product_tag":[147],"class_list":{"0":"post-421","1":"product","2":"type-product","3":"status-publish","4":"has-post-thumbnail","6":"product_brand-abido","7":"product_cat-especias-y-hierbas","8":"product_tag-especias-sujuk","9":"product_shipping_class-envios","11":"first","12":"instock","13":"shipping-taxable","14":"purchasable","15":"product-type-simple"},"_links":{"self":[{"href":"https:\/\/greenlebanon.store\/en\/wp-json\/wp\/v2\/product\/421","targetHints":{"allow":["GET"]}}],"collection":[{"href":"https:\/\/greenlebanon.store\/en\/wp-json\/wp\/v2\/product"}],"about":[{"href":"https:\/\/greenlebanon.store\/en\/wp-json\/wp\/v2\/types\/product"}],"replies":[{"embeddable":true,"href":"https:\/\/greenlebanon.store\/en\/wp-json\/wp\/v2\/comments?post=421"}],"wp:featuredmedia":[{"embeddable":true,"href":"https:\/\/greenlebanon.store\/en\/wp-json\/wp\/v2\/media\/783"}],"wp:attachment":[{"href":"https:\/\/greenlebanon.store\/en\/wp-json\/wp\/v2\/media?parent=421"}],"wp:term":[{"taxonomy":"product_brand","embeddable":true,"href":"https:\/\/greenlebanon.store\/en\/wp-json\/wp\/v2\/product_brand?post=421"},{"taxonomy":"product_cat","embeddable":true,"href":"https:\/\/greenlebanon.store\/en\/wp-json\/wp\/v2\/product_cat?post=421"},{"taxonomy":"product_tag","embeddable":true,"href":"https:\/\/greenlebanon.store\/en\/wp-json\/wp\/v2\/product_tag?post=421"}],"curies":[{"name":"wp","href":"https:\/\/api.w.org\/{rel}","templated":true}]}}