{"id":422,"date":"2025-05-07T18:33:24","date_gmt":"2025-05-07T18:33:24","guid":{"rendered":"https:\/\/greenlebanon.store\/product\/especias-y-hierbas-tajin\/"},"modified":"2025-11-13T12:26:16","modified_gmt":"2025-11-13T12:26:16","slug":"especias-tajin","status":"publish","type":"product","link":"https:\/\/greenlebanon.store\/en\/product\/especias-tajin\/","title":{"rendered":"Especias Taj\u00edn,1kg"},"content":{"rendered":"<p data-start=\"266\" data-end=\"581\">Descubre el aut\u00e9ntico sabor del Taj\u00edn con la mezcla de especias para Taj\u00edn de Green Lebanon, una combinaci\u00f3n \u00fanica de c\u00farcuma, jengibre, comino, piment\u00f3n y otras especias naturales que aportan un sabor profundo, arom\u00e1tico y ligeramente dulce a tus platos.El Taj\u00edn es uno de los platos m\u00e1s emblem\u00e1ticos de la cocina del Magreb y del Mediterr\u00e1neo, y estas especias son la clave para lograr su sabor ex\u00f3tico y equilibrado, con matices c\u00e1lidos y un aroma envolvente.Perfecta para preparar tajines de cordero, pollo o verduras, esta mezcla transforma cualquier receta en una experiencia gastron\u00f3mica aut\u00e9ntica y deliciosa. Adem\u00e1s, sus ingredientes naturales aportan beneficios digestivos y antioxidantes, haciendo que cocinar con ella sea saludable y sabroso a la vez.Una mezcla tradicional, vers\u00e1til y 100 % natural, ideal para disfrutar del verdadero sabor del Mediterr\u00e1neo oriental en tu cocina<\/p>","protected":false},"excerpt":{"rendered":"<p>Descubre el aut\u00e9ntico sabor del Taj\u00edn con la mezcla de especias para Taj\u00edn de Green Lebanon, una combinaci\u00f3n \u00fanica de c\u00farcuma, jengibre, comino, piment\u00f3n y otras especias naturales que aportan un sabor profundo, arom\u00e1tico y ligeramente dulce a tus platos.El Taj\u00edn es uno de los platos m\u00e1s emblem\u00e1ticos de la cocina del Magreb y del Mediterr\u00e1neo, y estas especias son la clave para lograr su sabor ex\u00f3tico y equilibrado, con matices c\u00e1lidos y un aroma envolvente.Perfecta para preparar tajines de cordero, pollo o verduras, esta mezcla transforma cualquier receta en una experiencia gastron\u00f3mica aut\u00e9ntica y deliciosa. Adem\u00e1s, sus ingredientes naturales aportan beneficios digestivos y antioxidantes, haciendo que cocinar con ella sea saludable y sabroso a la vez.Una mezcla tradicional, vers\u00e1til y 100 % natural, ideal para disfrutar del verdadero sabor del Mediterr\u00e1neo oriental en tu cocina<\/p>","protected":false},"featured_media":692,"comment_status":"open","ping_status":"closed","template":"","meta":{"_et_pb_use_builder":"","_et_pb_old_content":"","_et_gb_content_width":""},"product_brand":[106],"product_cat":[30],"product_tag":[148],"class_list":{"0":"post-422","1":"product","2":"type-product","3":"status-publish","4":"has-post-thumbnail","6":"product_brand-green-lebanon","7":"product_cat-especias-y-hierbas","8":"product_tag-especias-tajin","9":"product_shipping_class-envios","11":"first","12":"instock","13":"shipping-taxable","14":"purchasable","15":"product-type-simple"},"_links":{"self":[{"href":"https:\/\/greenlebanon.store\/en\/wp-json\/wp\/v2\/product\/422","targetHints":{"allow":["GET"]}}],"collection":[{"href":"https:\/\/greenlebanon.store\/en\/wp-json\/wp\/v2\/product"}],"about":[{"href":"https:\/\/greenlebanon.store\/en\/wp-json\/wp\/v2\/types\/product"}],"replies":[{"embeddable":true,"href":"https:\/\/greenlebanon.store\/en\/wp-json\/wp\/v2\/comments?post=422"}],"wp:featuredmedia":[{"embeddable":true,"href":"https:\/\/greenlebanon.store\/en\/wp-json\/wp\/v2\/media\/692"}],"wp:attachment":[{"href":"https:\/\/greenlebanon.store\/en\/wp-json\/wp\/v2\/media?parent=422"}],"wp:term":[{"taxonomy":"product_brand","embeddable":true,"href":"https:\/\/greenlebanon.store\/en\/wp-json\/wp\/v2\/product_brand?post=422"},{"taxonomy":"product_cat","embeddable":true,"href":"https:\/\/greenlebanon.store\/en\/wp-json\/wp\/v2\/product_cat?post=422"},{"taxonomy":"product_tag","embeddable":true,"href":"https:\/\/greenlebanon.store\/en\/wp-json\/wp\/v2\/product_tag?post=422"}],"curies":[{"name":"wp","href":"https:\/\/api.w.org\/{rel}","templated":true}]}}