{"id":425,"date":"2025-05-07T18:33:25","date_gmt":"2025-05-07T18:33:25","guid":{"rendered":"https:\/\/greenlebanon.store\/product\/foul-medames-con-homos\/"},"modified":"2025-10-17T12:56:17","modified_gmt":"2025-10-17T12:56:17","slug":"foul-medames-con-homos","status":"publish","type":"product","link":"https:\/\/greenlebanon.store\/en\/product\/foul-medames-con-homos\/","title":{"rendered":"Foul Medames con Homos,475g"},"content":{"rendered":"<p>El <strong data-start=\"3\" data-end=\"30\">Foul Medames con Hummus (Habas Cocidas con Garbanzos)<\/strong>\u00a0es un <strong data-start=\"37\" data-end=\"78\">plato tradicional liban\u00e9s de desayuno<\/strong>, muy popular en todo Oriente Medio. Combina las <strong data-start=\"127\" data-end=\"169\">habas cocidas del cl\u00e1sico Foul Medames<\/strong> con el sabor suave y cremoso de<strong data-start=\"203\" data-end=\"226\">\u00a0garbanzos<\/strong>, creando una mezcla deliciosa y nutritiva. Aderezado con <strong data-start=\"284\" data-end=\"332\">aceite de oliva, comino, ajo y jugo de lim\u00f3n<\/strong>, y servido <strong data-start=\"344\" data-end=\"356\">caliente<\/strong> con <strong data-start=\"361\" data-end=\"376\">pan de pita<\/strong>, ofrece una textura rica y equilibrada. 100% <strong data-start=\"422\" data-end=\"432\">vegano<\/strong>, es una excelente fuente de <strong data-start=\"461\" data-end=\"493\">prote\u00ednas, fibra y vitaminas<\/strong>, ideal para comenzar el d\u00eda con energ\u00eda y sabor aut\u00e9ntico.<\/p>","protected":false},"excerpt":{"rendered":"<p>El <strong data-start=\"3\" data-end=\"30\">Foul Medames con Hummus (Habas Cocidas con Garbanzos)<\/strong>\u00a0es un <strong data-start=\"37\" data-end=\"78\">plato tradicional liban\u00e9s de desayuno<\/strong>, muy popular en todo Oriente Medio. Combina las <strong data-start=\"127\" data-end=\"169\">habas cocidas del cl\u00e1sico Foul Medames<\/strong> con el sabor suave y cremoso de<strong data-start=\"203\" data-end=\"226\">\u00a0garbanzos<\/strong>, creando una mezcla deliciosa y nutritiva. Aderezado con <strong data-start=\"284\" data-end=\"332\">aceite de oliva, comino, ajo y jugo de lim\u00f3n<\/strong>, y servido <strong data-start=\"344\" data-end=\"356\">caliente<\/strong> con <strong data-start=\"361\" data-end=\"376\">pan de pita<\/strong>, ofrece una textura rica y equilibrada. 100% <strong data-start=\"422\" data-end=\"432\">vegano<\/strong>, es una excelente fuente de <strong data-start=\"461\" data-end=\"493\">prote\u00ednas, fibra y vitaminas<\/strong>, ideal para comenzar el d\u00eda con energ\u00eda y sabor aut\u00e9ntico.<\/p>","protected":false},"featured_media":652,"comment_status":"open","ping_status":"closed","template":"","meta":{"_et_pb_use_builder":"","_et_pb_old_content":"","_et_gb_content_width":""},"product_brand":[70],"product_cat":[35],"product_tag":[105],"class_list":{"0":"post-425","1":"product","2":"type-product","3":"status-publish","4":"has-post-thumbnail","6":"product_brand-chtoura-garden","7":"product_cat-conservas-y-condimentos","8":"product_tag-habas-cocidas-con-garbanzo","9":"product_shipping_class-envios","11":"first","12":"instock","13":"shipping-taxable","14":"purchasable","15":"product-type-simple"},"_links":{"self":[{"href":"https:\/\/greenlebanon.store\/en\/wp-json\/wp\/v2\/product\/425","targetHints":{"allow":["GET"]}}],"collection":[{"href":"https:\/\/greenlebanon.store\/en\/wp-json\/wp\/v2\/product"}],"about":[{"href":"https:\/\/greenlebanon.store\/en\/wp-json\/wp\/v2\/types\/product"}],"replies":[{"embeddable":true,"href":"https:\/\/greenlebanon.store\/en\/wp-json\/wp\/v2\/comments?post=425"}],"wp:featuredmedia":[{"embeddable":true,"href":"https:\/\/greenlebanon.store\/en\/wp-json\/wp\/v2\/media\/652"}],"wp:attachment":[{"href":"https:\/\/greenlebanon.store\/en\/wp-json\/wp\/v2\/media?parent=425"}],"wp:term":[{"taxonomy":"product_brand","embeddable":true,"href":"https:\/\/greenlebanon.store\/en\/wp-json\/wp\/v2\/product_brand?post=425"},{"taxonomy":"product_cat","embeddable":true,"href":"https:\/\/greenlebanon.store\/en\/wp-json\/wp\/v2\/product_cat?post=425"},{"taxonomy":"product_tag","embeddable":true,"href":"https:\/\/greenlebanon.store\/en\/wp-json\/wp\/v2\/product_tag?post=425"}],"curies":[{"name":"wp","href":"https:\/\/api.w.org\/{rel}","templated":true}]}}