{"id":429,"date":"2025-05-07T18:33:25","date_gmt":"2025-05-07T18:33:25","guid":{"rendered":"https:\/\/greenlebanon.store\/product\/halawa-con-pistachio\/"},"modified":"2025-11-05T17:28:28","modified_gmt":"2025-11-05T17:28:28","slug":"halawa-con-pistachio","status":"publish","type":"product","link":"https:\/\/greenlebanon.store\/en\/product\/halawa-con-pistachio\/","title":{"rendered":"Halawa Extra Con Pistacho,454g"},"content":{"rendered":"<p data-start=\"252\" data-end=\"603\">Disfruta del aut\u00e9ntico sabor del Medio Oriente con la <strong data-start=\"348\" data-end=\"388\">Halawa con pistacho Extra<\/strong>,elaborada siguiendo la receta tradicional con pasta de s\u00e9samo (tahini) y pistachos seleccionados.Su textura suave y su delicado sabor dulce se equilibran con el toque crujiente y arom\u00e1tico del pistacho.Ideal para servir como postre, acompa\u00f1ar el caf\u00e9 o disfrutar a cualquier hora del d\u00eda, esta halawa ofrece una experiencia \u00fanica llena de tradici\u00f3n, calidad y sabor artesanal.<strong data-start=\"791\" data-end=\"810\">Hecha en L\u00edbano<\/strong>,combina el aut\u00e9ntico gusto oriental con ingredientes naturales, creando un dulce que representa elegancia, historia y placer en cada bocado.<\/p>","protected":false},"excerpt":{"rendered":"<p>Disfruta del aut\u00e9ntico sabor del Medio Oriente con la <strong data-start=\"348\" data-end=\"388\">Halawa con pistacho Extra<\/strong>,elaborada siguiendo la receta tradicional con pasta de s\u00e9samo (tahini) y pistachos seleccionados.Su textura suave y su delicado sabor dulce se equilibran con el toque crujiente y arom\u00e1tico del pistacho.Ideal para servir como postre, acompa\u00f1ar el caf\u00e9 o disfrutar a cualquier hora del d\u00eda, esta halawa ofrece una experiencia \u00fanica llena de tradici\u00f3n, calidad y sabor artesanal.<strong data-start=\"791\" data-end=\"810\">Hecha en L\u00edbano<\/strong>,combina el aut\u00e9ntico gusto oriental con ingredientes naturales, creando un dulce que representa elegancia, historia y placer en cada bocado.<\/p>","protected":false},"featured_media":977,"comment_status":"open","ping_status":"closed","template":"","meta":{"_et_pb_use_builder":"","_et_pb_old_content":"","_et_gb_content_width":""},"product_brand":[110],"product_cat":[37],"product_tag":[111],"class_list":{"0":"post-429","1":"product","2":"type-product","3":"status-publish","4":"has-post-thumbnail","6":"product_brand-al-yaman","7":"product_cat-dulces","8":"product_tag-halawa","9":"product_shipping_class-envios","11":"first","12":"instock","13":"shipping-taxable","14":"purchasable","15":"product-type-simple"},"_links":{"self":[{"href":"https:\/\/greenlebanon.store\/en\/wp-json\/wp\/v2\/product\/429","targetHints":{"allow":["GET"]}}],"collection":[{"href":"https:\/\/greenlebanon.store\/en\/wp-json\/wp\/v2\/product"}],"about":[{"href":"https:\/\/greenlebanon.store\/en\/wp-json\/wp\/v2\/types\/product"}],"replies":[{"embeddable":true,"href":"https:\/\/greenlebanon.store\/en\/wp-json\/wp\/v2\/comments?post=429"}],"wp:featuredmedia":[{"embeddable":true,"href":"https:\/\/greenlebanon.store\/en\/wp-json\/wp\/v2\/media\/977"}],"wp:attachment":[{"href":"https:\/\/greenlebanon.store\/en\/wp-json\/wp\/v2\/media?parent=429"}],"wp:term":[{"taxonomy":"product_brand","embeddable":true,"href":"https:\/\/greenlebanon.store\/en\/wp-json\/wp\/v2\/product_brand?post=429"},{"taxonomy":"product_cat","embeddable":true,"href":"https:\/\/greenlebanon.store\/en\/wp-json\/wp\/v2\/product_cat?post=429"},{"taxonomy":"product_tag","embeddable":true,"href":"https:\/\/greenlebanon.store\/en\/wp-json\/wp\/v2\/product_tag?post=429"}],"curies":[{"name":"wp","href":"https:\/\/api.w.org\/{rel}","templated":true}]}}