{"id":430,"date":"2025-05-07T18:33:26","date_gmt":"2025-05-07T18:33:26","guid":{"rendered":"https:\/\/greenlebanon.store\/product\/halawa-vanilla\/"},"modified":"2025-11-05T17:34:45","modified_gmt":"2025-11-05T17:34:45","slug":"halawa-vanilla","status":"publish","type":"product","link":"https:\/\/greenlebanon.store\/en\/product\/halawa-vanilla\/","title":{"rendered":"Halawa Vanilla,454g"},"content":{"rendered":"<article class=\"text-token-text-primary w-full focus:outline-none [--shadow-height:45px] has-data-writing-block:pointer-events-none has-data-writing-block:-mt-(--shadow-height) has-data-writing-block:pt-(--shadow-height) [&amp;:has([data-writing-block])&gt;*]:pointer-events-auto scroll-mt-[calc(var(--header-height)+min(200px,max(70px,20svh)))]\" dir=\"auto\" tabindex=\"-1\" data-turn-id=\"request-68c96084-6cc4-8325-ac94-a5d23057db89-1\" data-testid=\"conversation-turn-142\" data-scroll-anchor=\"true\" data-turn=\"assistant\">\n<div class=\"text-base my-auto mx-auto pb-10 [--thread-content-margin:--spacing(4)] thread-sm:[--thread-content-margin:--spacing(6)] thread-lg:[--thread-content-margin:--spacing(16)] px-(--thread-content-margin)\">\n<div class=\"[--thread-content-max-width:40rem] thread-lg:[--thread-content-max-width:48rem] mx-auto max-w-(--thread-content-max-width) flex-1 group\/turn-messages focus-visible:outline-hidden relative flex w-full min-w-0 flex-col agent-turn\" tabindex=\"-1\">\n<div class=\"flex max-w-full flex-col grow\">\n<div class=\"min-h-8 text-message relative flex w-full flex-col items-end gap-2 text-start break-words whitespace-normal [.text-message+&amp;]:mt-1\" dir=\"auto\" data-message-author-role=\"assistant\" data-message-id=\"5dab66c9-45f1-4f40-ad98-ec2046a67026\" data-message-model-slug=\"gpt-5\">\n<div class=\"flex w-full flex-col gap-1 empty:hidden first:pt-[1px]\">\n<div class=\"markdown prose dark:prose-invert w-full break-words light markdown-new-styling\">\n<p data-start=\"0\" data-end=\"335\">La <em data-start=\"29\" data-end=\"37\">Halawa<\/em>, tambi\u00e9n conocida como <em data-start=\"61\" data-end=\"68\">halva<\/em>, es un dulce tradicional originario del Medio Oriente, elaborado principalmente a base de pasta de s\u00e9samo (<em data-start=\"176\" data-end=\"184\">tahini<\/em>) y az\u00facar. Su textura suave y ligeramente granulada, junto con su delicado sabor a vainilla, la convierten en un aut\u00e9ntico placer para los sentidos.Preparada siguiendo recetas artesanales transmitidas por generaciones, la Halawa de Vainilla combina el aroma c\u00e1lido de la vainilla con el sabor intenso y tostado del s\u00e9samo, creando un equilibrio perfecto entre dulzura y riqueza. Ideal para disfrutar sola, con pan, o como acompa\u00f1amiento en postres y caf\u00e9, es una joya de la reposter\u00eda oriental que evoca tradici\u00f3n, historia y sabor en cada bocado.<\/p>\n<\/div>\n<\/div>\n<\/div>\n<\/div>\n<div class=\"z-0 flex min-h-[46px] justify-start\"><\/div>\n<div class=\"mt-3 w-full empty:hidden\">\n<div class=\"text-center\"><\/div>\n<\/div>\n<\/div>\n<\/div>\n<\/article>\n<div class=\"pointer-events-none h-px w-px\" aria-hidden=\"true\" data-edge=\"true\"><\/div>","protected":false},"excerpt":{"rendered":"<p>La <em data-start=\"29\" data-end=\"37\">Halawa<\/em>, tambi\u00e9n conocida como <em data-start=\"61\" data-end=\"68\">halva<\/em>, es un dulce tradicional originario del Medio Oriente, elaborado principalmente a base de pasta de s\u00e9samo (<em data-start=\"176\" data-end=\"184\">tahini<\/em>) y az\u00facar. Su textura suave y ligeramente granulada, junto con su delicado sabor a vainilla, la convierten en un aut\u00e9ntico placer para los sentidos.Preparada siguiendo recetas artesanales transmitidas por generaciones, la Halawa de Vainilla combina el aroma c\u00e1lido de la vainilla con el sabor intenso y tostado del s\u00e9samo, creando un equilibrio perfecto entre dulzura y riqueza. Ideal para disfrutar sola, con pan, o como acompa\u00f1amiento en postres y caf\u00e9, es una joya de la reposter\u00eda oriental que evoca tradici\u00f3n, historia y sabor en cada bocado.<\/p>","protected":false},"featured_media":978,"comment_status":"open","ping_status":"closed","template":"","meta":{"_et_pb_use_builder":"","_et_pb_old_content":"","_et_gb_content_width":""},"product_brand":[110],"product_cat":[37],"product_tag":[111],"class_list":{"0":"post-430","1":"product","2":"type-product","3":"status-publish","4":"has-post-thumbnail","6":"product_brand-al-yaman","7":"product_cat-dulces","8":"product_tag-halawa","9":"product_shipping_class-envios","11":"first","12":"instock","13":"shipping-taxable","14":"purchasable","15":"product-type-simple"},"_links":{"self":[{"href":"https:\/\/greenlebanon.store\/en\/wp-json\/wp\/v2\/product\/430","targetHints":{"allow":["GET"]}}],"collection":[{"href":"https:\/\/greenlebanon.store\/en\/wp-json\/wp\/v2\/product"}],"about":[{"href":"https:\/\/greenlebanon.store\/en\/wp-json\/wp\/v2\/types\/product"}],"replies":[{"embeddable":true,"href":"https:\/\/greenlebanon.store\/en\/wp-json\/wp\/v2\/comments?post=430"}],"wp:featuredmedia":[{"embeddable":true,"href":"https:\/\/greenlebanon.store\/en\/wp-json\/wp\/v2\/media\/978"}],"wp:attachment":[{"href":"https:\/\/greenlebanon.store\/en\/wp-json\/wp\/v2\/media?parent=430"}],"wp:term":[{"taxonomy":"product_brand","embeddable":true,"href":"https:\/\/greenlebanon.store\/en\/wp-json\/wp\/v2\/product_brand?post=430"},{"taxonomy":"product_cat","embeddable":true,"href":"https:\/\/greenlebanon.store\/en\/wp-json\/wp\/v2\/product_cat?post=430"},{"taxonomy":"product_tag","embeddable":true,"href":"https:\/\/greenlebanon.store\/en\/wp-json\/wp\/v2\/product_tag?post=430"}],"curies":[{"name":"wp","href":"https:\/\/api.w.org\/{rel}","templated":true}]}}