{"id":432,"date":"2025-05-07T18:33:26","date_gmt":"2025-05-07T18:33:26","guid":{"rendered":"https:\/\/greenlebanon.store\/product\/hojas-de-parra\/"},"modified":"2025-10-17T13:54:08","modified_gmt":"2025-10-17T13:54:08","slug":"hojas-de-parra","status":"publish","type":"product","link":"https:\/\/greenlebanon.store\/en\/product\/hojas-de-parra\/","title":{"rendered":"Hojas de Parra,908g"},"content":{"rendered":"<p>Hojas de Parra conservadas en salmuera: esenciales en la cocina del Mediterr\u00e1neo y Oriente Medio, ideales para preparar dolma,o mahshi rellenos de arroz, carne o verduras. Se presentan listas para usar, tiernas y lavadas, conservando su sabor natural. Perfectas para enrollar y cocinar al vapor o en guisos, tambi\u00e9n se pueden congelar o conservar en salmuera. Vers\u00e1tiles y pr\u00e1cticas, son la base perfecta para platos tradicionales y creativos.<\/p>","protected":false},"excerpt":{"rendered":"<p>Hojas de Parra conservadas en salmuera: esenciales en la cocina del Mediterr\u00e1neo y Oriente Medio, ideales para preparar dolma,o mahshi rellenos de arroz, carne o verduras. Se presentan listas para usar, tiernas y lavadas, conservando su sabor natural. Perfectas para enrollar y cocinar al vapor o en guisos, tambi\u00e9n se pueden congelar o conservar en salmuera. Vers\u00e1tiles y pr\u00e1cticas, son la base perfecta para platos tradicionales y creativos.<\/p>","protected":false},"featured_media":659,"comment_status":"open","ping_status":"closed","template":"","meta":{"_et_pb_use_builder":"","_et_pb_old_content":"","_et_gb_content_width":""},"product_brand":[101],"product_cat":[35],"product_tag":[108],"class_list":{"0":"post-432","1":"product","2":"type-product","3":"status-publish","4":"has-post-thumbnail","6":"product_brand-elifce","7":"product_cat-conservas-y-condimentos","8":"product_tag-hoja-de-parra","9":"product_shipping_class-envios","11":"first","12":"instock","13":"shipping-taxable","14":"purchasable","15":"product-type-simple"},"_links":{"self":[{"href":"https:\/\/greenlebanon.store\/en\/wp-json\/wp\/v2\/product\/432","targetHints":{"allow":["GET"]}}],"collection":[{"href":"https:\/\/greenlebanon.store\/en\/wp-json\/wp\/v2\/product"}],"about":[{"href":"https:\/\/greenlebanon.store\/en\/wp-json\/wp\/v2\/types\/product"}],"replies":[{"embeddable":true,"href":"https:\/\/greenlebanon.store\/en\/wp-json\/wp\/v2\/comments?post=432"}],"wp:featuredmedia":[{"embeddable":true,"href":"https:\/\/greenlebanon.store\/en\/wp-json\/wp\/v2\/media\/659"}],"wp:attachment":[{"href":"https:\/\/greenlebanon.store\/en\/wp-json\/wp\/v2\/media?parent=432"}],"wp:term":[{"taxonomy":"product_brand","embeddable":true,"href":"https:\/\/greenlebanon.store\/en\/wp-json\/wp\/v2\/product_brand?post=432"},{"taxonomy":"product_cat","embeddable":true,"href":"https:\/\/greenlebanon.store\/en\/wp-json\/wp\/v2\/product_cat?post=432"},{"taxonomy":"product_tag","embeddable":true,"href":"https:\/\/greenlebanon.store\/en\/wp-json\/wp\/v2\/product_tag?post=432"}],"curies":[{"name":"wp","href":"https:\/\/api.w.org\/{rel}","templated":true}]}}