{"id":433,"date":"2025-05-07T18:33:26","date_gmt":"2025-05-07T18:33:26","guid":{"rendered":"https:\/\/greenlebanon.store\/product\/hojas-de-parra-al-vacio\/"},"modified":"2025-10-20T13:59:38","modified_gmt":"2025-10-20T13:59:38","slug":"hojas-de-parra-al-vacio","status":"publish","type":"product","link":"https:\/\/greenlebanon.store\/en\/product\/hojas-de-parra-al-vacio\/","title":{"rendered":"Hojas de Parra Al Vac\u00edo,700g"},"content":{"rendered":"<p><strong data-start=\"0\" data-end=\"18\" data-is-only-node=\"\">Vine Leaves<\/strong>: esenciales en la cocina del Mediterr\u00e1neo y Oriente Medio, ideales para preparar <strong data-start=\"100\" data-end=\"128\">dolma, dolmades o mahshi<\/strong> rellenos de arroz, carne o verduras. Se presentan listas para usar, <strong data-start=\"197\" data-end=\"218\">tiernas y lavadas<\/strong>, conservando su sabor natural. Perfectas para enrollar y cocinar al vapor o en guisos, tambi\u00e9n se pueden <strong data-start=\"324\" data-end=\"360\">congelar o conservar en salmuera<\/strong>. Vers\u00e1tiles y pr\u00e1cticas, son la base perfecta para platos tradicionales y creativos.Formato 700 g en bolsa al vac\u00edo.<\/p>","protected":false},"excerpt":{"rendered":"<p><strong data-start=\"0\" data-end=\"18\" data-is-only-node=\"\">Vine Leaves<\/strong>: esenciales en la cocina del Mediterr\u00e1neo y Oriente Medio, ideales para preparar <strong data-start=\"100\" data-end=\"128\">dolma, dolmades o mahshi<\/strong> rellenos de arroz, carne o verduras. Se presentan listas para usar, <strong data-start=\"197\" data-end=\"218\">tiernas y lavadas<\/strong>, conservando su sabor natural. Perfectas para enrollar y cocinar al vapor o en guisos, tambi\u00e9n se pueden <strong data-start=\"324\" data-end=\"360\">congelar o conservar en salmuera<\/strong>. Vers\u00e1tiles y pr\u00e1cticas, son la base perfecta para platos tradicionales y creativos.Formato 700 g en bolsa al vac\u00edo.<\/p>","protected":false},"featured_media":660,"comment_status":"open","ping_status":"closed","template":"","meta":{"_et_pb_use_builder":"","_et_pb_old_content":"","_et_gb_content_width":""},"product_brand":[101],"product_cat":[35],"product_tag":[109],"class_list":{"0":"post-433","1":"product","2":"type-product","3":"status-publish","4":"has-post-thumbnail","6":"product_brand-elifce","7":"product_cat-conservas-y-condimentos","8":"product_tag-hojas-de-parra","9":"product_shipping_class-envios","11":"first","12":"instock","13":"shipping-taxable","14":"purchasable","15":"product-type-simple"},"_links":{"self":[{"href":"https:\/\/greenlebanon.store\/en\/wp-json\/wp\/v2\/product\/433","targetHints":{"allow":["GET"]}}],"collection":[{"href":"https:\/\/greenlebanon.store\/en\/wp-json\/wp\/v2\/product"}],"about":[{"href":"https:\/\/greenlebanon.store\/en\/wp-json\/wp\/v2\/types\/product"}],"replies":[{"embeddable":true,"href":"https:\/\/greenlebanon.store\/en\/wp-json\/wp\/v2\/comments?post=433"}],"wp:featuredmedia":[{"embeddable":true,"href":"https:\/\/greenlebanon.store\/en\/wp-json\/wp\/v2\/media\/660"}],"wp:attachment":[{"href":"https:\/\/greenlebanon.store\/en\/wp-json\/wp\/v2\/media?parent=433"}],"wp:term":[{"taxonomy":"product_brand","embeddable":true,"href":"https:\/\/greenlebanon.store\/en\/wp-json\/wp\/v2\/product_brand?post=433"},{"taxonomy":"product_cat","embeddable":true,"href":"https:\/\/greenlebanon.store\/en\/wp-json\/wp\/v2\/product_cat?post=433"},{"taxonomy":"product_tag","embeddable":true,"href":"https:\/\/greenlebanon.store\/en\/wp-json\/wp\/v2\/product_tag?post=433"}],"curies":[{"name":"wp","href":"https:\/\/api.w.org\/{rel}","templated":true}]}}