{"id":437,"date":"2025-05-07T18:33:26","date_gmt":"2025-05-07T18:33:26","guid":{"rendered":"https:\/\/greenlebanon.store\/product\/kabis-mekti\/"},"modified":"2025-10-31T18:07:40","modified_gmt":"2025-10-31T18:07:40","slug":"kabis-mekti","status":"publish","type":"product","link":"https:\/\/greenlebanon.store\/en\/product\/kabis-mekti\/","title":{"rendered":"Kabis Mekti,1kg"},"content":{"rendered":"<p data-start=\"337\" data-end=\"741\">Descubre el sabor m\u00e1s aut\u00e9ntico del L\u00edbano con el Kabis Mekti de Green Lebanon, elaborado con pepinillos silvestres cuidadosamente seleccionados y encurtidos siguiendo la receta tradicional libanesa. Su sabor intenso y ligeramente \u00e1cido, junto con su textura firme y crujiente, lo convierten en un acompa\u00f1amiento \u00fanico y delicioso.Perfecto para servir con mezze, carnes a la parrilla, shawarmas o platos mediterr\u00e1neos, el Kabis Mekti aporta un toque r\u00fastico y genuino a tus comidas. Hecho en L\u00edbano, este encurtido representa la verdadera esencia artesanal y natural de la cocina libanesa.<\/p>","protected":false},"excerpt":{"rendered":"<p>Descubre el sabor m\u00e1s aut\u00e9ntico del L\u00edbano con el Kabis Mekti de Green Lebanon, elaborado con pepinillos silvestres cuidadosamente seleccionados y encurtidos siguiendo la receta tradicional libanesa. Su sabor intenso y ligeramente \u00e1cido, junto con su textura firme y crujiente, lo convierten en un acompa\u00f1amiento \u00fanico y delicioso.Perfecto para servir con mezze, carnes a la parrilla, shawarmas o platos mediterr\u00e1neos, el Kabis Mekti aporta un toque r\u00fastico y genuino a tus comidas. Hecho en L\u00edbano, este encurtido representa la verdadera esencia artesanal y natural de la cocina libanesa.<\/p>","protected":false},"featured_media":655,"comment_status":"open","ping_status":"closed","template":"","meta":{"_et_pb_use_builder":"","_et_pb_old_content":"","_et_gb_content_width":""},"product_brand":[106],"product_cat":[35],"product_tag":[122],"class_list":{"0":"post-437","1":"product","2":"type-product","3":"status-publish","4":"has-post-thumbnail","6":"product_brand-green-lebanon","7":"product_cat-conservas-y-condimentos","8":"product_tag-pickled-wild-cucumbers","9":"product_shipping_class-envios","11":"first","12":"instock","13":"shipping-taxable","14":"purchasable","15":"product-type-simple"},"_links":{"self":[{"href":"https:\/\/greenlebanon.store\/en\/wp-json\/wp\/v2\/product\/437","targetHints":{"allow":["GET"]}}],"collection":[{"href":"https:\/\/greenlebanon.store\/en\/wp-json\/wp\/v2\/product"}],"about":[{"href":"https:\/\/greenlebanon.store\/en\/wp-json\/wp\/v2\/types\/product"}],"replies":[{"embeddable":true,"href":"https:\/\/greenlebanon.store\/en\/wp-json\/wp\/v2\/comments?post=437"}],"wp:featuredmedia":[{"embeddable":true,"href":"https:\/\/greenlebanon.store\/en\/wp-json\/wp\/v2\/media\/655"}],"wp:attachment":[{"href":"https:\/\/greenlebanon.store\/en\/wp-json\/wp\/v2\/media?parent=437"}],"wp:term":[{"taxonomy":"product_brand","embeddable":true,"href":"https:\/\/greenlebanon.store\/en\/wp-json\/wp\/v2\/product_brand?post=437"},{"taxonomy":"product_cat","embeddable":true,"href":"https:\/\/greenlebanon.store\/en\/wp-json\/wp\/v2\/product_cat?post=437"},{"taxonomy":"product_tag","embeddable":true,"href":"https:\/\/greenlebanon.store\/en\/wp-json\/wp\/v2\/product_tag?post=437"}],"curies":[{"name":"wp","href":"https:\/\/api.w.org\/{rel}","templated":true}]}}