{"id":438,"date":"2025-05-07T18:33:27","date_gmt":"2025-05-07T18:33:27","guid":{"rendered":"https:\/\/greenlebanon.store\/product\/kabis-mix\/"},"modified":"2025-10-31T18:13:17","modified_gmt":"2025-10-31T18:13:17","slug":"kabis-mix","status":"publish","type":"product","link":"https:\/\/greenlebanon.store\/en\/product\/kabis-mix\/","title":{"rendered":"Kabis Mix(Mezcla vegetales en escabeche)3kg"},"content":{"rendered":"<p data-start=\"240\" data-end=\"300\">\ud83e\udd55Kabis Mix \u2014 Mezcla de vegetales en escabeche Green Lebanon<br data-start=\"364\" data-end=\"367\" \/>Disfruta del aut\u00e9ntico sabor del L\u00edbano con el Kabis Mix de Green Lebanon, una selecci\u00f3n artesanal de verduras frescas encurtidas seg\u00fan la tradici\u00f3n libanesa. Elaborado con coliflor, zanahorias, pepinillos,berenjenas y nabos, este mix combina colores vibrantes, textura crujiente y un sabor equilibrado entre \u00e1cido y salado.Perfecto como acompa\u00f1amiento en mezze, shawarmas, carnes o ensaladas mediterr\u00e1neas, el Kabis Mix aporta un toque de frescura y autenticidad a tus comidas. Hecho en L\u00edbano, representa la esencia de la cocina casera libanesa: natural, sabrosa y llena de vida.<\/p>","protected":false},"excerpt":{"rendered":"<p>\ud83e\udd55Kabis Mix \u2014 Mezcla de vegetales en escabeche Green Lebanon<br data-start=\"364\" data-end=\"367\" \/>Disfruta del aut\u00e9ntico sabor del L\u00edbano con el Kabis Mix de Green Lebanon, una selecci\u00f3n artesanal de verduras frescas encurtidas seg\u00fan la tradici\u00f3n libanesa. Elaborado con coliflor, zanahorias, pepinillos,berenjenas y nabos, este mix combina colores vibrantes, textura crujiente y un sabor equilibrado entre \u00e1cido y salado.Perfecto como acompa\u00f1amiento en mezze, shawarmas, carnes o ensaladas mediterr\u00e1neas, el Kabis Mix aporta un toque de frescura y autenticidad a tus comidas. Hecho en L\u00edbano, representa la esencia de la cocina casera libanesa: natural, sabrosa y llena de vida.<\/p>","protected":false},"featured_media":658,"comment_status":"open","ping_status":"closed","template":"","meta":{"_et_pb_use_builder":"","_et_pb_old_content":"","_et_gb_content_width":""},"product_brand":[106],"product_cat":[35],"product_tag":[123],"class_list":{"0":"post-438","1":"product","2":"type-product","3":"status-publish","4":"has-post-thumbnail","6":"product_brand-green-lebanon","7":"product_cat-conservas-y-condimentos","8":"product_tag-pickled-mixed-vegetables","9":"product_shipping_class-envios","11":"first","12":"instock","13":"shipping-taxable","14":"purchasable","15":"product-type-simple"},"_links":{"self":[{"href":"https:\/\/greenlebanon.store\/en\/wp-json\/wp\/v2\/product\/438","targetHints":{"allow":["GET"]}}],"collection":[{"href":"https:\/\/greenlebanon.store\/en\/wp-json\/wp\/v2\/product"}],"about":[{"href":"https:\/\/greenlebanon.store\/en\/wp-json\/wp\/v2\/types\/product"}],"replies":[{"embeddable":true,"href":"https:\/\/greenlebanon.store\/en\/wp-json\/wp\/v2\/comments?post=438"}],"wp:featuredmedia":[{"embeddable":true,"href":"https:\/\/greenlebanon.store\/en\/wp-json\/wp\/v2\/media\/658"}],"wp:attachment":[{"href":"https:\/\/greenlebanon.store\/en\/wp-json\/wp\/v2\/media?parent=438"}],"wp:term":[{"taxonomy":"product_brand","embeddable":true,"href":"https:\/\/greenlebanon.store\/en\/wp-json\/wp\/v2\/product_brand?post=438"},{"taxonomy":"product_cat","embeddable":true,"href":"https:\/\/greenlebanon.store\/en\/wp-json\/wp\/v2\/product_cat?post=438"},{"taxonomy":"product_tag","embeddable":true,"href":"https:\/\/greenlebanon.store\/en\/wp-json\/wp\/v2\/product_tag?post=438"}],"curies":[{"name":"wp","href":"https:\/\/api.w.org\/{rel}","templated":true}]}}