{"id":439,"date":"2025-05-07T18:33:27","date_gmt":"2025-05-07T18:33:27","guid":{"rendered":"https:\/\/greenlebanon.store\/product\/lentejas-rojas\/"},"modified":"2025-12-11T15:52:33","modified_gmt":"2025-12-11T15:52:33","slug":"lentejas-rojas","status":"publish","type":"product","link":"https:\/\/greenlebanon.store\/en\/product\/lentejas-rojas\/","title":{"rendered":"Lentejas Rojas Partidas,900g"},"content":{"rendered":"<p class=\"ds-markdown-paragraph\">Lentejas peladas y divididas en dos mitades, de vibrante color naranja. No necesitan remojo y su cocci\u00f3n es muy r\u00e1pida (15-20 minutos), resultando en una textura suave y cremosa que se deshace f\u00e1cilmente. Son muy digestivas.Ideales para: cremas, sopas espesas, pur\u00e9s, hummus,l y hamburguesas vegetales.Un ingrediente nutritivo, r\u00e1pido y vers\u00e1til, rico en prote\u00edna vegetal y hierro.<\/p>","protected":false},"excerpt":{"rendered":"<p>Lentejas peladas y divididas en dos mitades, de vibrante color naranja. No necesitan remojo y su cocci\u00f3n es muy r\u00e1pida (15-20 minutos), resultando en una textura suave y cremosa que se deshace f\u00e1cilmente. Son muy digestivas.Ideales para: cremas, sopas espesas, pur\u00e9s, hummus,l y hamburguesas vegetales.Un ingrediente nutritivo, r\u00e1pido y vers\u00e1til, rico en prote\u00edna vegetal y hierro.<\/p>","protected":false},"featured_media":726,"comment_status":"open","ping_status":"closed","template":"","meta":{"_et_pb_use_builder":"","_et_pb_old_content":"","_et_gb_content_width":""},"product_brand":[70],"product_cat":[34],"product_tag":[191],"class_list":{"0":"post-439","1":"product","2":"type-product","3":"status-publish","4":"has-post-thumbnail","6":"product_brand-chtoura-garden","7":"product_cat-legumbres-y-cereales","8":"product_tag-lentejas-rojas","9":"product_shipping_class-envios","11":"first","12":"instock","13":"shipping-taxable","14":"purchasable","15":"product-type-simple"},"_links":{"self":[{"href":"https:\/\/greenlebanon.store\/en\/wp-json\/wp\/v2\/product\/439","targetHints":{"allow":["GET"]}}],"collection":[{"href":"https:\/\/greenlebanon.store\/en\/wp-json\/wp\/v2\/product"}],"about":[{"href":"https:\/\/greenlebanon.store\/en\/wp-json\/wp\/v2\/types\/product"}],"replies":[{"embeddable":true,"href":"https:\/\/greenlebanon.store\/en\/wp-json\/wp\/v2\/comments?post=439"}],"wp:featuredmedia":[{"embeddable":true,"href":"https:\/\/greenlebanon.store\/en\/wp-json\/wp\/v2\/media\/726"}],"wp:attachment":[{"href":"https:\/\/greenlebanon.store\/en\/wp-json\/wp\/v2\/media?parent=439"}],"wp:term":[{"taxonomy":"product_brand","embeddable":true,"href":"https:\/\/greenlebanon.store\/en\/wp-json\/wp\/v2\/product_brand?post=439"},{"taxonomy":"product_cat","embeddable":true,"href":"https:\/\/greenlebanon.store\/en\/wp-json\/wp\/v2\/product_cat?post=439"},{"taxonomy":"product_tag","embeddable":true,"href":"https:\/\/greenlebanon.store\/en\/wp-json\/wp\/v2\/product_tag?post=439"}],"curies":[{"name":"wp","href":"https:\/\/api.w.org\/{rel}","templated":true}]}}