{"id":440,"date":"2025-05-07T18:33:27","date_gmt":"2025-05-07T18:33:27","guid":{"rendered":"https:\/\/greenlebanon.store\/product\/levadura-seca-en-polvo\/"},"modified":"2025-12-11T15:57:03","modified_gmt":"2025-12-11T15:57:03","slug":"levadura-seca-en-polvo","status":"publish","type":"product","link":"https:\/\/greenlebanon.store\/en\/product\/levadura-seca-en-polvo\/","title":{"rendered":"Levadura Seca En Polvo,500g"},"content":{"rendered":"<p class=\"ds-markdown-paragraph\">Levadura instant\u00e1nea en pr\u00e1ctico formato de polvo. No necesita disolverse en agua previamente: se mezcla directamente con la harina para un resultado perfecto y sencillo.Ideal para:\u00a0hacer pan, pizza, brioches o roscones con una fermentaci\u00f3n fiable y un sabor aut\u00e9ntico. Es estable, de larga duraci\u00f3n y siempre lista para usar.\u00a1Hornea como un profesional, con la comodidad de siempre tenerla a mano!<\/p>","protected":false},"excerpt":{"rendered":"<p>Levadura instant\u00e1nea en pr\u00e1ctico formato de polvo. No necesita disolverse en agua previamente: se mezcla directamente con la harina para un resultado perfecto y sencillo.Ideal para:\u00a0hacer pan, pizza, brioches o roscones con una fermentaci\u00f3n fiable y un sabor aut\u00e9ntico. Es estable, de larga duraci\u00f3n y siempre lista para usar.\u00a1Hornea como un profesional, con la comodidad de siempre tenerla a mano!<\/p>","protected":false},"featured_media":727,"comment_status":"open","ping_status":"closed","template":"","meta":{"_et_pb_use_builder":"","_et_pb_old_content":"","_et_gb_content_width":""},"product_brand":[192],"product_cat":[34],"product_tag":[193],"class_list":{"0":"post-440","1":"product","2":"type-product","3":"status-publish","4":"has-post-thumbnail","6":"product_brand-bruggeman","7":"product_cat-legumbres-y-cereales","8":"product_tag-levadura","9":"product_shipping_class-envios","11":"first","12":"instock","13":"shipping-taxable","14":"purchasable","15":"product-type-simple"},"_links":{"self":[{"href":"https:\/\/greenlebanon.store\/en\/wp-json\/wp\/v2\/product\/440","targetHints":{"allow":["GET"]}}],"collection":[{"href":"https:\/\/greenlebanon.store\/en\/wp-json\/wp\/v2\/product"}],"about":[{"href":"https:\/\/greenlebanon.store\/en\/wp-json\/wp\/v2\/types\/product"}],"replies":[{"embeddable":true,"href":"https:\/\/greenlebanon.store\/en\/wp-json\/wp\/v2\/comments?post=440"}],"wp:featuredmedia":[{"embeddable":true,"href":"https:\/\/greenlebanon.store\/en\/wp-json\/wp\/v2\/media\/727"}],"wp:attachment":[{"href":"https:\/\/greenlebanon.store\/en\/wp-json\/wp\/v2\/media?parent=440"}],"wp:term":[{"taxonomy":"product_brand","embeddable":true,"href":"https:\/\/greenlebanon.store\/en\/wp-json\/wp\/v2\/product_brand?post=440"},{"taxonomy":"product_cat","embeddable":true,"href":"https:\/\/greenlebanon.store\/en\/wp-json\/wp\/v2\/product_cat?post=440"},{"taxonomy":"product_tag","embeddable":true,"href":"https:\/\/greenlebanon.store\/en\/wp-json\/wp\/v2\/product_tag?post=440"}],"curies":[{"name":"wp","href":"https:\/\/api.w.org\/{rel}","templated":true}]}}