{"id":441,"date":"2025-05-07T18:33:27","date_gmt":"2025-05-07T18:33:27","guid":{"rendered":"https:\/\/greenlebanon.store\/product\/makdous\/"},"modified":"2025-10-31T18:17:31","modified_gmt":"2025-10-31T18:17:31","slug":"makdous","status":"publish","type":"product","link":"https:\/\/greenlebanon.store\/en\/product\/makdous\/","title":{"rendered":"Makdous,600g"},"content":{"rendered":"<p data-start=\"326\" data-end=\"636\">Makdous \u2014 Berenjenas rellenas en aceite de oliva.<br data-start=\"392\" data-end=\"395\" \/>Descubre uno de los sabores m\u00e1s emblem\u00e1ticos del L\u00edbano con el Makdous es\u00a0elaborado de forma artesanal con berenjenas peque\u00f1as rellenas de nueces, pimiento rojo y ajo, luego conservadas en aceite de oliva virgen.Este cl\u00e1sico de la cocina libanesa ofrece una textura suave y un sabor intenso y equilibrado, combinando el toque picante del pimiento con la riqueza del aceite y el aroma de las nueces. Ideal como parte del mezze, para acompa\u00f1ar pan \u00e1rabe o servir junto a carnes y ensaladas.Hecho en L\u00edbano, el Makdous representa la autenticidad y el alma de la cocina mediterr\u00e1nea tradicional.<\/p>","protected":false},"excerpt":{"rendered":"<p>Makdous \u2014 Berenjenas rellenas en aceite de oliva.<br data-start=\"392\" data-end=\"395\" \/>Descubre uno de los sabores m\u00e1s emblem\u00e1ticos del L\u00edbano con el Makdous es\u00a0elaborado de forma artesanal con berenjenas peque\u00f1as rellenas de nueces, pimiento rojo y ajo, luego conservadas en aceite de oliva virgen.Este cl\u00e1sico de la cocina libanesa ofrece una textura suave y un sabor intenso y equilibrado, combinando el toque picante del pimiento con la riqueza del aceite y el aroma de las nueces. Ideal como parte del mezze, para acompa\u00f1ar pan \u00e1rabe o servir junto a carnes y ensaladas.Hecho en L\u00edbano, el Makdous representa la autenticidad y el alma de la cocina mediterr\u00e1nea tradicional.<\/p>","protected":false},"featured_media":661,"comment_status":"open","ping_status":"closed","template":"","meta":{"_et_pb_use_builder":"","_et_pb_old_content":"","_et_gb_content_width":""},"product_brand":[70],"product_cat":[35],"product_tag":[124],"class_list":{"0":"post-441","1":"product","2":"type-product","3":"status-publish","4":"has-post-thumbnail","6":"product_brand-chtoura-garden","7":"product_cat-conservas-y-condimentos","8":"product_tag-berenjena-rellena-de-aceite","9":"product_shipping_class-envios","11":"first","12":"instock","13":"shipping-taxable","14":"purchasable","15":"product-type-simple"},"_links":{"self":[{"href":"https:\/\/greenlebanon.store\/en\/wp-json\/wp\/v2\/product\/441","targetHints":{"allow":["GET"]}}],"collection":[{"href":"https:\/\/greenlebanon.store\/en\/wp-json\/wp\/v2\/product"}],"about":[{"href":"https:\/\/greenlebanon.store\/en\/wp-json\/wp\/v2\/types\/product"}],"replies":[{"embeddable":true,"href":"https:\/\/greenlebanon.store\/en\/wp-json\/wp\/v2\/comments?post=441"}],"wp:featuredmedia":[{"embeddable":true,"href":"https:\/\/greenlebanon.store\/en\/wp-json\/wp\/v2\/media\/661"}],"wp:attachment":[{"href":"https:\/\/greenlebanon.store\/en\/wp-json\/wp\/v2\/media?parent=441"}],"wp:term":[{"taxonomy":"product_brand","embeddable":true,"href":"https:\/\/greenlebanon.store\/en\/wp-json\/wp\/v2\/product_brand?post=441"},{"taxonomy":"product_cat","embeddable":true,"href":"https:\/\/greenlebanon.store\/en\/wp-json\/wp\/v2\/product_cat?post=441"},{"taxonomy":"product_tag","embeddable":true,"href":"https:\/\/greenlebanon.store\/en\/wp-json\/wp\/v2\/product_tag?post=441"}],"curies":[{"name":"wp","href":"https:\/\/api.w.org\/{rel}","templated":true}]}}