{"id":443,"date":"2025-05-07T18:33:27","date_gmt":"2025-05-07T18:33:27","guid":{"rendered":"https:\/\/greenlebanon.store\/product\/menta-seca\/"},"modified":"2026-04-01T16:14:10","modified_gmt":"2026-04-01T16:14:10","slug":"menta-seca","status":"publish","type":"product","link":"https:\/\/greenlebanon.store\/en\/product\/menta-seca\/","title":{"rendered":"Menta seca,500g"},"content":{"rendered":"<p data-start=\"264\" data-end=\"544\">La menta seca es una hierba arom\u00e1tica esencial en la cocina libanesa y mediterr\u00e1nea, conocida por su sabor fresco, intenso y ligeramente dulce, que aporta un toque de equilibrio y vitalidad a todo tipo de platos.Ideal para usar en ensaladas, salsas, sopas, carnes, legumbres o infusiones, la menta seca realza los sabores naturales de los alimentos y a\u00f1ade una nota refrescante inconfundible.Adem\u00e1s de su exquisito aroma, la menta es reconocida por sus propiedades digestivas, calmantes y antioxidantes, ayudando al bienestar y aportando una sensaci\u00f3n de frescura natural en cada bocado.Una hierba natural, vers\u00e1til y saludable, perfecta para quienes disfrutan del aut\u00e9ntico sabor del L\u00edbano y de una cocina equilibrada y llena de aroma.<\/p>","protected":false},"excerpt":{"rendered":"<p>La menta seca es una hierba arom\u00e1tica esencial en la cocina libanesa y mediterr\u00e1nea, conocida por su sabor fresco, intenso y ligeramente dulce, que aporta un toque de equilibrio y vitalidad a todo tipo de platos.Ideal para usar en ensaladas, salsas, sopas, carnes, legumbres o infusiones, la menta seca realza los sabores naturales de los alimentos y a\u00f1ade una nota refrescante inconfundible.Adem\u00e1s de su exquisito aroma, la menta es reconocida por sus propiedades digestivas, calmantes y antioxidantes, ayudando al bienestar y aportando una sensaci\u00f3n de frescura natural en cada bocado.Una hierba natural, vers\u00e1til y saludable, perfecta para quienes disfrutan del aut\u00e9ntico sabor del L\u00edbano y de una cocina equilibrada y llena de aroma.<\/p>","protected":false},"featured_media":1010,"comment_status":"open","ping_status":"closed","template":"","meta":{"_et_pb_use_builder":"","_et_pb_old_content":"","_et_gb_content_width":""},"product_brand":[53],"product_cat":[30],"product_tag":[149],"class_list":{"0":"post-443","1":"product","2":"type-product","3":"status-publish","4":"has-post-thumbnail","6":"product_brand-adonis","7":"product_cat-especias-y-hierbas","8":"product_tag-menta-seca","9":"product_shipping_class-envios","11":"first","12":"instock","13":"shipping-taxable","14":"purchasable","15":"product-type-simple"},"_links":{"self":[{"href":"https:\/\/greenlebanon.store\/en\/wp-json\/wp\/v2\/product\/443","targetHints":{"allow":["GET"]}}],"collection":[{"href":"https:\/\/greenlebanon.store\/en\/wp-json\/wp\/v2\/product"}],"about":[{"href":"https:\/\/greenlebanon.store\/en\/wp-json\/wp\/v2\/types\/product"}],"replies":[{"embeddable":true,"href":"https:\/\/greenlebanon.store\/en\/wp-json\/wp\/v2\/comments?post=443"}],"wp:featuredmedia":[{"embeddable":true,"href":"https:\/\/greenlebanon.store\/en\/wp-json\/wp\/v2\/media\/1010"}],"wp:attachment":[{"href":"https:\/\/greenlebanon.store\/en\/wp-json\/wp\/v2\/media?parent=443"}],"wp:term":[{"taxonomy":"product_brand","embeddable":true,"href":"https:\/\/greenlebanon.store\/en\/wp-json\/wp\/v2\/product_brand?post=443"},{"taxonomy":"product_cat","embeddable":true,"href":"https:\/\/greenlebanon.store\/en\/wp-json\/wp\/v2\/product_cat?post=443"},{"taxonomy":"product_tag","embeddable":true,"href":"https:\/\/greenlebanon.store\/en\/wp-json\/wp\/v2\/product_tag?post=443"}],"curies":[{"name":"wp","href":"https:\/\/api.w.org\/{rel}","templated":true}]}}