{"id":444,"date":"2025-05-07T18:33:28","date_gmt":"2025-05-07T18:33:28","guid":{"rendered":"https:\/\/greenlebanon.store\/product\/moghrabieh\/"},"modified":"2025-12-11T15:59:20","modified_gmt":"2025-12-11T15:59:20","slug":"moghrabieh","status":"publish","type":"product","link":"https:\/\/greenlebanon.store\/en\/product\/moghrabieh\/","title":{"rendered":"Moghrabieh,900g"},"content":{"rendered":"<div class=\"ds-message _63c77b1\">\n<div class=\"ds-markdown\">\n<p class=\"ds-markdown-paragraph\">S\u00e9mola de trigo 100% pura en forma de perlas peque\u00f1as y redondeadas. No es un cusc\u00fas fino, sino un ingrediente \u00fanico y vers\u00e1til con una textura firme y un sabor que absorbe a la perfecci\u00f3n los caldos y condimentos.Ideal para: guisos tradicionales, sopas sustanciosas y ensaladas frescas. Tambi\u00e9n como acompa\u00f1amiento gourmet de carnes, estofados y verduras asadas. Se cocina f\u00e1cilmente en agua o caldo hasta obtener un punto tierno y consistente.Un toque de tradici\u00f3n y textura a tus platos m\u00e1s especiales.<\/p>\n<\/div>\n<\/div>\n<div class=\"ds-theme\"><\/div>\n<div class=\"ds-flex _0a3d93b\">\n<div class=\"ds-flex _965abe9 _54866f7\">\n<div class=\"db183363 ds-icon-button ds-icon-button--m ds-icon-button--sizing-container\" tabindex=\"0\" role=\"button\" aria-disabled=\"false\">\n<div class=\"ds-icon-button__hover-bg\"><\/div>\n<div class=\"ds-icon\"><\/div>\n<div class=\"ds-focus-ring\"><\/div>\n<\/div>\n<div class=\"db183363 ds-icon-button ds-icon-button--m ds-icon-button--sizing-container\" tabindex=\"0\" role=\"button\" aria-disabled=\"false\">\n<div class=\"ds-icon-button__hover-bg\"><\/div>\n<div class=\"ds-icon\"><\/div>\n<div class=\"ds-focus-ring\"><\/div>\n<\/div>\n<div class=\"db183363 ds-icon-button ds-icon-button--m ds-icon-button--sizing-container\" tabindex=\"0\" role=\"button\" aria-disabled=\"false\">\n<div class=\"ds-icon-button__hover-bg\"><\/div>\n<div class=\"ds-icon\"><\/div>\n<div class=\"ds-focus-ring\"><\/div>\n<\/div>\n<div class=\"db183363 ds-icon-button ds-icon-button--m ds-icon-button--sizing-container\" tabindex=\"0\" role=\"button\" aria-disabled=\"false\">\n<div class=\"ds-icon-button__hover-bg\"><\/div>\n<div class=\"ds-icon\"><\/div>\n<div class=\"ds-focus-ring\"><\/div>\n<\/div>\n<div class=\"db183363 ds-icon-button ds-icon-button--m ds-icon-button--sizing-container\" tabindex=\"0\" role=\"button\" aria-disabled=\"false\">\n<div class=\"ds-icon-button__hover-bg\"><\/div>\n<div class=\"ds-icon\"><\/div>\n<\/div>\n<\/div>\n<\/div>","protected":false},"excerpt":{"rendered":"<div class=\"ds-message _63c77b1\">\n<div class=\"ds-markdown\">\n<p class=\"ds-markdown-paragraph\">S\u00e9mola de trigo 100% pura en forma de perlas peque\u00f1as y redondeadas. No es un cusc\u00fas fino, sino un ingrediente \u00fanico y vers\u00e1til con una textura firme y un sabor que absorbe a la perfecci\u00f3n los caldos y condimentos.Ideal para: guisos tradicionales, sopas sustanciosas y ensaladas frescas. Tambi\u00e9n como acompa\u00f1amiento gourmet de carnes, estofados y verduras asadas. Se cocina f\u00e1cilmente en agua o caldo hasta obtener un punto tierno y consistente.Un toque de tradici\u00f3n y textura a tus platos m\u00e1s especiales.<\/p>\n<\/div>\n<\/div>\n<div class=\"ds-theme\"><\/div>","protected":false},"featured_media":728,"comment_status":"open","ping_status":"closed","template":"","meta":{"_et_pb_use_builder":"","_et_pb_old_content":"","_et_gb_content_width":""},"product_brand":[70],"product_cat":[34],"product_tag":[194],"class_list":{"0":"post-444","1":"product","2":"type-product","3":"status-publish","4":"has-post-thumbnail","6":"product_brand-chtoura-garden","7":"product_cat-legumbres-y-cereales","8":"product_tag-moghrabieh","9":"product_shipping_class-envios","11":"first","12":"instock","13":"shipping-taxable","14":"purchasable","15":"product-type-simple"},"_links":{"self":[{"href":"https:\/\/greenlebanon.store\/en\/wp-json\/wp\/v2\/product\/444","targetHints":{"allow":["GET"]}}],"collection":[{"href":"https:\/\/greenlebanon.store\/en\/wp-json\/wp\/v2\/product"}],"about":[{"href":"https:\/\/greenlebanon.store\/en\/wp-json\/wp\/v2\/types\/product"}],"replies":[{"embeddable":true,"href":"https:\/\/greenlebanon.store\/en\/wp-json\/wp\/v2\/comments?post=444"}],"wp:featuredmedia":[{"embeddable":true,"href":"https:\/\/greenlebanon.store\/en\/wp-json\/wp\/v2\/media\/728"}],"wp:attachment":[{"href":"https:\/\/greenlebanon.store\/en\/wp-json\/wp\/v2\/media?parent=444"}],"wp:term":[{"taxonomy":"product_brand","embeddable":true,"href":"https:\/\/greenlebanon.store\/en\/wp-json\/wp\/v2\/product_brand?post=444"},{"taxonomy":"product_cat","embeddable":true,"href":"https:\/\/greenlebanon.store\/en\/wp-json\/wp\/v2\/product_cat?post=444"},{"taxonomy":"product_tag","embeddable":true,"href":"https:\/\/greenlebanon.store\/en\/wp-json\/wp\/v2\/product_tag?post=444"}],"curies":[{"name":"wp","href":"https:\/\/api.w.org\/{rel}","templated":true}]}}