{"id":446,"date":"2025-05-07T18:33:29","date_gmt":"2025-05-07T18:33:29","guid":{"rendered":"https:\/\/greenlebanon.store\/product\/molokhiyeh-hojas\/"},"modified":"2025-11-13T12:35:58","modified_gmt":"2025-11-13T12:35:58","slug":"molokhiyeh-hojas","status":"publish","type":"product","link":"https:\/\/greenlebanon.store\/en\/product\/molokhiyeh-hojas\/","title":{"rendered":"Molokhia Hojas,400g"},"content":{"rendered":"<p data-start=\"356\" data-end=\"574\">Descubre la aut\u00e9ntica Molokhia Seca formato 400g, una verdura tradicional muy apreciada en la cocina libanesa y de Oriente Medio, conocida por su sabor \u00fanico y sus grandes beneficios para la salud.Rica en vitaminas, minerales y antioxidantes, la Molokhia contribuye a una alimentaci\u00f3n equilibrada y saludable. Su sabor ligeramente amargo se suaviza al cocinarse, dando lugar a un caldo suave y de textura caracter\u00edstica, ideal para preparar sopas y estofados t\u00edpicos del L\u00edbano.En los lugares donde se consume, tiene la misma consideraci\u00f3n culinaria que la espinaca u otras verduras de hoja para guisar, ya que con la Molokhia se elaboran sopas o estofados que generalmente reciben el mismo nombre.<br data-start=\"1111\" data-end=\"1114\" \/>El t\u00e9rmino \u00abMolokhia\u00bb proviene del \u00e1rabe egipcio, aunque esta planta recibe diferentes nombres locales, pues se disfruta en muchas regiones del Mediterr\u00e1neo y Oriente Medio.Se suele servir acompa\u00f1ada de arroz o pollo, y aromatizada con zumo de lim\u00f3n, para resaltar su sabor y textura.Una verdura tradicional, nutritiva y deliciosa, que te permite disfrutar en casa del aut\u00e9ntico sabor del L\u00edbano.<\/p>","protected":false},"excerpt":{"rendered":"<p>Descubre la aut\u00e9ntica Molokhia Seca formato 400g, una verdura tradicional muy apreciada en la cocina libanesa y de Oriente Medio, conocida por su sabor \u00fanico y sus grandes beneficios para la salud.Rica en vitaminas, minerales y antioxidantes, la Molokhia contribuye a una alimentaci\u00f3n equilibrada y saludable. Su sabor ligeramente amargo se suaviza al cocinarse, dando lugar a un caldo suave y de textura caracter\u00edstica, ideal para preparar sopas y estofados t\u00edpicos del L\u00edbano.En los lugares donde se consume, tiene la misma consideraci\u00f3n culinaria que la espinaca u otras verduras de hoja para guisar, ya que con la Molokhia se elaboran sopas o estofados que generalmente reciben el mismo nombre.<br data-start=\"1111\" data-end=\"1114\" \/>El t\u00e9rmino \u00abMolokhia\u00bb proviene del \u00e1rabe egipcio, aunque esta planta recibe diferentes nombres locales, pues se disfruta en muchas regiones del Mediterr\u00e1neo y Oriente Medio.Se suele servir acompa\u00f1ada de arroz o pollo, y aromatizada con zumo de lim\u00f3n, para resaltar su sabor y textura.Una verdura tradicional, nutritiva y deliciosa, que te permite disfrutar en casa del aut\u00e9ntico sabor del L\u00edbano.<\/p>","protected":false},"featured_media":706,"comment_status":"open","ping_status":"closed","template":"","meta":{"_et_pb_use_builder":"","_et_pb_old_content":"","_et_gb_content_width":""},"product_brand":[],"product_cat":[30],"product_tag":[],"class_list":{"0":"post-446","1":"product","2":"type-product","3":"status-publish","4":"has-post-thumbnail","6":"product_cat-especias-y-hierbas","7":"product_shipping_class-envios","9":"first","10":"instock","11":"shipping-taxable","12":"purchasable","13":"product-type-simple"},"_links":{"self":[{"href":"https:\/\/greenlebanon.store\/en\/wp-json\/wp\/v2\/product\/446","targetHints":{"allow":["GET"]}}],"collection":[{"href":"https:\/\/greenlebanon.store\/en\/wp-json\/wp\/v2\/product"}],"about":[{"href":"https:\/\/greenlebanon.store\/en\/wp-json\/wp\/v2\/types\/product"}],"replies":[{"embeddable":true,"href":"https:\/\/greenlebanon.store\/en\/wp-json\/wp\/v2\/comments?post=446"}],"wp:featuredmedia":[{"embeddable":true,"href":"https:\/\/greenlebanon.store\/en\/wp-json\/wp\/v2\/media\/706"}],"wp:attachment":[{"href":"https:\/\/greenlebanon.store\/en\/wp-json\/wp\/v2\/media?parent=446"}],"wp:term":[{"taxonomy":"product_brand","embeddable":true,"href":"https:\/\/greenlebanon.store\/en\/wp-json\/wp\/v2\/product_brand?post=446"},{"taxonomy":"product_cat","embeddable":true,"href":"https:\/\/greenlebanon.store\/en\/wp-json\/wp\/v2\/product_cat?post=446"},{"taxonomy":"product_tag","embeddable":true,"href":"https:\/\/greenlebanon.store\/en\/wp-json\/wp\/v2\/product_tag?post=446"}],"curies":[{"name":"wp","href":"https:\/\/api.w.org\/{rel}","templated":true}]}}