{"id":447,"date":"2025-05-07T18:33:29","date_gmt":"2025-05-07T18:33:29","guid":{"rendered":"https:\/\/greenlebanon.store\/product\/nuez-moscada\/"},"modified":"2025-11-13T19:32:07","modified_gmt":"2025-11-13T19:32:07","slug":"nuez-moscada","status":"publish","type":"product","link":"https:\/\/greenlebanon.store\/en\/product\/nuez-moscada\/","title":{"rendered":"Nuez Moscada,500g"},"content":{"rendered":"<p data-start=\"301\" data-end=\"541\">La nuez moscada de\u00a0es una especia arom\u00e1tica y vers\u00e1til, muy apreciada en la cocina libanesa y mediterr\u00e1nea por su sabor c\u00e1lido, ligeramente dulce y con un toque picante que realza el car\u00e1cter de numerosos platos.Ideal para guisos, salsas, carnes, arroces, postres y bebidas calientes, la nuez moscada aporta profundidad y un aroma inconfundible que convierte cada receta en una experiencia rica y equilibrada.Adem\u00e1s de su sabor distintivo, la nuez moscada es conocida por sus propiedades digestivas, antioxidantes y calmantes, contribuyendo al bienestar y ayudando a mantener una digesti\u00f3n saludable.Una especia natural, saludable y llena de tradici\u00f3n, perfecta para dar un toque aut\u00e9ntico y arom\u00e1tico a tus platos inspirados en el Mediterr\u00e1neo y el L\u00edbano.<\/p>","protected":false},"excerpt":{"rendered":"<p>La nuez moscada de\u00a0es una especia arom\u00e1tica y vers\u00e1til, muy apreciada en la cocina libanesa y mediterr\u00e1nea por su sabor c\u00e1lido, ligeramente dulce y con un toque picante que realza el car\u00e1cter de numerosos platos.Ideal para guisos, salsas, carnes, arroces, postres y bebidas calientes, la nuez moscada aporta profundidad y un aroma inconfundible que convierte cada receta en una experiencia rica y equilibrada.Adem\u00e1s de su sabor distintivo, la nuez moscada es conocida por sus propiedades digestivas, antioxidantes y calmantes, contribuyendo al bienestar y ayudando a mantener una digesti\u00f3n saludable.Una especia natural, saludable y llena de tradici\u00f3n, perfecta para dar un toque aut\u00e9ntico y arom\u00e1tico a tus platos inspirados en el Mediterr\u00e1neo y el L\u00edbano.<\/p>","protected":false},"featured_media":696,"comment_status":"open","ping_status":"closed","template":"","meta":{"_et_pb_use_builder":"","_et_pb_old_content":"","_et_gb_content_width":""},"product_brand":[53],"product_cat":[30],"product_tag":[150],"class_list":{"0":"post-447","1":"product","2":"type-product","3":"status-publish","4":"has-post-thumbnail","6":"product_brand-adonis","7":"product_cat-especias-y-hierbas","8":"product_tag-nuez-moscada","9":"product_shipping_class-envios","11":"first","12":"instock","13":"shipping-taxable","14":"purchasable","15":"product-type-simple"},"_links":{"self":[{"href":"https:\/\/greenlebanon.store\/en\/wp-json\/wp\/v2\/product\/447","targetHints":{"allow":["GET"]}}],"collection":[{"href":"https:\/\/greenlebanon.store\/en\/wp-json\/wp\/v2\/product"}],"about":[{"href":"https:\/\/greenlebanon.store\/en\/wp-json\/wp\/v2\/types\/product"}],"replies":[{"embeddable":true,"href":"https:\/\/greenlebanon.store\/en\/wp-json\/wp\/v2\/comments?post=447"}],"wp:featuredmedia":[{"embeddable":true,"href":"https:\/\/greenlebanon.store\/en\/wp-json\/wp\/v2\/media\/696"}],"wp:attachment":[{"href":"https:\/\/greenlebanon.store\/en\/wp-json\/wp\/v2\/media?parent=447"}],"wp:term":[{"taxonomy":"product_brand","embeddable":true,"href":"https:\/\/greenlebanon.store\/en\/wp-json\/wp\/v2\/product_brand?post=447"},{"taxonomy":"product_cat","embeddable":true,"href":"https:\/\/greenlebanon.store\/en\/wp-json\/wp\/v2\/product_cat?post=447"},{"taxonomy":"product_tag","embeddable":true,"href":"https:\/\/greenlebanon.store\/en\/wp-json\/wp\/v2\/product_tag?post=447"}],"curies":[{"name":"wp","href":"https:\/\/api.w.org\/{rel}","templated":true}]}}