{"id":448,"date":"2025-05-07T18:33:29","date_gmt":"2025-05-07T18:33:29","guid":{"rendered":"https:\/\/greenlebanon.store\/product\/okra\/"},"modified":"2025-10-31T18:22:56","modified_gmt":"2025-10-31T18:22:56","slug":"okra","status":"publish","type":"product","link":"https:\/\/greenlebanon.store\/en\/product\/okra\/","title":{"rendered":"Okra,840g"},"content":{"rendered":"<p data-start=\"251\" data-end=\"587\">Okra \u2014 Bamya libanesa de <strong>Green Lebanon<\/strong><br data-start=\"290\" data-end=\"293\" \/>Descubre el aut\u00e9ntico sabor de la cocina libanesa con la Okra de Green Lebanon, seleccionada cuidadosamente y preparada siguiendo las tradiciones del L\u00edbano. Con su textura tierna y su sabor suave, la bamya es un ingrediente esencial en la gastronom\u00eda mediterr\u00e1nea y de Oriente Medio.Perfecta para preparar guisos caseros con tomate, carne o aceite de oliva, la okra aporta un toque nutritivo y lleno de sabor a tus platos. Su versatilidad la convierte en una opci\u00f3n ideal para recetas vegetarianas o tradicionales libanesas.Hecha en L\u00edbano, la okra de Green Lebanon garantiza autenticidad, frescura y calidad premium en cada bocado.<\/p>","protected":false},"excerpt":{"rendered":"<p>Okra \u2014 Bamya libanesa de <strong>Green Lebanon<\/strong><br data-start=\"290\" data-end=\"293\" \/>Descubre el aut\u00e9ntico sabor de la cocina libanesa con la Okra de Green Lebanon, seleccionada cuidadosamente y preparada siguiendo las tradiciones del L\u00edbano. Con su textura tierna y su sabor suave, la bamya es un ingrediente esencial en la gastronom\u00eda mediterr\u00e1nea y de Oriente Medio.Perfecta para preparar guisos caseros con tomate, carne o aceite de oliva, la okra aporta un toque nutritivo y lleno de sabor a tus platos. Su versatilidad la convierte en una opci\u00f3n ideal para recetas vegetarianas o tradicionales libanesas.Hecha en L\u00edbano, la okra de Green Lebanon garantiza autenticidad, frescura y calidad premium en cada bocado.<\/p>","protected":false},"featured_media":662,"comment_status":"open","ping_status":"closed","template":"","meta":{"_et_pb_use_builder":"","_et_pb_old_content":"","_et_gb_content_width":""},"product_brand":[106],"product_cat":[35],"product_tag":[125],"class_list":{"0":"post-448","1":"product","2":"type-product","3":"status-publish","4":"has-post-thumbnail","6":"product_brand-green-lebanon","7":"product_cat-conservas-y-condimentos","8":"product_tag-okra-verde","9":"product_shipping_class-envios","11":"first","12":"instock","13":"shipping-taxable","14":"purchasable","15":"product-type-simple"},"_links":{"self":[{"href":"https:\/\/greenlebanon.store\/en\/wp-json\/wp\/v2\/product\/448","targetHints":{"allow":["GET"]}}],"collection":[{"href":"https:\/\/greenlebanon.store\/en\/wp-json\/wp\/v2\/product"}],"about":[{"href":"https:\/\/greenlebanon.store\/en\/wp-json\/wp\/v2\/types\/product"}],"replies":[{"embeddable":true,"href":"https:\/\/greenlebanon.store\/en\/wp-json\/wp\/v2\/comments?post=448"}],"wp:featuredmedia":[{"embeddable":true,"href":"https:\/\/greenlebanon.store\/en\/wp-json\/wp\/v2\/media\/662"}],"wp:attachment":[{"href":"https:\/\/greenlebanon.store\/en\/wp-json\/wp\/v2\/media?parent=448"}],"wp:term":[{"taxonomy":"product_brand","embeddable":true,"href":"https:\/\/greenlebanon.store\/en\/wp-json\/wp\/v2\/product_brand?post=448"},{"taxonomy":"product_cat","embeddable":true,"href":"https:\/\/greenlebanon.store\/en\/wp-json\/wp\/v2\/product_cat?post=448"},{"taxonomy":"product_tag","embeddable":true,"href":"https:\/\/greenlebanon.store\/en\/wp-json\/wp\/v2\/product_tag?post=448"}],"curies":[{"name":"wp","href":"https:\/\/api.w.org\/{rel}","templated":true}]}}