{"id":449,"date":"2025-05-07T18:33:29","date_gmt":"2025-05-07T18:33:29","guid":{"rendered":"https:\/\/greenlebanon.store\/product\/oliva-kalamata-large-s-h\/"},"modified":"2025-10-31T18:25:17","modified_gmt":"2025-10-31T18:25:17","slug":"oliva-kalamata-large-s-h","status":"publish","type":"product","link":"https:\/\/greenlebanon.store\/en\/product\/oliva-kalamata-large-s-h\/","title":{"rendered":"Oliva Kalamata Large (S\/H),2kg"},"content":{"rendered":"<p data-start=\"272\" data-end=\"662\">Aceitunas Kalamata grandes sin hueso\u00a0<br data-start=\"328\" data-end=\"331\" \/>Disfruta del sabor aut\u00e9ntico del Mediterr\u00e1neo con las aceitunas Kalamata grandes sin hueso, cuidadosamente seleccionadas para ofrecerte una experiencia \u00fanica. Originarias de Grecia y muy apreciadas en la cocina libanesa, estas aceitunas destacan por su carne firme, sabor intenso y ligero toque afrutado.Perfectas para ensaladas, mezze, platos mediterr\u00e1neos o como aperitivo, su formato sin hueso las hace pr\u00e1cticas y listas para disfrutar en cualquier momento.<\/p>\n<p data-start=\"829\" data-end=\"955\">","protected":false},"excerpt":{"rendered":"<p>Aceitunas Kalamata grandes sin hueso\u00a0<br data-start=\"328\" data-end=\"331\" \/>Disfruta del sabor aut\u00e9ntico del Mediterr\u00e1neo con las aceitunas Kalamata grandes sin hueso, cuidadosamente seleccionadas para ofrecerte una experiencia \u00fanica. Originarias de Grecia y muy apreciadas en la cocina libanesa, estas aceitunas destacan por su carne firme, sabor intenso y ligero toque afrutado.Perfectas para ensaladas, mezze, platos mediterr\u00e1neos o como aperitivo, su formato sin hueso las hace pr\u00e1cticas y listas para disfrutar en cualquier momento.<\/p>","protected":false},"featured_media":663,"comment_status":"open","ping_status":"closed","template":"","meta":{"_et_pb_use_builder":"","_et_pb_old_content":"","_et_gb_content_width":""},"product_brand":[126],"product_cat":[35],"product_tag":[127],"class_list":{"0":"post-449","1":"product","2":"type-product","3":"status-publish","4":"has-post-thumbnail","6":"product_brand-siouvi","7":"product_cat-conservas-y-condimentos","8":"product_tag-olivas-kalamatas-large","9":"product_shipping_class-envios","11":"first","12":"instock","13":"shipping-taxable","14":"purchasable","15":"product-type-simple"},"_links":{"self":[{"href":"https:\/\/greenlebanon.store\/en\/wp-json\/wp\/v2\/product\/449","targetHints":{"allow":["GET"]}}],"collection":[{"href":"https:\/\/greenlebanon.store\/en\/wp-json\/wp\/v2\/product"}],"about":[{"href":"https:\/\/greenlebanon.store\/en\/wp-json\/wp\/v2\/types\/product"}],"replies":[{"embeddable":true,"href":"https:\/\/greenlebanon.store\/en\/wp-json\/wp\/v2\/comments?post=449"}],"wp:featuredmedia":[{"embeddable":true,"href":"https:\/\/greenlebanon.store\/en\/wp-json\/wp\/v2\/media\/663"}],"wp:attachment":[{"href":"https:\/\/greenlebanon.store\/en\/wp-json\/wp\/v2\/media?parent=449"}],"wp:term":[{"taxonomy":"product_brand","embeddable":true,"href":"https:\/\/greenlebanon.store\/en\/wp-json\/wp\/v2\/product_brand?post=449"},{"taxonomy":"product_cat","embeddable":true,"href":"https:\/\/greenlebanon.store\/en\/wp-json\/wp\/v2\/product_cat?post=449"},{"taxonomy":"product_tag","embeddable":true,"href":"https:\/\/greenlebanon.store\/en\/wp-json\/wp\/v2\/product_tag?post=449"}],"curies":[{"name":"wp","href":"https:\/\/api.w.org\/{rel}","templated":true}]}}