{"id":450,"date":"2025-05-07T18:33:29","date_gmt":"2025-05-07T18:33:29","guid":{"rendered":"https:\/\/greenlebanon.store\/product\/oregano-flor\/"},"modified":"2025-11-13T19:36:09","modified_gmt":"2025-11-13T19:36:09","slug":"oregano-flor","status":"publish","type":"product","link":"https:\/\/greenlebanon.store\/en\/product\/oregano-flor\/","title":{"rendered":"Or\u00e9gano Flor,500g"},"content":{"rendered":"<p data-start=\"274\" data-end=\"491\">El or\u00e9gano de Green Lebanon es una hierba arom\u00e1tica imprescindible en la cocina libanesa, mediterr\u00e1nea y de todo el mundo, reconocida por su sabor intenso, ligeramente picante y su aroma fresco y herbal.Perfecto para ensaladas, carnes, pescados, pizzas, salsas, guisos y marinados, el or\u00e9gano realza el sabor natural de los alimentos y aporta un toque aut\u00e9ntico y fragante a cualquier receta.Adem\u00e1s de su inconfundible sabor, el or\u00e9gano es conocido por sus propiedades antioxidantes, digestivas y antibacterianas, ayudando a fortalecer el sistema inmunitario y favoreciendo una digesti\u00f3n saludable.Una hierba natural, vers\u00e1til y saludable, esencial tanto en la cocina libanesa tradicional como en la gastronom\u00eda internacional, que convierte cada plato en una experiencia llena de aroma y sabor<\/p>","protected":false},"excerpt":{"rendered":"<p>El or\u00e9gano de Green Lebanon es una hierba arom\u00e1tica imprescindible en la cocina libanesa, mediterr\u00e1nea y de todo el mundo, reconocida por su sabor intenso, ligeramente picante y su aroma fresco y herbal.Perfecto para ensaladas, carnes, pescados, pizzas, salsas, guisos y marinados, el or\u00e9gano realza el sabor natural de los alimentos y aporta un toque aut\u00e9ntico y fragante a cualquier receta.Adem\u00e1s de su inconfundible sabor, el or\u00e9gano es conocido por sus propiedades antioxidantes, digestivas y antibacterianas, ayudando a fortalecer el sistema inmunitario y favoreciendo una digesti\u00f3n saludable.Una hierba natural, vers\u00e1til y saludable, esencial tanto en la cocina libanesa tradicional como en la gastronom\u00eda internacional, que convierte cada plato en una experiencia llena de aroma y sabor<\/p>","protected":false},"featured_media":697,"comment_status":"open","ping_status":"closed","template":"","meta":{"_et_pb_use_builder":"","_et_pb_old_content":"","_et_gb_content_width":""},"product_brand":[106],"product_cat":[30],"product_tag":[151],"class_list":{"0":"post-450","1":"product","2":"type-product","3":"status-publish","4":"has-post-thumbnail","6":"product_brand-green-lebanon","7":"product_cat-especias-y-hierbas","8":"product_tag-oregano","9":"product_shipping_class-envios","11":"first","12":"instock","13":"shipping-taxable","14":"purchasable","15":"product-type-simple"},"_links":{"self":[{"href":"https:\/\/greenlebanon.store\/en\/wp-json\/wp\/v2\/product\/450","targetHints":{"allow":["GET"]}}],"collection":[{"href":"https:\/\/greenlebanon.store\/en\/wp-json\/wp\/v2\/product"}],"about":[{"href":"https:\/\/greenlebanon.store\/en\/wp-json\/wp\/v2\/types\/product"}],"replies":[{"embeddable":true,"href":"https:\/\/greenlebanon.store\/en\/wp-json\/wp\/v2\/comments?post=450"}],"wp:featuredmedia":[{"embeddable":true,"href":"https:\/\/greenlebanon.store\/en\/wp-json\/wp\/v2\/media\/697"}],"wp:attachment":[{"href":"https:\/\/greenlebanon.store\/en\/wp-json\/wp\/v2\/media?parent=450"}],"wp:term":[{"taxonomy":"product_brand","embeddable":true,"href":"https:\/\/greenlebanon.store\/en\/wp-json\/wp\/v2\/product_brand?post=450"},{"taxonomy":"product_cat","embeddable":true,"href":"https:\/\/greenlebanon.store\/en\/wp-json\/wp\/v2\/product_cat?post=450"},{"taxonomy":"product_tag","embeddable":true,"href":"https:\/\/greenlebanon.store\/en\/wp-json\/wp\/v2\/product_tag?post=450"}],"curies":[{"name":"wp","href":"https:\/\/api.w.org\/{rel}","templated":true}]}}