{"id":454,"date":"2025-05-07T18:33:30","date_gmt":"2025-05-07T18:33:30","guid":{"rendered":"https:\/\/greenlebanon.store\/product\/pasta-de-datiles\/"},"modified":"2025-09-16T17:25:54","modified_gmt":"2025-09-16T17:25:54","slug":"pasta-de-datiles","status":"publish","type":"product","link":"https:\/\/greenlebanon.store\/en\/product\/pasta-de-datiles\/","title":{"rendered":"Pasta De D\u00e1tiles,900g"},"content":{"rendered":"<p>La pasta de d\u00e1tiles es un endulzante 100% natural, nutritivo y f\u00e1cil de usar, perfecto para dar dulzor y energ\u00eda a tus recetas.Suave y cremosa, es ideal para postres, batidos, galletas, panes o yogures, ofreciendo una alternativa saludable al az\u00facar refinado. Aporta fibra, minerales y un sabor naturalmente delicioso en cada preparaci\u00f3n.<\/p>","protected":false},"excerpt":{"rendered":"<p>La pasta de d\u00e1tiles es un endulzante 100% natural, nutritivo y f\u00e1cil de usar, perfecto para dar dulzor y energ\u00eda a tus recetas.Suave y cremosa, es ideal para postres, batidos, galletas, panes o yogures, ofreciendo una alternativa saludable al az\u00facar refinado. Aporta fibra, minerales y un sabor naturalmente delicioso en cada preparaci\u00f3n.<\/p>","protected":false},"featured_media":671,"comment_status":"open","ping_status":"closed","template":"","meta":{"_et_pb_use_builder":"","_et_pb_old_content":"","_et_gb_content_width":""},"product_brand":[58],"product_cat":[37],"product_tag":[59],"class_list":{"0":"post-454","1":"product","2":"type-product","3":"status-publish","4":"has-post-thumbnail","6":"product_brand-al-jazeera","7":"product_cat-dulces","8":"product_tag-dates-paste","9":"product_shipping_class-envios","11":"first","12":"instock","13":"shipping-taxable","14":"purchasable","15":"product-type-simple"},"_links":{"self":[{"href":"https:\/\/greenlebanon.store\/en\/wp-json\/wp\/v2\/product\/454","targetHints":{"allow":["GET"]}}],"collection":[{"href":"https:\/\/greenlebanon.store\/en\/wp-json\/wp\/v2\/product"}],"about":[{"href":"https:\/\/greenlebanon.store\/en\/wp-json\/wp\/v2\/types\/product"}],"replies":[{"embeddable":true,"href":"https:\/\/greenlebanon.store\/en\/wp-json\/wp\/v2\/comments?post=454"}],"wp:featuredmedia":[{"embeddable":true,"href":"https:\/\/greenlebanon.store\/en\/wp-json\/wp\/v2\/media\/671"}],"wp:attachment":[{"href":"https:\/\/greenlebanon.store\/en\/wp-json\/wp\/v2\/media?parent=454"}],"wp:term":[{"taxonomy":"product_brand","embeddable":true,"href":"https:\/\/greenlebanon.store\/en\/wp-json\/wp\/v2\/product_brand?post=454"},{"taxonomy":"product_cat","embeddable":true,"href":"https:\/\/greenlebanon.store\/en\/wp-json\/wp\/v2\/product_cat?post=454"},{"taxonomy":"product_tag","embeddable":true,"href":"https:\/\/greenlebanon.store\/en\/wp-json\/wp\/v2\/product_tag?post=454"}],"curies":[{"name":"wp","href":"https:\/\/api.w.org\/{rel}","templated":true}]}}