{"id":456,"date":"2025-05-07T18:33:30","date_gmt":"2025-05-07T18:33:30","guid":{"rendered":"https:\/\/greenlebanon.store\/product\/pasta-filo-fresca\/"},"modified":"2025-12-01T15:50:24","modified_gmt":"2025-12-01T15:50:24","slug":"pasta-filo-fresca","status":"publish","type":"product","link":"https:\/\/greenlebanon.store\/en\/product\/pasta-filo-fresca\/","title":{"rendered":"Pasta Filo Fresca,1kg"},"content":{"rendered":"<p data-start=\"145\" data-end=\"481\">Descubre un ingrediente esencial de la cocina mediterr\u00e1nea y oriental, apreciado por su fin\u00edsima textura y extraordinaria versatilidad. Esta masa filo refrigerada destaca por su capacidad para crear capas delicadas, ligeras y extremadamente crujientes tras el horneado, aportando un acabado elegante y profesional a cada receta.Es la elecci\u00f3n perfecta para preparar baklava tradicional, pero sus aplicaciones van mucho m\u00e1s all\u00e1. Se utiliza ampliamente en postres rellenos de frutos secos, quesos o cremas, as\u00ed como en recetas saladas como empanadas, rollitos, quiches, tartas, strudels, samosas y pasteles al horno. Tambi\u00e9n es ideal para envolver rellenos y crear presentaciones sofisticadas con una textura fina y dorada.Gracias a su calidad constante y f\u00e1cil manipulaci\u00f3n, permite trabajar tanto en cocina dom\u00e9stica como profesional, garantizando siempre resultados homog\u00e9neos, ligeros y crujientes. Un producto imprescindible para quienes buscan creatividad, precisi\u00f3n y sabor en sus elaboraciones culinarias.<\/p>","protected":false},"excerpt":{"rendered":"<p>Descubre un ingrediente esencial de la cocina mediterr\u00e1nea y oriental, apreciado por su fin\u00edsima textura y extraordinaria versatilidad. Esta masa filo refrigerada destaca por su capacidad para crear capas delicadas, ligeras y extremadamente crujientes tras el horneado, aportando un acabado elegante y profesional a cada receta.Es la elecci\u00f3n perfecta para preparar baklava tradicional, pero sus aplicaciones van mucho m\u00e1s all\u00e1. Se utiliza ampliamente en postres rellenos de frutos secos, quesos o cremas, as\u00ed como en recetas saladas como empanadas, rollitos, quiches, tartas, strudels, samosas y pasteles al horno. Tambi\u00e9n es ideal para envolver rellenos y crear presentaciones sofisticadas con una textura fina y dorada.Gracias a su calidad constante y f\u00e1cil manipulaci\u00f3n, permite trabajar tanto en cocina dom\u00e9stica como profesional, garantizando siempre resultados homog\u00e9neos, ligeros y crujientes. Un producto imprescindible para quienes buscan creatividad, precisi\u00f3n y sabor en sus elaboraciones culinarias.<\/p>","protected":false},"featured_media":707,"comment_status":"open","ping_status":"closed","template":"","meta":{"_et_pb_use_builder":"","_et_pb_old_content":"","_et_gb_content_width":""},"product_brand":[159],"product_cat":[162],"product_tag":[160],"class_list":{"0":"post-456","1":"product","2":"type-product","3":"status-publish","4":"has-post-thumbnail","6":"product_brand-xrysostaxy","7":"product_cat-refregirado-y-congelados","8":"product_tag-pasta-filo","9":"product_shipping_class-producto-refrigerado","11":"first","12":"instock","13":"shipping-taxable","14":"purchasable","15":"product-type-simple"},"_links":{"self":[{"href":"https:\/\/greenlebanon.store\/en\/wp-json\/wp\/v2\/product\/456","targetHints":{"allow":["GET"]}}],"collection":[{"href":"https:\/\/greenlebanon.store\/en\/wp-json\/wp\/v2\/product"}],"about":[{"href":"https:\/\/greenlebanon.store\/en\/wp-json\/wp\/v2\/types\/product"}],"replies":[{"embeddable":true,"href":"https:\/\/greenlebanon.store\/en\/wp-json\/wp\/v2\/comments?post=456"}],"wp:featuredmedia":[{"embeddable":true,"href":"https:\/\/greenlebanon.store\/en\/wp-json\/wp\/v2\/media\/707"}],"wp:attachment":[{"href":"https:\/\/greenlebanon.store\/en\/wp-json\/wp\/v2\/media?parent=456"}],"wp:term":[{"taxonomy":"product_brand","embeddable":true,"href":"https:\/\/greenlebanon.store\/en\/wp-json\/wp\/v2\/product_brand?post=456"},{"taxonomy":"product_cat","embeddable":true,"href":"https:\/\/greenlebanon.store\/en\/wp-json\/wp\/v2\/product_cat?post=456"},{"taxonomy":"product_tag","embeddable":true,"href":"https:\/\/greenlebanon.store\/en\/wp-json\/wp\/v2\/product_tag?post=456"}],"curies":[{"name":"wp","href":"https:\/\/api.w.org\/{rel}","templated":true}]}}