{"id":457,"date":"2025-05-07T18:33:30","date_gmt":"2025-05-07T18:33:30","guid":{"rendered":"https:\/\/greenlebanon.store\/product\/pasta-kataifi\/"},"modified":"2025-12-10T16:59:57","modified_gmt":"2025-12-10T16:59:57","slug":"pasta-kataifi","status":"publish","type":"product","link":"https:\/\/greenlebanon.store\/en\/product\/pasta-kataifi\/","title":{"rendered":"Pasta Kataifi,5kg"},"content":{"rendered":"<p data-start=\"120\" data-end=\"412\">La pasta kataifi (kadaif\/kadayif) es una masa tradicional de Oriente Medio y Grecia, elaborada a partir de fin\u00edsimos hilos de harina, agua y sal. Es especialmente conocida por su uso en la preparaci\u00f3n de Kunafa, donde aporta una textura crujiente y delicada inconfundible.Tambi\u00e9n se utiliza en otros postres y platos salados, formando nidos o envolviendo rellenos que se hornean o fr\u00eden, logrando resultados ligeros, dorados y llenos de sabor.<\/p>","protected":false},"excerpt":{"rendered":"<p>La pasta kataifi (kadaif\/kadayif) es una masa tradicional de Oriente Medio y Grecia, elaborada a partir de fin\u00edsimos hilos de harina, agua y sal. Es especialmente conocida por su uso en la preparaci\u00f3n de Kunafa, donde aporta una textura crujiente y delicada inconfundible.Tambi\u00e9n se utiliza en otros postres y platos salados, formando nidos o envolviendo rellenos que se hornean o fr\u00eden, logrando resultados ligeros, dorados y llenos de sabor.<\/p>","protected":false},"featured_media":708,"comment_status":"open","ping_status":"closed","template":"","meta":{"_et_pb_use_builder":"","_et_pb_old_content":"","_et_gb_content_width":""},"product_brand":[167],"product_cat":[162],"product_tag":[168],"class_list":{"0":"post-457","1":"product","2":"type-product","3":"status-publish","4":"has-post-thumbnail","6":"product_brand-hatzakou","7":"product_cat-refregirado-y-congelados","8":"product_tag-pasta-kataifi","9":"product_shipping_class-producto-refrigerado","11":"first","12":"instock","13":"shipping-taxable","14":"purchasable","15":"product-type-simple"},"_links":{"self":[{"href":"https:\/\/greenlebanon.store\/en\/wp-json\/wp\/v2\/product\/457","targetHints":{"allow":["GET"]}}],"collection":[{"href":"https:\/\/greenlebanon.store\/en\/wp-json\/wp\/v2\/product"}],"about":[{"href":"https:\/\/greenlebanon.store\/en\/wp-json\/wp\/v2\/types\/product"}],"replies":[{"embeddable":true,"href":"https:\/\/greenlebanon.store\/en\/wp-json\/wp\/v2\/comments?post=457"}],"wp:featuredmedia":[{"embeddable":true,"href":"https:\/\/greenlebanon.store\/en\/wp-json\/wp\/v2\/media\/708"}],"wp:attachment":[{"href":"https:\/\/greenlebanon.store\/en\/wp-json\/wp\/v2\/media?parent=457"}],"wp:term":[{"taxonomy":"product_brand","embeddable":true,"href":"https:\/\/greenlebanon.store\/en\/wp-json\/wp\/v2\/product_brand?post=457"},{"taxonomy":"product_cat","embeddable":true,"href":"https:\/\/greenlebanon.store\/en\/wp-json\/wp\/v2\/product_cat?post=457"},{"taxonomy":"product_tag","embeddable":true,"href":"https:\/\/greenlebanon.store\/en\/wp-json\/wp\/v2\/product_tag?post=457"}],"curies":[{"name":"wp","href":"https:\/\/api.w.org\/{rel}","templated":true}]}}