{"id":459,"date":"2025-05-07T18:33:30","date_gmt":"2025-05-07T18:33:30","guid":{"rendered":"https:\/\/greenlebanon.store\/product\/pimenton-dulce-oro-rojo\/"},"modified":"2025-11-13T19:39:38","modified_gmt":"2025-11-13T19:39:38","slug":"pimenton-dulce-oro-rojo","status":"publish","type":"product","link":"https:\/\/greenlebanon.store\/en\/product\/pimenton-dulce-oro-rojo\/","title":{"rendered":"Piment\u00f3n Dulce Oro Rojo,700g"},"content":{"rendered":"<p data-start=\"330\" data-end=\"552\">El pimiento dulce rojo de Green Lebanon es una especia de aroma suave y color vibrante, muy apreciada en la cocina libanesa, mediterr\u00e1nea y de todo el mundo por su sabor dulce, ahumado y ligeramente afrutado.Ideal para guisos, carnes, arroces, legumbres, verduras, salsas y marinados, aporta color, aroma y un toque c\u00e1lido que realza el sabor de cualquier receta sin a\u00f1adir picante.Adem\u00e1s de su exquisito sabor, el pimiento dulce rojo es rico en vitaminas A, E y antioxidantes naturales, contribuyendo a fortalecer el sistema inmunitario y a una alimentaci\u00f3n equilibrada y saludable.Una especia vers\u00e1til, deliciosa y saludable, imprescindible en toda cocina que busque unir tradici\u00f3n, color y sabor mediterr\u00e1neo aut\u00e9ntico.<\/p>","protected":false},"excerpt":{"rendered":"<p>El pimiento dulce rojo de Green Lebanon es una especia de aroma suave y color vibrante, muy apreciada en la cocina libanesa, mediterr\u00e1nea y de todo el mundo por su sabor dulce, ahumado y ligeramente afrutado.Ideal para guisos, carnes, arroces, legumbres, verduras, salsas y marinados, aporta color, aroma y un toque c\u00e1lido que realza el sabor de cualquier receta sin a\u00f1adir picante.Adem\u00e1s de su exquisito sabor, el pimiento dulce rojo es rico en vitaminas A, E y antioxidantes naturales, contribuyendo a fortalecer el sistema inmunitario y a una alimentaci\u00f3n equilibrada y saludable.Una especia vers\u00e1til, deliciosa y saludable, imprescindible en toda cocina que busque unir tradici\u00f3n, color y sabor mediterr\u00e1neo aut\u00e9ntico.<\/p>","protected":false},"featured_media":698,"comment_status":"open","ping_status":"closed","template":"","meta":{"_et_pb_use_builder":"","_et_pb_old_content":"","_et_gb_content_width":""},"product_brand":[106],"product_cat":[30],"product_tag":[152],"class_list":{"0":"post-459","1":"product","2":"type-product","3":"status-publish","4":"has-post-thumbnail","6":"product_brand-green-lebanon","7":"product_cat-especias-y-hierbas","8":"product_tag-pimiento-dulce","9":"product_shipping_class-envios","11":"first","12":"instock","13":"shipping-taxable","14":"purchasable","15":"product-type-simple"},"_links":{"self":[{"href":"https:\/\/greenlebanon.store\/en\/wp-json\/wp\/v2\/product\/459","targetHints":{"allow":["GET"]}}],"collection":[{"href":"https:\/\/greenlebanon.store\/en\/wp-json\/wp\/v2\/product"}],"about":[{"href":"https:\/\/greenlebanon.store\/en\/wp-json\/wp\/v2\/types\/product"}],"replies":[{"embeddable":true,"href":"https:\/\/greenlebanon.store\/en\/wp-json\/wp\/v2\/comments?post=459"}],"wp:featuredmedia":[{"embeddable":true,"href":"https:\/\/greenlebanon.store\/en\/wp-json\/wp\/v2\/media\/698"}],"wp:attachment":[{"href":"https:\/\/greenlebanon.store\/en\/wp-json\/wp\/v2\/media?parent=459"}],"wp:term":[{"taxonomy":"product_brand","embeddable":true,"href":"https:\/\/greenlebanon.store\/en\/wp-json\/wp\/v2\/product_brand?post=459"},{"taxonomy":"product_cat","embeddable":true,"href":"https:\/\/greenlebanon.store\/en\/wp-json\/wp\/v2\/product_cat?post=459"},{"taxonomy":"product_tag","embeddable":true,"href":"https:\/\/greenlebanon.store\/en\/wp-json\/wp\/v2\/product_tag?post=459"}],"curies":[{"name":"wp","href":"https:\/\/api.w.org\/{rel}","templated":true}]}}